{"id":1268,"date":"2015-11-14T07:47:10","date_gmt":"2015-11-14T06:47:10","guid":{"rendered":"http:\/\/enia-oil.com\/?page_id=1268"},"modified":"2025-04-07T16:30:22","modified_gmt":"2025-04-07T15:30:22","slug":"32-achilleaol","status":"publish","type":"page","link":"https:\/\/juvin.de\/?page_id=1268","title":{"rendered":"32 Achillea\u00f6l"},"content":{"rendered":"<p><img loading=\"lazy\" decoding=\"async\" class=\"aligncenter wp-image-3022 size-medium\" src=\"https:\/\/juvin.de\/wp-content\/uploads\/2016\/10\/32-178x300.jpg\" alt=\"\" width=\"178\" height=\"300\" srcset=\"https:\/\/juvin.de\/wp-content\/uploads\/2016\/10\/32-178x300.jpg 178w, https:\/\/juvin.de\/wp-content\/uploads\/2016\/10\/32-609x1024.jpg 609w, https:\/\/juvin.de\/wp-content\/uploads\/2016\/10\/32-768x1291.jpg 768w, https:\/\/juvin.de\/wp-content\/uploads\/2016\/10\/32-914x1536.jpg 914w, https:\/\/juvin.de\/wp-content\/uploads\/2016\/10\/32-600x1009.jpg 600w, https:\/\/juvin.de\/wp-content\/uploads\/2016\/10\/32.jpg 1196w\" sizes=\"auto, (max-width: 178px) 100vw, 178px\" \/><\/p>\n<p style=\"text-align: center;\"><span style=\"color: #800000;\"><strong>JUVIN<\/strong><\/span> <span style=\"color: #000000;\">Achillea\u00f6l ist sortenrein und frei von Zus\u00e4tzen.<\/span><\/p>\n<p><span style=\"color: #000000;\"><strong>Herstellung :<\/strong><\/span><\/p>\n<p><strong><span style=\"color: #800000;\">JUVIN<\/span><\/strong>\u00a0<span style=\"color: #000000;\">Achillea\u00f6l wird\u00a0aus den Samen der\u00a0Achillea Abrotanoides gepresst. <\/span><span style=\"color: #000000;\">Die Samen\u00a0werden\u00a0traditionell geerntet,\u00a0gereinigt und kaltge\u00adpresst bei unter 27\u00b0C.<\/span><\/p>\n<p><span style=\"color: #000000;\">Die traditionelle Herstellung\u00a0erfolgt unter Beachtung \u00f6kologisch-nachhaltiger Aspekte.<\/span><\/p>\n<p><span style=\"color: #000000;\"><strong>Produktinformationen :<\/strong><\/span><\/p>\n<p><span style=\"color: #000000;\">Herkunft : Nicht-EU \/ Zutaten :\u00a0Achilleasamen (unbehandelt)<\/span><\/p>\n<p><strong><span style=\"color: #000000;\">Kann Spuren von Schalenfr\u00fcchten &amp; Getreide enthalten.<\/span><\/strong><\/p>\n<p style=\"text-align: left;\"><span style=\"color: #000000;\"><b>N\u00e4hrwert \/ je 100 g<br \/>\n<\/b><\/span><\/p>\n<p style=\"text-align: left;\"><span style=\"color: #000000;\">Brennwert : 3.693 kJ \/ 882 kcal<\/span><\/p>\n<p style=\"text-align: left;\"><span style=\"color: #000000;\">Eiwei\u00df, Kohlenhydrate, Zucker, Ballaststoffe, Natrium\u00a0: 0 g<\/span><\/p>\n<p style=\"text-align: left;\"><span style=\"color: #000000;\">Fett : 100 g, davon<\/span><\/p>\n<p style=\"text-align: left;\"><span style=\"color: #000000;\">ges\u00e4ttigte Fetts\u00e4uren : 13 g<\/span><\/p>\n<p style=\"text-align: left;\"><span style=\"color: #000000;\">einfach unges\u00e4ttigte Fetts\u00e4uren : 24 g<\/span><\/p>\n<p style=\"text-align: left;\"><span style=\"color: #000000;\">mehrfach unges\u00e4ttigte Fetts\u00e4uren : 63 g<\/span><\/p>\n<p><span style=\"color: #000000;\"><strong>Verpackung :<\/strong><\/span><\/p>\n<p><span style=\"color: #800000;\"><strong>JUVIN<\/strong><\/span> <span style=\"color: #000000;\">Achillea\u00f6l wird in einer 100 ml fassenden Metallflasche (Wei\u00dfblech) verkauft. Der Ausgie\u00dfer ist aus Kunststoff. Vor Gebrauch muss die Versiegelung entfernt werden.<\/span><\/p>\n<p><span style=\"color: #000000;\"><strong>Anwendung :<\/strong><\/span><\/p>\n<p><span style=\"color: #ff0000;\"><strong>&#8212;<\/strong><\/span><\/p>\n<p><span style=\"color: #000000;\"><strong>Bestellhinweis :<\/strong><\/span><\/p>\n<p><span style=\"color: #000000;\">Dieses Produkt findest Du<\/span> <strong><a href=\"http:\/\/juvin.de\/?product=32-achilleaol\" target=\"_blank\" rel=\"noopener noreferrer\">HIER<\/a><\/strong><\/p>\n","protected":false},"excerpt":{"rendered":"<p>JUVIN Achillea\u00f6l ist sortenrein und frei von Zus\u00e4tzen. Herstellung : JUVIN\u00a0Achillea\u00f6l wird\u00a0aus den Samen der\u00a0Achillea Abrotanoides gepresst. Die Samen\u00a0werden\u00a0traditionell geerntet,\u00a0gereinigt und kaltge\u00adpresst bei unter 27\u00b0C. Die traditionelle Herstellung\u00a0erfolgt unter Beachtung \u00f6kologisch-nachhaltiger Aspekte. Produktinformationen : Herkunft : Nicht-EU \/ Zutaten :\u00a0Achilleasamen (unbehandelt) Kann Spuren von Schalenfr\u00fcchten &amp; Getreide enthalten. N\u00e4hrwert \/ je 100 g Brennwert :&hellip; <\/p>\n","protected":false},"author":2,"featured_media":0,"parent":127,"menu_order":33,"comment_status":"closed","ping_status":"closed","template":"","meta":{"footnotes":""},"class_list":["post-1268","page","type-page","status-publish","hentry"],"_links":{"self":[{"href":"https:\/\/juvin.de\/index.php?rest_route=\/wp\/v2\/pages\/1268","targetHints":{"allow":["GET"]}}],"collection":[{"href":"https:\/\/juvin.de\/index.php?rest_route=\/wp\/v2\/pages"}],"about":[{"href":"https:\/\/juvin.de\/index.php?rest_route=\/wp\/v2\/types\/page"}],"author":[{"embeddable":true,"href":"https:\/\/juvin.de\/index.php?rest_route=\/wp\/v2\/users\/2"}],"replies":[{"embeddable":true,"href":"https:\/\/juvin.de\/index.php?rest_route=%2Fwp%2Fv2%2Fcomments&post=1268"}],"version-history":[{"count":10,"href":"https:\/\/juvin.de\/index.php?rest_route=\/wp\/v2\/pages\/1268\/revisions"}],"predecessor-version":[{"id":3088,"href":"https:\/\/juvin.de\/index.php?rest_route=\/wp\/v2\/pages\/1268\/revisions\/3088"}],"up":[{"embeddable":true,"href":"https:\/\/juvin.de\/index.php?rest_route=\/wp\/v2\/pages\/127"}],"wp:attachment":[{"href":"https:\/\/juvin.de\/index.php?rest_route=%2Fwp%2Fv2%2Fmedia&parent=1268"}],"curies":[{"name":"wp","href":"https:\/\/api.w.org\/{rel}","templated":true}]}}