{"id":127,"date":"2014-03-18T22:40:46","date_gmt":"2014-03-18T21:40:46","guid":{"rendered":"http:\/\/enia-oil.com\/?page_id=127"},"modified":"2025-12-29T12:33:24","modified_gmt":"2025-12-29T11:33:24","slug":"juvin-oils","status":"publish","type":"page","link":"https:\/\/juvin.de\/","title":{"rendered":"JUVIN"},"content":{"rendered":"<p>Herzlich willkommen in der gro\u00dfartigen Welt von <span style=\"color: #800000;\"><strong>JUVIN<\/strong><\/span><\/p>\n<p>Seit <strong>2014<\/strong> bieten wir Euch eine gro\u00dfe Auswahl an sortenreinen \u00d6len.<\/p>\n<p>Ein unverf\u00e4lschtes Erlebnis f\u00fcr den anspruchsvollen Gaumen, denn der nat\u00fcrliche und unverf\u00e4lschte Geschmack zeichnet <span style=\"color: #800000;\"><strong>JUVIN<\/strong> <\/span>aus &#8211; denn <span style=\"color: #800000;\"><strong data-rich-text-format-boundary=\"true\">JUVIN <\/strong><\/span>\u00d6le sind nicht aromatisiert !<\/p>\n<p>Dank schonender Kaltpressung und des anschlie\u00dfenden Dekantierens befinden sich in unseren \u00d6len diverse Fettbegleigstoffe wie bspw. Vitamine, S\u00e4uren uvm.<\/p>\n<p>\u00dcberzeuge Dich selbst und besuche jetzt unseren <a href=\"https:\/\/juvin.de\/?product_cat=juvin-oils\" target=\"_blank\" rel=\"noreferrer noopener\"><strong>SHOP<\/strong><\/a><\/p>\n<p><span style=\"color: #800000;\"><strong>JUVIN<\/strong><\/span> \u00d6le sind :<\/p>\n<ul>\n<li>&#8222;EXTRA VIRGIN&#8220;<\/li>\n<li>vegan, vegetarisch<\/li>\n<li>kaltgepresst bei ca. 27\u00b0C<\/li>\n<li>naturbelassen &amp; frei von Zus\u00e4tzen<\/li>\n<li>nicht aromatisiert oder gestreckt<\/li>\n<li>traditionell und nachhaltig hergestellt<\/li>\n<\/ul>\n<p><span style=\"color: #800000;\"><strong>JUVIN<\/strong> <\/span>Sortiment :<\/p>\n<ul>\n<li>00 &#8211; <span style=\"color: #800000;\"><strong>JUVIN<\/strong><\/span> <a href=\"http:\/\/juvin.de\/?page_id=22\" target=\"_blank\" rel=\"noopener noreferrer\">Oliven\u00f6l<\/a><\/li>\n<li>01 &#8211; <span style=\"color: #800000;\"><strong>JUVIN<\/strong><\/span> <a href=\"http:\/\/juvin.de\/?page_id=701\" target=\"_blank\" rel=\"noopener noreferrer\">Eukalyptus\u00f6l<\/a><\/li>\n<li>02 &#8211; <strong><span style=\"color: #800000;\">JUVIN<\/span><\/strong> <a href=\"http:\/\/juvin.de\/?page_id=726\" target=\"_blank\" rel=\"noopener noreferrer\">Kaffee\u00f6l<\/a><\/li>\n<li>03 &#8211; <strong><span style=\"color: #800000;\">JUVIN<\/span><\/strong> <a href=\"http:\/\/juvin.de\/?page_id=452\" target=\"_blank\" rel=\"noopener noreferrer\">S\u00fc\u00dfmandel\u00f6l<\/a><\/li>\n<li>04 &#8211; <strong><span style=\"color: #800000;\">JUVIN<\/span><\/strong> <a href=\"http:\/\/juvin.de\/?page_id=695\" target=\"_blank\" rel=\"noopener noreferrer\">Bittermandel\u00f6l<\/a><\/li>\n<li>05 &#8211; <strong><span style=\"color: #800000;\">JUVIN<\/span><\/strong> <a href=\"http:\/\/juvin.de\/?page_id=404\" target=\"_blank\" rel=\"noopener noreferrer\">Baumwollsamen\u00f6l<\/a><\/li>\n<li>06 &#8211; <strong><span style=\"color: #800000;\">JUVIN<\/span><\/strong> <a href=\"http:\/\/juvin.de\/?page_id=353\" target=\"_blank\" rel=\"noopener noreferrer\">Steppenrauten\u00f6l<\/a><\/li>\n<li>07 &#8211; <strong><span style=\"color: #800000;\">JUVIN<\/span><\/strong> <a href=\"http:\/\/juvin.de\/?page_id=389\" target=\"_blank\" rel=\"noopener noreferrer\">Mohn\u00f6l<\/a><\/li>\n<li>08 &#8211; <strong><span style=\"color: #800000;\">JUVIN<\/span><\/strong> <a href=\"http:\/\/juvin.de\/?page_id=412\" target=\"_blank\" rel=\"noopener noreferrer\">Cannabis\u00f6l<\/a><\/li>\n<li>09 &#8211; <strong><span style=\"color: #800000;\">JUVIN<\/span><\/strong> <a href=\"http:\/\/juvin.de\/?page_id=421\" target=\"_blank\" rel=\"noopener noreferrer\">K\u00fcmmel\u00f6l<\/a><\/li>\n<li>10 &#8211; <strong><span style=\"color: #800000;\">JUVIN<\/span><\/strong><a href=\"http:\/\/juvin.de\/?page_id=427\" target=\"_blank\" rel=\"noopener noreferrer\"> Schwarzk\u00fcmmel\u00f6l<\/a><\/li>\n<li>11 &#8211; <strong><span style=\"color: #800000;\">JUVIN<\/span><\/strong> <a href=\"http:\/\/juvin.de\/?page_id=709\" target=\"_blank\" rel=\"noopener noreferrer\">Erdnuss\u00f6l<\/a><\/li>\n<li>12 &#8211; <strong><span style=\"color: #800000;\">JUVIN<\/span><\/strong> <a href=\"http:\/\/juvin.de\/?page_id=438\" target=\"_blank\" rel=\"noopener noreferrer\">Haselnuss\u00f6l<\/a><\/li>\n<li>13 &#8211; <strong><span style=\"color: #800000;\">JUVIN<\/span><\/strong> <a href=\"http:\/\/juvin.de\/?page_id=433\" target=\"_blank\" rel=\"noopener noreferrer\">Walnuss\u00f6l<\/a><\/li>\n<li>14 &#8211; <strong><span style=\"color: #800000;\">JUVIN<\/span><\/strong> <a href=\"http:\/\/juvin.de\/?page_id=186\" target=\"_blank\" rel=\"noopener noreferrer\">Pistazien\u00f6l<\/a><\/li>\n<li>15 &#8211; <strong><span style=\"color: #800000;\">JUVIN<\/span><\/strong> <a href=\"http:\/\/juvin.de\/?page_id=707\" target=\"_blank\" rel=\"noopener noreferrer\">Nelken\u00f6l<\/a><\/li>\n<li>16 &#8211; <strong><span style=\"color: #800000;\">JUVIN<\/span><\/strong> <a href=\"http:\/\/juvin.de\/?page_id=703\" target=\"_blank\" rel=\"noopener noreferrer\">Fenchel\u00f6l<\/a><\/li>\n<li>17 &#8211; <strong><span style=\"color: #800000;\">JUVIN<\/span><\/strong> <a href=\"http:\/\/juvin.de\/?page_id=705\" target=\"_blank\" rel=\"noopener noreferrer\">Koriander\u00f6l<\/a><\/li>\n<li>18 &#8211; <strong><span style=\"color: #800000;\">JUVIN<\/span><\/strong> <a href=\"http:\/\/juvin.de\/?page_id=711\" target=\"_blank\" rel=\"noopener noreferrer\">Thymian\u00f6l<\/a><\/li>\n<li>19 &#8211;<strong><span style=\"color: #800000;\"> JUVIN<\/span><\/strong> <a href=\"http:\/\/juvin.de\/?page_id=713\">Kamillen\u00f6l<\/a><\/li>\n<li>20 &#8211; <strong><span style=\"color: #800000;\">JUVIN<\/span><\/strong> <a href=\"http:\/\/juvin.de\/?page_id=716\" target=\"_blank\" rel=\"noopener noreferrer\">Hibiskus\u00f6l<\/a><\/li>\n<li>21 &#8211;<strong><span style=\"color: #800000;\"> JUVIN<\/span><\/strong> <a href=\"http:\/\/juvin.de\/?page_id=720\" target=\"_blank\" rel=\"noopener noreferrer\">Basilikum\u00f6l<\/a><\/li>\n<li>22 &#8211; <strong><span style=\"color: #800000;\">JUVIN<\/span><\/strong> <a href=\"http:\/\/juvin.de\/?page_id=722\" target=\"_blank\" rel=\"noopener noreferrer\">Bockshornklee\u00f6l<\/a><\/li>\n<li>23 &#8211; <strong><span style=\"color: #800000;\">JUVIN<\/span><\/strong> <a href=\"http:\/\/juvin.de\/?page_id=724\" target=\"_blank\" rel=\"noopener noreferrer\">Borretsch\u00f6l<\/a><\/li>\n<li>24 &#8211; <strong><span style=\"color: #800000;\">JUVIN<\/span><\/strong> <a href=\"http:\/\/juvin.de\/?page_id=718\" target=\"_blank\" rel=\"noopener noreferrer\">Zimt\u00f6l<\/a><\/li>\n<li>25 &#8211; <strong><span style=\"color: #800000;\">JUVIN<\/span><\/strong> <a href=\"http:\/\/juvin.de\/?page_id=1099\" target=\"_blank\" rel=\"noopener noreferrer\">Paprikasamen\u00f6l<\/a> mild<\/li>\n<li>26 &#8211; <strong><span style=\"color: #800000;\">JUVIN<\/span><\/strong> <a href=\"http:\/\/juvin.de\/?page_id=1106\" target=\"_blank\" rel=\"noopener noreferrer\">Paprikasamen\u00f6l<\/a> scharf<\/li>\n<li>27 &#8211; <strong><span style=\"color: #800000;\">JUVIN<\/span><\/strong> <a href=\"http:\/\/juvin.de\/?page_id=1120\" target=\"_blank\" rel=\"noopener noreferrer\">Karottensamen\u00f6l<\/a><\/li>\n<li>28 &#8211; <strong><span style=\"color: #800000;\">JUVIN<\/span><\/strong> <a href=\"http:\/\/juvin.de\/?page_id=974\" target=\"_blank\" rel=\"noopener noreferrer\">K\u00fcrbiskern\u00f6l<\/a><\/li>\n<li>29 &#8211; <strong><span style=\"color: #800000;\">JUVIN<\/span><\/strong> <a href=\"http:\/\/juvin.de\/?page_id=697\" target=\"_blank\" rel=\"noopener noreferrer\">Aprikosenkern\u00f6l<\/a><\/li>\n<li>30 &#8211;<strong><span style=\"color: #800000;\"> JUVIN<\/span><\/strong> <a href=\"http:\/\/juvin.de\/?page_id=1255\" target=\"_blank\" rel=\"noopener noreferrer\">Baldrian\u00f6l<\/a><\/li>\n<li>31 &#8211; <strong><span style=\"color: #800000;\">JUVIN<\/span><\/strong> <a href=\"http:\/\/juvin.de\/?page_id=1261\" target=\"_blank\" rel=\"noopener noreferrer\">Chicor\u00e9e\u00f6l<\/a><\/li>\n<li>32 &#8211; <strong><span style=\"color: #800000;\">JUVIN<\/span><\/strong> <a href=\"http:\/\/juvin.de\/?page_id=1268\" target=\"_blank\" rel=\"noopener noreferrer\">Achillea\u00f6l<\/a><\/li>\n<li>33 &#8211;<strong><span style=\"color: #800000;\"> JUVIN<\/span><\/strong> <a href=\"http:\/\/juvin.de\/?page_id=1274\" target=\"_blank\" rel=\"noopener noreferrer\">Alfalfa\u00f6l<\/a><\/li>\n<li>34 &#8211;<strong><span style=\"color: #800000;\"> JUVIN<\/span><\/strong> <a href=\"http:\/\/juvin.de\/?page_id=1276\" target=\"_blank\" rel=\"noopener noreferrer\">Kardamom\u00f6l<\/a><\/li>\n<li>35 &#8211; <strong><span style=\"color: #800000;\">JUVIN<\/span><\/strong> <a href=\"http:\/\/juvin.de\/?page_id=1290\" target=\"_blank\" rel=\"noopener noreferrer\">Alhagi\u00f6l<\/a><\/li>\n<li>36 &#8211; <strong><span style=\"color: #800000;\">JUVIN<\/span><\/strong> <a href=\"http:\/\/juvin.de\/?page_id=1292\" target=\"_blank\" rel=\"noopener noreferrer\">Penny Royal \u00d6l<\/a><\/li>\n<li>37 &#8211; <strong><span style=\"color: #800000;\">JUVIN<\/span><\/strong> <a href=\"http:\/\/juvin.de\/?page_id=1390\" target=\"_blank\" rel=\"noopener noreferrer\">Marshmallow\u00f6l<\/a><\/li>\n<li>38 &#8211; <strong><span style=\"color: #800000;\">JUVIN<\/span><\/strong> <a href=\"http:\/\/juvin.de\/?page_id=1853\" target=\"_blank\" rel=\"noopener noreferrer\">Granatapfel\u00f6l<\/a><\/li>\n<li>39 &#8211; <strong><span style=\"color: #800000;\">JUVIN<\/span><\/strong> <a href=\"http:\/\/juvin.de\/?page_id=1859\" target=\"_blank\" rel=\"noopener noreferrer\">Traubenkern\u00f6l<\/a><\/li>\n<li>40 &#8211;<strong><span style=\"color: #800000;\"> JUVIN<\/span><\/strong> <a href=\"http:\/\/juvin.de\/?page_id=1864\" target=\"_blank\" rel=\"noopener noreferrer\">Aloe Vera \u00d6l<\/a><\/li>\n<li>41 &#8211; <strong><span style=\"color: #800000;\">JUVIN<\/span><\/strong> <a href=\"http:\/\/juvin.de\/?page_id=1871\" target=\"_blank\" rel=\"noopener noreferrer\">Pfeffer\u00f6l<\/a> rot<\/li>\n<li>42 &#8211; <strong><span style=\"color: #800000;\">JUVIN<\/span><\/strong> <a href=\"http:\/\/juvin.de\/?page_id=1878\" target=\"_blank\" rel=\"noopener noreferrer\">Pfeffer\u00f6l<\/a> schwarz<\/li>\n<li>43 &#8211;<strong><span style=\"color: #800000;\"> JUVIN<\/span><\/strong> <a href=\"http:\/\/juvin.de\/?page_id=1884\" target=\"_blank\" rel=\"noopener noreferrer\">Knoblauch\u00f6l<\/a><\/li>\n<li>44 &#8211;<strong><span style=\"color: #800000;\"> JUVIN<\/span><\/strong> <a href=\"http:\/\/juvin.de\/?page_id=1969\" target=\"_blank\" rel=\"noopener noreferrer\">Sesam\u00f6l<\/a><\/li>\n<li>45 &#8211; <strong><span style=\"color: #800000;\">JUVIN<\/span><\/strong> <a href=\"http:\/\/juvin.de\/?page_id=2013\" target=\"_blank\" rel=\"noopener noreferrer\">Bohnenkraut\u00f6l<\/a><\/li>\n<li>46 &#8211; <strong><span style=\"color: #800000;\">JUVIN<\/span><\/strong> <a href=\"http:\/\/juvin.de\/?page_id=2016\" target=\"_blank\" rel=\"noopener noreferrer\">Schafgarben\u00f6l<\/a><\/li>\n<li>47 &#8211;<strong><span style=\"color: #800000;\"> JUVIN<\/span><\/strong> <a href=\"http:\/\/juvin.de\/?page_id=2019\" target=\"_blank\" rel=\"noopener noreferrer\">Kirschkern\u00f6l<\/a><\/li>\n<li>48 &#8211;<strong><span style=\"color: #800000;\"> JUVIN<\/span><\/strong> <a href=\"http:\/\/juvin.de\/?page_id=2022\" target=\"_blank\" rel=\"noopener noreferrer\">Pfirsichkern\u00f6l<\/a><\/li>\n<li>49 &#8211;<strong><span style=\"color: #800000;\"> JUVIN<\/span><\/strong> <a href=\"http:\/\/juvin.de\/?page_id=2027\" target=\"_blank\" rel=\"noopener noreferrer\">Rizinus\u00f6l<\/a><\/li>\n<li>50 &#8211;<strong><span style=\"color: #800000;\"> JUVIN<\/span><\/strong> <a href=\"http:\/\/juvin.de\/?page_id=2030\" target=\"_blank\" rel=\"noopener noreferrer\">Zwetschgenkern\u00f6l<\/a><\/li>\n<li>51 &#8211; <strong><span style=\"color: #800000;\">JUVIN<\/span><\/strong> <a href=\"http:\/\/juvin.de\/?page_id=2032\" target=\"_blank\" rel=\"noopener noreferrer\">Mariendistel\u00f6l<\/a><\/li>\n<li>52 &#8211;<strong><span style=\"color: #800000;\"> JUVIN<\/span><\/strong> <a href=\"http:\/\/juvin.de\/?page_id=2035\" target=\"_blank\" rel=\"noopener noreferrer\">Chia\u00f6l<\/a><\/li>\n<li>53 &#8211; <strong><span style=\"color: #800000;\">JUVIN<\/span><\/strong> <a href=\"http:\/\/juvin.de\/?page_id=2039\" target=\"_blank\" rel=\"noopener noreferrer\">Erdbeerkern\u00f6l<\/a><\/li>\n<li>54 &#8211;<strong><span style=\"color: #800000;\"> JUVIN<\/span><\/strong> <a href=\"http:\/\/juvin.de\/?page_id=2042\" target=\"_blank\" rel=\"noopener noreferrer\">Himbeerkern\u00f6l<\/a><\/li>\n<\/ul>\n<p>Dein <strong><span style=\"color: #800000;\">JUVIN<\/span><\/strong> Team w\u00fcnscht Dir viel Spa\u00df beim st\u00f6bern auf unserer Seite&#8230;<\/p>\n","protected":false},"excerpt":{"rendered":"<p>Herzlich willkommen in der gro\u00dfartigen Welt von JUVIN Seit 2014 bieten wir Euch eine gro\u00dfe Auswahl an sortenreinen \u00d6len. Ein unverf\u00e4lschtes Erlebnis f\u00fcr den anspruchsvollen Gaumen, denn der nat\u00fcrliche und unverf\u00e4lschte Geschmack zeichnet JUVIN aus &#8211; denn JUVIN \u00d6le sind nicht aromatisiert ! Dank schonender Kaltpressung und des anschlie\u00dfenden Dekantierens befinden sich in unseren \u00d6len&hellip; <\/p>\n","protected":false},"author":1,"featured_media":0,"parent":0,"menu_order":0,"comment_status":"closed","ping_status":"closed","template":"","meta":{"footnotes":""},"class_list":["post-127","page","type-page","status-publish","hentry"],"_links":{"self":[{"href":"https:\/\/juvin.de\/index.php?rest_route=\/wp\/v2\/pages\/127","targetHints":{"allow":["GET"]}}],"collection":[{"href":"https:\/\/juvin.de\/index.php?rest_route=\/wp\/v2\/pages"}],"about":[{"href":"https:\/\/juvin.de\/index.php?rest_route=\/wp\/v2\/types\/page"}],"author":[{"embeddable":true,"href":"https:\/\/juvin.de\/index.php?rest_route=\/wp\/v2\/users\/1"}],"replies":[{"embeddable":true,"href":"https:\/\/juvin.de\/index.php?rest_route=%2Fwp%2Fv2%2Fcomments&post=127"}],"version-history":[{"count":163,"href":"https:\/\/juvin.de\/index.php?rest_route=\/wp\/v2\/pages\/127\/revisions"}],"predecessor-version":[{"id":3204,"href":"https:\/\/juvin.de\/index.php?rest_route=\/wp\/v2\/pages\/127\/revisions\/3204"}],"wp:attachment":[{"href":"https:\/\/juvin.de\/index.php?rest_route=%2Fwp%2Fv2%2Fmedia&parent=127"}],"curies":[{"name":"wp","href":"https:\/\/api.w.org\/{rel}","templated":true}]}}