{"id":1276,"date":"2015-11-14T09:02:32","date_gmt":"2015-11-14T08:02:32","guid":{"rendered":"http:\/\/enia-oil.com\/?page_id=1276"},"modified":"2025-04-07T16:31:48","modified_gmt":"2025-04-07T15:31:48","slug":"34-kardamomol","status":"publish","type":"page","link":"https:\/\/juvin.de\/?page_id=1276","title":{"rendered":"34 Kardamom\u00f6l"},"content":{"rendered":"<p><img loading=\"lazy\" decoding=\"async\" class=\"aligncenter wp-image-3024 size-medium\" src=\"https:\/\/juvin.de\/wp-content\/uploads\/2016\/10\/34-177x300.jpg\" alt=\"\" width=\"177\" height=\"300\" srcset=\"https:\/\/juvin.de\/wp-content\/uploads\/2016\/10\/34-177x300.jpg 177w, https:\/\/juvin.de\/wp-content\/uploads\/2016\/10\/34-604x1024.jpg 604w, https:\/\/juvin.de\/wp-content\/uploads\/2016\/10\/34-768x1302.jpg 768w, https:\/\/juvin.de\/wp-content\/uploads\/2016\/10\/34-906x1536.jpg 906w, https:\/\/juvin.de\/wp-content\/uploads\/2016\/10\/34-1208x2048.jpg 1208w, https:\/\/juvin.de\/wp-content\/uploads\/2016\/10\/34-600x1017.jpg 600w, https:\/\/juvin.de\/wp-content\/uploads\/2016\/10\/34.jpg 1242w\" sizes=\"auto, (max-width: 177px) 100vw, 177px\" \/><\/p>\n<p style=\"text-align: center;\"><span style=\"color: #800000;\"><strong>JUVIN<\/strong><\/span> <span style=\"color: #000000;\">Kardamom\u00f6l ist\u00a0sortenrein und frei von Zus\u00e4tzen.<\/span><\/p>\n<p style=\"text-align: left;\"><span style=\"color: #000000;\"><strong>Herstellung :<\/strong><\/span><\/p>\n<p style=\"text-align: left;\"><span style=\"color: #800000;\"><strong>JUVIN<\/strong><\/span> <span style=\"color: #000000;\">Kardamom\u00f6l wird\u00a0aus den Samen des gr\u00fcnen Kardamoms gepresst. <\/span><span style=\"color: #000000;\">Die Samen\u00a0werden\u00a0traditionell geerntet,\u00a0gereinigt und kaltge\u00adpresst bei ca. 27\u00b0C.<\/span><\/p>\n<p style=\"text-align: left;\"><span style=\"color: #000000;\">Die traditionelle Herstellung\u00a0erfolgt unter Beachtung \u00f6kologisch-nachhaltiger Aspekte.<\/span><\/p>\n<p style=\"text-align: left;\"><span style=\"color: #000000;\"><strong>Produktinformationen :<\/strong><\/span><\/p>\n<p style=\"text-align: left;\"><span style=\"color: #000000;\">Herkunft : Nicht-EU \/ Zutaten :\u00a0Kardamomsamen (unbehandelt)<\/span><\/p>\n<p style=\"text-align: left;\"><span style=\"color: #000000;\"><strong>Kann Spuren von Schalenfr\u00fcchten &amp; Getreide enthalten.<\/strong><\/span><\/p>\n<p style=\"text-align: left;\"><span style=\"color: #000000;\"><b>N\u00e4hrwert \/ je 100 g<br \/>\n<\/b><\/span><\/p>\n<p style=\"text-align: left;\"><span style=\"color: #000000;\">Brennwert : 3.693 kJ \/ 882 kcal<\/span><\/p>\n<p style=\"text-align: left;\"><span style=\"color: #000000;\">Eiwei\u00df, Kohlenhydrate, Zucker, Ballaststoffe, Natrium\u00a0: 0 g<\/span><\/p>\n<p style=\"text-align: left;\"><span style=\"color: #000000;\">Fett : 100 g, davon<\/span><\/p>\n<p style=\"text-align: left;\"><span style=\"color: #000000;\">ges\u00e4ttigte Fetts\u00e4uren : 13 g<\/span><\/p>\n<p style=\"text-align: left;\"><span style=\"color: #000000;\">einfach unges\u00e4ttigte Fetts\u00e4uren : 24 g<\/span><\/p>\n<p style=\"text-align: left;\"><span style=\"color: #000000;\">mehrfach unges\u00e4ttigte Fetts\u00e4uren : 63 g<\/span><\/p>\n<p style=\"text-align: left;\"><span style=\"color: #000000;\"><strong>Verpackung :<\/strong><\/span><\/p>\n<p style=\"text-align: left;\"><span style=\"color: #800000;\"><strong>JUVIN<\/strong><\/span> <span style=\"color: #000000;\">Kardamom\u00f6l wird in einer 100 ml fassenden Metallflasche (Wei\u00dfblech) verkauft. Der Ausgie\u00dfer ist aus Kunststoff. Vor Gebrauch muss die Versiegelung entfernt werden.<\/span><\/p>\n<p style=\"text-align: left;\"><span style=\"color: #000000;\"><strong>Anwendung :<\/strong><\/span><\/p>\n<p style=\"text-align: left;\"><span style=\"color: #ff0000;\"><strong><span style=\"color: #800000;\">JUVIN<\/span> <\/strong><span style=\"color: #000000;\">Kardamom\u00f6l wird eignet sich hervorragend zum w\u00fcrzen von Warm- und Kaltspeisen, sowie von Salaten, So\u00dfen und Suppen&#8230;<br \/>\n<\/span><\/span><\/p>\n<p style=\"text-align: left;\"><span style=\"color: #000000;\"><strong>Bestellhinweis :<\/strong><\/span><\/p>\n<p style=\"text-align: left;\"><span style=\"color: #000000;\">Dieses Produkt findest Du<\/span> <strong><a href=\"http:\/\/juvin.de\/?product=34-kardamomol\" target=\"_blank\" rel=\"noopener noreferrer\">HIER<\/a><\/strong><\/p>\n","protected":false},"excerpt":{"rendered":"<p>JUVIN Kardamom\u00f6l ist\u00a0sortenrein und frei von Zus\u00e4tzen. Herstellung : JUVIN Kardamom\u00f6l wird\u00a0aus den Samen des gr\u00fcnen Kardamoms gepresst. Die Samen\u00a0werden\u00a0traditionell geerntet,\u00a0gereinigt und kaltge\u00adpresst bei ca. 27\u00b0C. Die traditionelle Herstellung\u00a0erfolgt unter Beachtung \u00f6kologisch-nachhaltiger Aspekte. Produktinformationen : Herkunft : Nicht-EU \/ Zutaten :\u00a0Kardamomsamen (unbehandelt) Kann Spuren von Schalenfr\u00fcchten &amp; Getreide enthalten. N\u00e4hrwert \/ je 100 g Brennwert&hellip; <\/p>\n","protected":false},"author":2,"featured_media":0,"parent":127,"menu_order":35,"comment_status":"closed","ping_status":"closed","template":"","meta":{"footnotes":""},"class_list":["post-1276","page","type-page","status-publish","hentry"],"_links":{"self":[{"href":"https:\/\/juvin.de\/index.php?rest_route=\/wp\/v2\/pages\/1276","targetHints":{"allow":["GET"]}}],"collection":[{"href":"https:\/\/juvin.de\/index.php?rest_route=\/wp\/v2\/pages"}],"about":[{"href":"https:\/\/juvin.de\/index.php?rest_route=\/wp\/v2\/types\/page"}],"author":[{"embeddable":true,"href":"https:\/\/juvin.de\/index.php?rest_route=\/wp\/v2\/users\/2"}],"replies":[{"embeddable":true,"href":"https:\/\/juvin.de\/index.php?rest_route=%2Fwp%2Fv2%2Fcomments&post=1276"}],"version-history":[{"count":9,"href":"https:\/\/juvin.de\/index.php?rest_route=\/wp\/v2\/pages\/1276\/revisions"}],"predecessor-version":[{"id":3091,"href":"https:\/\/juvin.de\/index.php?rest_route=\/wp\/v2\/pages\/1276\/revisions\/3091"}],"up":[{"embeddable":true,"href":"https:\/\/juvin.de\/index.php?rest_route=\/wp\/v2\/pages\/127"}],"wp:attachment":[{"href":"https:\/\/juvin.de\/index.php?rest_route=%2Fwp%2Fv2%2Fmedia&parent=1276"}],"curies":[{"name":"wp","href":"https:\/\/api.w.org\/{rel}","templated":true}]}}