{"id":1292,"date":"2015-12-06T08:52:35","date_gmt":"2015-12-06T07:52:35","guid":{"rendered":"http:\/\/enia-oil.com\/?page_id=1292"},"modified":"2025-04-07T16:32:38","modified_gmt":"2025-04-07T15:32:38","slug":"36-penny-royal-ol","status":"publish","type":"page","link":"https:\/\/juvin.de\/?page_id=1292","title":{"rendered":"36 Penny Royal \u00d6l"},"content":{"rendered":"<h2 dir=\"RTL\" align=\"center\"><img loading=\"lazy\" decoding=\"async\" class=\"aligncenter wp-image-3026 size-medium\" src=\"https:\/\/juvin.de\/wp-content\/uploads\/2016\/10\/36-178x300.jpg\" alt=\"\" width=\"178\" height=\"300\" srcset=\"https:\/\/juvin.de\/wp-content\/uploads\/2016\/10\/36-178x300.jpg 178w, https:\/\/juvin.de\/wp-content\/uploads\/2016\/10\/36-606x1024.jpg 606w, https:\/\/juvin.de\/wp-content\/uploads\/2016\/10\/36-768x1297.jpg 768w, https:\/\/juvin.de\/wp-content\/uploads\/2016\/10\/36-909x1536.jpg 909w, https:\/\/juvin.de\/wp-content\/uploads\/2016\/10\/36-600x1014.jpg 600w, https:\/\/juvin.de\/wp-content\/uploads\/2016\/10\/36.jpg 1213w\" sizes=\"auto, (max-width: 178px) 100vw, 178px\" \/><\/h2>\n<p style=\"text-align: center;\"><span style=\"color: #800000;\"><strong>JUVIN<\/strong><\/span> <span style=\"color: #000000;\">Penny Royal \u00d6l (Minz\u00f6l) ist sortenrein und frei von Zus\u00e4tzen.<\/span><\/p>\n<p style=\"text-align: left;\"><span style=\"color: #000000;\"><strong>Herstellung :<\/strong><\/span><\/p>\n<p style=\"text-align: left;\"><span style=\"color: #800000;\"><strong>JUVIN<\/strong><\/span> <span style=\"color: #000000;\">Penny Royal \u00d6l wird\u00a0aus den Samen der\u00a0Poleiminze gepresst. <\/span><span style=\"color: #000000;\">Die Samen\u00a0werden\u00a0traditionell geerntet,\u00a0gereinigt und kaltge\u00adpresst bei ca. 27\u00b0C.<\/span><\/p>\n<p style=\"text-align: left;\"><span style=\"color: #000000;\">Die traditionelle Herstellung\u00a0erfolgt unter Beachtung \u00f6kologisch-nachhaltiger Aspekte.<\/span><\/p>\n<p style=\"text-align: left;\"><span style=\"color: #000000;\"><strong>Produktinformationen :<\/strong><\/span><\/p>\n<p style=\"text-align: left;\"><span style=\"color: #000000;\">Herkunft : Nicht-EU \/ Zutaten :\u00a0Poleiminzsamen (unbehandelt)<\/span><\/p>\n<p style=\"text-align: left;\"><strong><span style=\"color: #000000;\">Kann Spuren von Schalenfr\u00fcchten &amp; Getreide enthalten.<\/span><\/strong><\/p>\n<p style=\"text-align: left;\"><span style=\"color: #000000;\"><b>N\u00e4hrwert \/ je 100 g<br \/>\n<\/b><\/span><\/p>\n<p style=\"text-align: left;\"><span style=\"color: #000000;\">Brennwert : 3.693 kJ \/ 882 kcal<\/span><\/p>\n<p style=\"text-align: left;\"><span style=\"color: #000000;\">Eiwei\u00df, Kohlenhydrate, Zucker, Ballaststoffe, Natrium\u00a0: 0 g<\/span><\/p>\n<p style=\"text-align: left;\"><span style=\"color: #000000;\">Fett : 100 g, davon<\/span><\/p>\n<p style=\"text-align: left;\"><span style=\"color: #000000;\">ges\u00e4ttigte Fetts\u00e4uren : 13 g<\/span><\/p>\n<p style=\"text-align: left;\"><span style=\"color: #000000;\">einfach unges\u00e4ttigte Fetts\u00e4uren : 24 g<\/span><\/p>\n<p style=\"text-align: left;\"><span style=\"color: #000000;\">mehrfach unges\u00e4ttigte Fetts\u00e4uren : 63 g<\/span><\/p>\n<p style=\"text-align: left;\"><span style=\"color: #000000;\"><strong>Verpackung :<\/strong><\/span><\/p>\n<p style=\"text-align: left;\"><span style=\"color: #800000;\"><strong>JUVIN<\/strong><\/span>\u00a0<span style=\"color: #000000;\">Penny Royal \u00d6l\u00a0wird in einer 100 ml fassenden Metallflasche (Wei\u00dfblech) verkauft. Der Ausgie\u00dfer ist aus Kunststoff. Vor Gebrauch muss die Versiegelung entfernt werden.<\/span><\/p>\n<p style=\"text-align: left;\"><span style=\"color: #000000;\"><strong>Anwendung :<\/strong><\/span><\/p>\n<p style=\"text-align: left;\"><span style=\"color: #000000;\"><strong><span style=\"color: #800000;\">JUVIN<\/span>\u00a0<\/strong>Penny Royal \u00d6l eignet sich besonders gute zum verfeinern von Kaltspeisen, Backwaren und S\u00fc\u00dfspeisen.<br \/>\n<\/span><\/p>\n<p style=\"text-align: left;\"><span style=\"color: #000000;\"><strong>Bestellhinweis :<\/strong><\/span><\/p>\n<p><span style=\"color: #000000;\">Dieses Produkt findest Du<\/span> <strong><a href=\"http:\/\/juvin.de\/?product=36-penny-royal-ol\" target=\"_blank\" rel=\"noopener noreferrer\">HIER<\/a><\/strong><\/p>\n","protected":false},"excerpt":{"rendered":"<p>JUVIN Penny Royal \u00d6l (Minz\u00f6l) ist sortenrein und frei von Zus\u00e4tzen. Herstellung : JUVIN Penny Royal \u00d6l wird\u00a0aus den Samen der\u00a0Poleiminze gepresst. Die Samen\u00a0werden\u00a0traditionell geerntet,\u00a0gereinigt und kaltge\u00adpresst bei ca. 27\u00b0C. Die traditionelle Herstellung\u00a0erfolgt unter Beachtung \u00f6kologisch-nachhaltiger Aspekte. Produktinformationen : Herkunft : Nicht-EU \/ Zutaten :\u00a0Poleiminzsamen (unbehandelt) Kann Spuren von Schalenfr\u00fcchten &amp; Getreide enthalten. N\u00e4hrwert \/&hellip; <\/p>\n","protected":false},"author":2,"featured_media":0,"parent":127,"menu_order":37,"comment_status":"closed","ping_status":"closed","template":"","meta":{"footnotes":""},"class_list":["post-1292","page","type-page","status-publish","hentry"],"_links":{"self":[{"href":"https:\/\/juvin.de\/index.php?rest_route=\/wp\/v2\/pages\/1292","targetHints":{"allow":["GET"]}}],"collection":[{"href":"https:\/\/juvin.de\/index.php?rest_route=\/wp\/v2\/pages"}],"about":[{"href":"https:\/\/juvin.de\/index.php?rest_route=\/wp\/v2\/types\/page"}],"author":[{"embeddable":true,"href":"https:\/\/juvin.de\/index.php?rest_route=\/wp\/v2\/users\/2"}],"replies":[{"embeddable":true,"href":"https:\/\/juvin.de\/index.php?rest_route=%2Fwp%2Fv2%2Fcomments&post=1292"}],"version-history":[{"count":7,"href":"https:\/\/juvin.de\/index.php?rest_route=\/wp\/v2\/pages\/1292\/revisions"}],"predecessor-version":[{"id":3094,"href":"https:\/\/juvin.de\/index.php?rest_route=\/wp\/v2\/pages\/1292\/revisions\/3094"}],"up":[{"embeddable":true,"href":"https:\/\/juvin.de\/index.php?rest_route=\/wp\/v2\/pages\/127"}],"wp:attachment":[{"href":"https:\/\/juvin.de\/index.php?rest_route=%2Fwp%2Fv2%2Fmedia&parent=1292"}],"curies":[{"name":"wp","href":"https:\/\/api.w.org\/{rel}","templated":true}]}}