{"id":1864,"date":"2017-01-14T15:42:24","date_gmt":"2017-01-14T14:42:24","guid":{"rendered":"http:\/\/juvin.de\/?page_id=1864"},"modified":"2025-04-07T16:36:16","modified_gmt":"2025-04-07T15:36:16","slug":"40-aloe-vera-oel","status":"publish","type":"page","link":"https:\/\/juvin.de\/?page_id=1864","title":{"rendered":"40 Aloe Vera \u00d6l"},"content":{"rendered":"<p><img loading=\"lazy\" decoding=\"async\" class=\"aligncenter wp-image-3030 size-medium\" src=\"https:\/\/juvin.de\/wp-content\/uploads\/2016\/10\/40-177x300.jpg\" alt=\"\" width=\"177\" height=\"300\" srcset=\"https:\/\/juvin.de\/wp-content\/uploads\/2016\/10\/40-177x300.jpg 177w, https:\/\/juvin.de\/wp-content\/uploads\/2016\/10\/40-604x1024.jpg 604w, https:\/\/juvin.de\/wp-content\/uploads\/2016\/10\/40-768x1302.jpg 768w, https:\/\/juvin.de\/wp-content\/uploads\/2016\/10\/40-906x1536.jpg 906w, https:\/\/juvin.de\/wp-content\/uploads\/2016\/10\/40-600x1017.jpg 600w, https:\/\/juvin.de\/wp-content\/uploads\/2016\/10\/40.jpg 1189w\" sizes=\"auto, (max-width: 177px) 100vw, 177px\" \/><\/p>\n<p style=\"text-align: center;\"><span style=\"color: #800000;\"><strong>JUVIN<\/strong><\/span> <span style=\"color: #000000;\">Aloe Vera \u00d6l ist sortenrein und frei von Zus\u00e4tzen.<\/span><\/p>\n<p style=\"text-align: left;\"><span style=\"color: #000000;\"><strong>Herstellung :<\/strong><\/span><\/p>\n<p style=\"text-align: left;\"><span style=\"color: #800000;\"><strong>JUVIN<\/strong><\/span><span style=\"color: #000000;\"> Aloe Vera \u00d6l <\/span><span style=\"color: #000000;\">wird\u00a0aus den Samen und Pflanzenbestandteilen der Aloe Vera gepresst. <\/span><span style=\"color: #000000;\">Die Zutaten werden\u00a0traditionell\u00a0geerntet, gereinigt und kaltge\u00adpresst bei ca. 27\u00b0C.<\/span><\/p>\n<p style=\"text-align: left;\"><span style=\"color: #000000;\">Die traditionelle Herstellung\u00a0erfolgt unter Beachtung \u00f6kologisch-nachhaltiger Aspekte.<\/span><\/p>\n<p style=\"text-align: left;\"><span style=\"color: #000000;\"><strong>Produktinformationen :<\/strong><\/span><\/p>\n<p style=\"text-align: left;\"><span style=\"color: #000000;\">Herkunft : Nicht-EU \/ Zutaten : Aloe Vera (unbehandelt)<\/span><\/p>\n<p style=\"text-align: left;\"><strong><span style=\"color: #000000;\">Kann Spuren von Schalenfr\u00fcchten &amp; Getreide enthalten.<\/span><\/strong><\/p>\n<p style=\"text-align: left;\"><span style=\"color: #000000;\"><b>N\u00e4hrwert \/ je 100 g<br \/>\n<\/b><\/span><\/p>\n<p style=\"text-align: left;\"><span style=\"color: #000000;\">Brennwert : 3.700 kJ \/ 900 kcal<\/span><\/p>\n<p style=\"text-align: left;\"><span style=\"color: #000000;\">Eiwei\u00df, Kohlenhydrate, Zucker, Ballaststoffe, Natrium\u00a0: 0 g<\/span><\/p>\n<p style=\"text-align: left;\"><span style=\"color: #000000;\">Fett : 100 g, davon<\/span><\/p>\n<p style=\"text-align: left;\"><span style=\"color: #000000;\">ges\u00e4ttigte Fetts\u00e4uren : 7 g<\/span><\/p>\n<p style=\"text-align: left;\"><span style=\"color: #000000;\">einfach unges\u00e4ttigte Fetts\u00e4uren : 35 g<\/span><\/p>\n<p style=\"text-align: left;\"><span style=\"color: #000000;\">mehrfach unges\u00e4ttigte Fetts\u00e4uren : 35 g<\/span><\/p>\n<p style=\"text-align: left;\"><span style=\"color: #000000;\"><strong>Verpackung :<\/strong><\/span><\/p>\n<p style=\"text-align: left;\"><span style=\"color: #800000;\"><strong>JUVIN<\/strong><\/span>\u00a0<span style=\"color: #000000;\">Aloe Vera \u00d6l wird in einer 100 ml fassenden Metallflasche (<em>Wei\u00dfblech<\/em>) verkauft. Der Ausgie\u00dfer ist aus Kunststoff. Vor Gebrauch muss die Versiegelung entfernt werden.<br \/>\n<\/span><\/p>\n<p style=\"text-align: left;\"><span style=\"color: #000000;\"><strong>Anwendung :<\/strong><\/span><\/p>\n<p style=\"text-align: left;\"><span style=\"color: #800000;\"><span style=\"color: #000000;\"><span style=\"color: #800000;\"><strong>JUVIN<\/strong><\/span> Aloe Vera \u00d6l eignet sich f\u00fcr Salate und Cocktails. Es ist auch empfehlenswert bei der Rohkostzubereitung.<br \/>\n<\/span><\/span><\/p>\n<p style=\"text-align: left;\"><span style=\"color: #000000;\"><strong>Bestellhinweis :<\/strong><\/span><\/p>\n<p style=\"text-align: left;\"><span style=\"color: #000000;\">Dieses Produkt findest Du<\/span> <strong><a href=\"http:\/\/juvin.de\/?product=40-aloe-vera-oel\" target=\"_blank\" rel=\"noopener noreferrer\">HIER<\/a><\/strong><\/p>\n<p style=\"text-align: left;\"><strong><span style=\"color: #000000;\">Rezepte :<\/span><\/strong><\/p>\n<div data-canvas-width=\"95.89950999999999\"><span style=\"color: #000000;\">&#8222;Aloe vera Quarkspeise&#8220;<\/span><\/div>\n<div data-canvas-width=\"95.89950999999999\"><\/div>\n<div data-canvas-width=\"65.38760199999999\"><span style=\"color: #000000;\">Zutaten :<\/span><\/div>\n<div data-canvas-width=\"243.08050666666654\"><span style=\"color: #000000;\">250 g Magerquark, 3 EL Honig<\/span><\/div>\n<div data-canvas-width=\"202.4638559999999\"><span style=\"color: #000000;\">Mark aus einer halben ausgeschabten Vanilleschote<\/span><\/div>\n<div data-canvas-width=\"63.52117333333333\"><span style=\"color: #000000;\">1-2 TL <span style=\"color: #800000;\"><strong>JUVIN<\/strong><\/span> Aloe Vera \u00d6l<br \/>\n<\/span><\/div>\n<div data-canvas-width=\"266.032802\"><span style=\"color: #000000;\">Etwas Milch oder Joghurt<\/span><\/div>\n<div data-canvas-width=\"242.30625999999998\"><span style=\"color: #000000;\">250 g Fr\u00fcchte der Saison<\/span><\/div>\n<div data-canvas-width=\"97.47271333333335\"><\/div>\n<div data-canvas-width=\"97.47271333333335\"><span style=\"color: #000000;\">Zubereitung :<\/span><\/div>\n<div data-canvas-width=\"72.23227199999998\"><span style=\"color: #000000;\">Den Quark mit dem Honig, dem Vanillemark, dem Aloe Vera \u00d6l und etwas Milch zu einer glatten Masse verr\u00fchren.<\/span><\/div>\n<div data-canvas-width=\"265.1415946666666\"><span style=\"color: #000000;\">Die Fr\u00fcchte waschen und ganz oder zerkleinert unter die Quarkmasse heben. In Portionsschalen abf\u00fcllen.<\/span><\/div>\n<div data-canvas-width=\"136.68254133333335\"><span style=\"color: #000000;\">Abgedeckt im K\u00fchlschrank am besten \u00fcber Nacht aufbewahren.<\/span><\/div>\n","protected":false},"excerpt":{"rendered":"<p>JUVIN Aloe Vera \u00d6l ist sortenrein und frei von Zus\u00e4tzen. Herstellung : JUVIN Aloe Vera \u00d6l wird\u00a0aus den Samen und Pflanzenbestandteilen der Aloe Vera gepresst. Die Zutaten werden\u00a0traditionell\u00a0geerntet, gereinigt und kaltge\u00adpresst bei ca. 27\u00b0C. Die traditionelle Herstellung\u00a0erfolgt unter Beachtung \u00f6kologisch-nachhaltiger Aspekte. Produktinformationen : Herkunft : Nicht-EU \/ Zutaten : Aloe Vera (unbehandelt) Kann Spuren von&hellip; <\/p>\n","protected":false},"author":2,"featured_media":0,"parent":127,"menu_order":41,"comment_status":"closed","ping_status":"closed","template":"","meta":{"footnotes":""},"class_list":["post-1864","page","type-page","status-publish","hentry"],"_links":{"self":[{"href":"https:\/\/juvin.de\/index.php?rest_route=\/wp\/v2\/pages\/1864","targetHints":{"allow":["GET"]}}],"collection":[{"href":"https:\/\/juvin.de\/index.php?rest_route=\/wp\/v2\/pages"}],"about":[{"href":"https:\/\/juvin.de\/index.php?rest_route=\/wp\/v2\/types\/page"}],"author":[{"embeddable":true,"href":"https:\/\/juvin.de\/index.php?rest_route=\/wp\/v2\/users\/2"}],"replies":[{"embeddable":true,"href":"https:\/\/juvin.de\/index.php?rest_route=%2Fwp%2Fv2%2Fcomments&post=1864"}],"version-history":[{"count":6,"href":"https:\/\/juvin.de\/index.php?rest_route=\/wp\/v2\/pages\/1864\/revisions"}],"predecessor-version":[{"id":3100,"href":"https:\/\/juvin.de\/index.php?rest_route=\/wp\/v2\/pages\/1864\/revisions\/3100"}],"up":[{"embeddable":true,"href":"https:\/\/juvin.de\/index.php?rest_route=\/wp\/v2\/pages\/127"}],"wp:attachment":[{"href":"https:\/\/juvin.de\/index.php?rest_route=%2Fwp%2Fv2%2Fmedia&parent=1864"}],"curies":[{"name":"wp","href":"https:\/\/api.w.org\/{rel}","templated":true}]}}