{"id":1871,"date":"2017-01-14T16:15:56","date_gmt":"2017-01-14T15:15:56","guid":{"rendered":"http:\/\/juvin.de\/?page_id=1871"},"modified":"2025-04-07T16:36:43","modified_gmt":"2025-04-07T15:36:43","slug":"41-pfefferoel-rot","status":"publish","type":"page","link":"https:\/\/juvin.de\/?page_id=1871","title":{"rendered":"41 Pfeffer\u00f6l rot"},"content":{"rendered":"<p><img loading=\"lazy\" decoding=\"async\" class=\"aligncenter wp-image-3031 size-medium\" src=\"https:\/\/juvin.de\/wp-content\/uploads\/2016\/10\/41-176x300.jpg\" alt=\"\" width=\"176\" height=\"300\" srcset=\"https:\/\/juvin.de\/wp-content\/uploads\/2016\/10\/41-176x300.jpg 176w, https:\/\/juvin.de\/wp-content\/uploads\/2016\/10\/41-600x1024.jpg 600w, https:\/\/juvin.de\/wp-content\/uploads\/2016\/10\/41-768x1311.jpg 768w, https:\/\/juvin.de\/wp-content\/uploads\/2016\/10\/41-900x1536.jpg 900w, https:\/\/juvin.de\/wp-content\/uploads\/2016\/10\/41.jpg 1182w\" sizes=\"auto, (max-width: 176px) 100vw, 176px\" \/><\/p>\n<p style=\"text-align: center;\"><span style=\"color: #800000;\"><strong>JUVIN<\/strong><\/span> <span style=\"color: #000000;\">Pfeffer\u00f6l\u00a0<span style=\"color: #ff0000;\">rot<\/span> entstand auf Sesam\u00f6l-Basis.<\/span><\/p>\n<p style=\"text-align: left;\"><span style=\"color: #000000;\"><strong>Herstellung :<\/strong><\/span><\/p>\n<p style=\"text-align: left;\"><span style=\"color: #800000;\"><strong>JUVIN<\/strong> <span style=\"color: #000000;\">Pfeffer\u00f6l<\/span>\u00a0<span style=\"color: #ff0000;\">rot<\/span> <\/span><span style=\"color: #000000;\">wird aus und mit den Samen des Sesams gepresst. W\u00e4hrend des Pressvorgangs werden <span style=\"color: #ff0000;\">rote<\/span> Pfefferk\u00f6rner hinzugef\u00fcgt. <\/span><span style=\"color: #000000;\">Die Zutaten werden\u00a0traditionell\u00a0geerntet, gereinigt und kaltge\u00adpresst bei ca. 27\u00b0C.<\/span><\/p>\n<p style=\"text-align: left;\"><span style=\"color: #000000;\">Die traditionelle Herstellung\u00a0erfolgt unter Beachtung \u00f6kologisch-nachhaltiger Aspekte.<\/span><\/p>\n<p style=\"text-align: left;\"><span style=\"color: #000000;\"><strong>Produktinformationen :<\/strong><\/span><\/p>\n<p style=\"text-align: left;\"><span style=\"color: #000000;\">Herkunft : Nicht-EU \/ Zutaten : Sesam \/ rote Pfefferk\u00f6rner (unbehandelt)<\/span><\/p>\n<p style=\"text-align: left;\"><strong><span style=\"color: #000000;\">Kann Spuren von Schalenfr\u00fcchten &amp; Getreide enthalten.<\/span><\/strong><\/p>\n<p style=\"text-align: left;\"><span style=\"color: #000000;\"><b>N\u00e4hrwert \/ je 100 g<br \/>\n<\/b><\/span><\/p>\n<p style=\"text-align: left;\"><span style=\"color: #000000;\">Brennwert : 3.404 kJ \/ 884 kcal<\/span><\/p>\n<p style=\"text-align: left;\"><span style=\"color: #000000;\">Eiwei\u00df, Kohlenhydrate, Zucker, Ballaststoffe, Natrium\u00a0: 0 g<\/span><\/p>\n<p style=\"text-align: left;\"><span style=\"color: #000000;\">Fett : 100 g, davon<\/span><\/p>\n<p style=\"text-align: left;\"><span style=\"color: #000000;\">ges\u00e4ttigte Fetts\u00e4uren : 14 g<\/span><\/p>\n<p style=\"text-align: left;\"><span style=\"color: #000000;\">einfach unges\u00e4ttigte Fetts\u00e4uren : 40 g<\/span><\/p>\n<p style=\"text-align: left;\"><span style=\"color: #000000;\">mehrfach unges\u00e4ttigte Fetts\u00e4uren : 42 g<\/span><\/p>\n<p style=\"text-align: left;\"><span style=\"color: #000000;\"><strong>Verpackung :<\/strong><\/span><\/p>\n<p style=\"text-align: left;\"><span style=\"color: #800000;\"><strong>JUVIN<\/strong><\/span> <span style=\"color: #000000;\"><span style=\"color: #800000;\"><span style=\"color: #000000;\">Pfeffer\u00f6l\u00a0<\/span><span style=\"color: #ff0000;\">rot<\/span><\/span> wird in einer 100 ml fassenden Metallflasche (<em>Wei\u00dfblech<\/em>) verkauft. Der Ausgie\u00dfer ist aus Kunststoff. Vor Gebrauch muss die Versiegelung entfernt werden.<br \/>\n<\/span><\/p>\n<p style=\"text-align: left;\"><span style=\"color: #000000;\"><strong>Anwendung :<\/strong><\/span><\/p>\n<p style=\"text-align: left;\"><span style=\"color: #800000;\"><span style=\"color: #000000;\"><span style=\"color: #800000;\"><strong>JUVIN<\/strong><\/span> Pfeffer\u00f6l\u00a0<span style=\"color: #ff0000;\">rot <\/span>eignet sich zum w\u00fcrzen von Warmspeisen und So\u00dfen.<br \/>\n<\/span><\/span><\/p>\n<p style=\"text-align: left;\"><span style=\"color: #000000;\"><strong>Bestellhinweis :<\/strong><\/span><\/p>\n<p style=\"text-align: left;\"><span style=\"color: #000000;\">Dieses Produkt findest Du<\/span> <strong><a href=\"http:\/\/juvin.de\/?product=41-pfefferoel-rot\" target=\"_blank\" rel=\"noopener noreferrer\">HIER<\/a><\/strong><\/p>\n","protected":false},"excerpt":{"rendered":"<p>JUVIN Pfeffer\u00f6l\u00a0rot entstand auf Sesam\u00f6l-Basis. Herstellung : JUVIN Pfeffer\u00f6l\u00a0rot wird aus und mit den Samen des Sesams gepresst. W\u00e4hrend des Pressvorgangs werden rote Pfefferk\u00f6rner hinzugef\u00fcgt. Die Zutaten werden\u00a0traditionell\u00a0geerntet, gereinigt und kaltge\u00adpresst bei ca. 27\u00b0C. Die traditionelle Herstellung\u00a0erfolgt unter Beachtung \u00f6kologisch-nachhaltiger Aspekte. Produktinformationen : Herkunft : Nicht-EU \/ Zutaten : Sesam \/ rote Pfefferk\u00f6rner (unbehandelt) Kann&hellip; <\/p>\n","protected":false},"author":2,"featured_media":0,"parent":127,"menu_order":42,"comment_status":"closed","ping_status":"closed","template":"","meta":{"footnotes":""},"class_list":["post-1871","page","type-page","status-publish","hentry"],"_links":{"self":[{"href":"https:\/\/juvin.de\/index.php?rest_route=\/wp\/v2\/pages\/1871","targetHints":{"allow":["GET"]}}],"collection":[{"href":"https:\/\/juvin.de\/index.php?rest_route=\/wp\/v2\/pages"}],"about":[{"href":"https:\/\/juvin.de\/index.php?rest_route=\/wp\/v2\/types\/page"}],"author":[{"embeddable":true,"href":"https:\/\/juvin.de\/index.php?rest_route=\/wp\/v2\/users\/2"}],"replies":[{"embeddable":true,"href":"https:\/\/juvin.de\/index.php?rest_route=%2Fwp%2Fv2%2Fcomments&post=1871"}],"version-history":[{"count":5,"href":"https:\/\/juvin.de\/index.php?rest_route=\/wp\/v2\/pages\/1871\/revisions"}],"predecessor-version":[{"id":3101,"href":"https:\/\/juvin.de\/index.php?rest_route=\/wp\/v2\/pages\/1871\/revisions\/3101"}],"up":[{"embeddable":true,"href":"https:\/\/juvin.de\/index.php?rest_route=\/wp\/v2\/pages\/127"}],"wp:attachment":[{"href":"https:\/\/juvin.de\/index.php?rest_route=%2Fwp%2Fv2%2Fmedia&parent=1871"}],"curies":[{"name":"wp","href":"https:\/\/api.w.org\/{rel}","templated":true}]}}