{"id":1878,"date":"2017-01-14T16:22:52","date_gmt":"2017-01-14T15:22:52","guid":{"rendered":"http:\/\/juvin.de\/?page_id=1878"},"modified":"2025-04-07T16:37:06","modified_gmt":"2025-04-07T15:37:06","slug":"42-pfefferoel-schwarz","status":"publish","type":"page","link":"https:\/\/juvin.de\/?page_id=1878","title":{"rendered":"42 Pfeffer\u00f6l schwarz"},"content":{"rendered":"<p><img loading=\"lazy\" decoding=\"async\" class=\"aligncenter wp-image-3032 size-medium\" src=\"https:\/\/juvin.de\/wp-content\/uploads\/2016\/10\/42-176x300.jpg\" alt=\"\" width=\"176\" height=\"300\" srcset=\"https:\/\/juvin.de\/wp-content\/uploads\/2016\/10\/42-176x300.jpg 176w, https:\/\/juvin.de\/wp-content\/uploads\/2016\/10\/42-600x1024.jpg 600w, https:\/\/juvin.de\/wp-content\/uploads\/2016\/10\/42-768x1311.jpg 768w, https:\/\/juvin.de\/wp-content\/uploads\/2016\/10\/42-900x1536.jpg 900w, https:\/\/juvin.de\/wp-content\/uploads\/2016\/10\/42.jpg 1178w\" sizes=\"auto, (max-width: 176px) 100vw, 176px\" \/><\/p>\n<p style=\"text-align: center;\"><span style=\"color: #800000;\"><strong>JUVIN<\/strong><\/span> <span style=\"color: #000000;\">Pfeffer\u00f6l schwarz entstand auf Sesam\u00f6l-Basis.<\/span><\/p>\n<p style=\"text-align: left;\"><span style=\"color: #000000;\"><strong>Herstellung :<\/strong><\/span><\/p>\n<p style=\"text-align: left;\"><span style=\"color: #800000;\"><strong>JUVIN<\/strong> <span style=\"color: #000000;\">Pfeffer\u00f6l<\/span> <span style=\"color: #000000;\">schwarz<\/span><\/span><span style=\"color: #000000;\"> wird aus und mit den Samen des Sesams gepresst. W\u00e4hrend des Pressvorgangs werden\u00a0schwarze Pfefferk\u00f6rner hinzugef\u00fcgt. <\/span><span style=\"color: #000000;\">Die Zutaten werden\u00a0traditionell\u00a0geerntet, gereinigt und kaltge\u00adpresst bei ca. 27\u00b0C.<\/span><\/p>\n<p style=\"text-align: left;\"><span style=\"color: #000000;\">Die traditionelle Herstellung\u00a0erfolgt unter Beachtung \u00f6kologisch-nachhaltiger Aspekte.<\/span><\/p>\n<p style=\"text-align: left;\"><span style=\"color: #000000;\"><strong>Produktinformationen :<\/strong><\/span><\/p>\n<p style=\"text-align: left;\"><span style=\"color: #000000;\">Herkunft : Nicht-EU \/ Zutaten : Sesam \/\u00a0schwarze Pfefferk\u00f6rner (unbehandelt)<\/span><\/p>\n<p style=\"text-align: left;\"><strong><span style=\"color: #000000;\">Kann Spuren von Schalenfr\u00fcchten &amp; Getreide enthalten.<\/span><\/strong><\/p>\n<p style=\"text-align: left;\"><span style=\"color: #000000;\"><b>N\u00e4hrwert \/ je 100 g<br \/>\n<\/b><\/span><\/p>\n<p style=\"text-align: left;\"><span style=\"color: #000000;\">Brennwert : 3.404 kJ \/ 884 kcal<\/span><\/p>\n<p style=\"text-align: left;\"><span style=\"color: #000000;\">Eiwei\u00df, Kohlenhydrate, Zucker, Ballaststoffe, Natrium\u00a0: 0 g<\/span><\/p>\n<p style=\"text-align: left;\"><span style=\"color: #000000;\">Fett : 100 g, davon<\/span><\/p>\n<p style=\"text-align: left;\"><span style=\"color: #000000;\">ges\u00e4ttigte Fetts\u00e4uren : 14 g<\/span><\/p>\n<p style=\"text-align: left;\"><span style=\"color: #000000;\">einfach unges\u00e4ttigte Fetts\u00e4uren : 40 g<\/span><\/p>\n<p style=\"text-align: left;\"><span style=\"color: #000000;\">mehrfach unges\u00e4ttigte Fetts\u00e4uren : 42 g<\/span><\/p>\n<p style=\"text-align: left;\"><span style=\"color: #000000;\"><strong>Verpackung :<\/strong><\/span><\/p>\n<p style=\"text-align: left;\"><span style=\"color: #800000;\"><strong>JUVIN<\/strong><\/span> <span style=\"color: #000000;\">Pfeffer\u00f6l schwarz wird in einer 100 ml fassenden Metallflasche (<em>Wei\u00dfblech<\/em>) verkauft. Der Ausgie\u00dfer ist aus Kunststoff. Vor Gebrauch muss die Versiegelung entfernt werden.<br \/>\n<\/span><\/p>\n<p style=\"text-align: left;\"><span style=\"color: #000000;\"><strong>Anwendung :<\/strong><\/span><\/p>\n<p style=\"text-align: left;\"><span style=\"color: #800000;\"><span style=\"color: #000000;\"><span style=\"color: #800000;\"><strong>JUVIN <\/strong><\/span>Pfeffer\u00f6l schwarz eignet sich zum w\u00fcrzen von Warmspeisen und So\u00dfen.<br \/>\n<\/span><\/span><\/p>\n<p style=\"text-align: left;\"><span style=\"color: #000000;\"><strong>Bestellhinweis :<\/strong><\/span><\/p>\n<p style=\"text-align: left;\"><span style=\"color: #000000;\">Dieses Produkt findest Du<\/span> <strong><a href=\"http:\/\/juvin.de\/?product=42-pfefferoel-schwarz\" target=\"_blank\" rel=\"noopener noreferrer\">HIER<\/a><\/strong><\/p>\n","protected":false},"excerpt":{"rendered":"<p>JUVIN Pfeffer\u00f6l schwarz entstand auf Sesam\u00f6l-Basis. Herstellung : JUVIN Pfeffer\u00f6l schwarz wird aus und mit den Samen des Sesams gepresst. W\u00e4hrend des Pressvorgangs werden\u00a0schwarze Pfefferk\u00f6rner hinzugef\u00fcgt. Die Zutaten werden\u00a0traditionell\u00a0geerntet, gereinigt und kaltge\u00adpresst bei ca. 27\u00b0C. Die traditionelle Herstellung\u00a0erfolgt unter Beachtung \u00f6kologisch-nachhaltiger Aspekte. Produktinformationen : Herkunft : Nicht-EU \/ Zutaten : Sesam \/\u00a0schwarze Pfefferk\u00f6rner (unbehandelt) Kann&hellip; <\/p>\n","protected":false},"author":2,"featured_media":0,"parent":127,"menu_order":43,"comment_status":"closed","ping_status":"closed","template":"","meta":{"footnotes":""},"class_list":["post-1878","page","type-page","status-publish","hentry"],"_links":{"self":[{"href":"https:\/\/juvin.de\/index.php?rest_route=\/wp\/v2\/pages\/1878","targetHints":{"allow":["GET"]}}],"collection":[{"href":"https:\/\/juvin.de\/index.php?rest_route=\/wp\/v2\/pages"}],"about":[{"href":"https:\/\/juvin.de\/index.php?rest_route=\/wp\/v2\/types\/page"}],"author":[{"embeddable":true,"href":"https:\/\/juvin.de\/index.php?rest_route=\/wp\/v2\/users\/2"}],"replies":[{"embeddable":true,"href":"https:\/\/juvin.de\/index.php?rest_route=%2Fwp%2Fv2%2Fcomments&post=1878"}],"version-history":[{"count":5,"href":"https:\/\/juvin.de\/index.php?rest_route=\/wp\/v2\/pages\/1878\/revisions"}],"predecessor-version":[{"id":3102,"href":"https:\/\/juvin.de\/index.php?rest_route=\/wp\/v2\/pages\/1878\/revisions\/3102"}],"up":[{"embeddable":true,"href":"https:\/\/juvin.de\/index.php?rest_route=\/wp\/v2\/pages\/127"}],"wp:attachment":[{"href":"https:\/\/juvin.de\/index.php?rest_route=%2Fwp%2Fv2%2Fmedia&parent=1878"}],"curies":[{"name":"wp","href":"https:\/\/api.w.org\/{rel}","templated":true}]}}