{"id":1969,"date":"2017-06-06T18:26:56","date_gmt":"2017-06-06T17:26:56","guid":{"rendered":"http:\/\/juvin.de\/?page_id=1969"},"modified":"2025-04-07T16:37:53","modified_gmt":"2025-04-07T15:37:53","slug":"44-sesamoel","status":"publish","type":"page","link":"https:\/\/juvin.de\/?page_id=1969","title":{"rendered":"44 Sesam\u00f6l"},"content":{"rendered":"<p><img loading=\"lazy\" decoding=\"async\" class=\"aligncenter wp-image-3034 size-medium\" src=\"https:\/\/juvin.de\/wp-content\/uploads\/2016\/10\/44-174x300.jpg\" alt=\"\" width=\"174\" height=\"300\" srcset=\"https:\/\/juvin.de\/wp-content\/uploads\/2016\/10\/44-174x300.jpg 174w, https:\/\/juvin.de\/wp-content\/uploads\/2016\/10\/44-593x1024.jpg 593w, https:\/\/juvin.de\/wp-content\/uploads\/2016\/10\/44-768x1325.jpg 768w, https:\/\/juvin.de\/wp-content\/uploads\/2016\/10\/44-890x1536.jpg 890w, https:\/\/juvin.de\/wp-content\/uploads\/2016\/10\/44-1187x2048.jpg 1187w, https:\/\/juvin.de\/wp-content\/uploads\/2016\/10\/44-600x1035.jpg 600w, https:\/\/juvin.de\/wp-content\/uploads\/2016\/10\/44.jpg 1224w\" sizes=\"auto, (max-width: 174px) 100vw, 174px\" \/><\/p>\n<p style=\"text-align: center;\"><span style=\"color: #800000;\"><strong>JUVIN<\/strong><\/span> Sesam<span style=\"color: #000000;\">\u00f6l ist sortenrein und frei von Zus\u00e4tzen.<\/span><\/p>\n<p style=\"text-align: left;\"><span style=\"color: #000000;\"><strong>Herstellung :<\/strong><\/span><\/p>\n<p style=\"text-align: left;\"><span style=\"color: #800000;\"><strong>JUVIN<\/strong> <span style=\"color: #000000;\">Sesam\u00f6l <\/span><\/span><span style=\"color: #000000;\">wird aus den naturbelassenen Samen des Sesams gepresst. <\/span><span style=\"color: #000000;\">Die Samen werden\u00a0traditionell\u00a0geerntet, gereinigt und kaltge\u00adpresst bei ca. 27\u00b0C.<\/span><\/p>\n<p style=\"text-align: left;\"><span style=\"color: #000000;\">Die traditionelle Herstellung\u00a0erfolgt unter Beachtung \u00f6kologisch-nachhaltiger Aspekte.<\/span><\/p>\n<p style=\"text-align: left;\"><span style=\"color: #000000;\"><strong>Produktinformationen :<\/strong><\/span><\/p>\n<p style=\"text-align: left;\"><span style=\"color: #000000;\">Herkunft : Nicht-EU \/ Zutaten : Sesam (unbehandelt)<\/span><\/p>\n<p style=\"text-align: left;\"><strong><span style=\"color: #000000;\">Kann Spuren von Schalenfr\u00fcchten &amp; Getreide enthalten.<\/span><\/strong><\/p>\n<p style=\"text-align: left;\"><span style=\"color: #000000;\"><b>N\u00e4hrwert \/ je 100 g<br \/>\n<\/b><\/span><\/p>\n<p style=\"text-align: left;\"><span style=\"color: #000000;\">Brennwert : 3.404 kJ \/ 884 kcal<\/span><\/p>\n<p style=\"text-align: left;\"><span style=\"color: #000000;\">Eiwei\u00df, Kohlenhydrate, Zucker, Ballaststoffe, Natrium\u00a0: 0 g<\/span><\/p>\n<p style=\"text-align: left;\"><span style=\"color: #000000;\">Fett : 100 g, davon<\/span><\/p>\n<p style=\"text-align: left;\"><span style=\"color: #000000;\">ges\u00e4ttigte Fetts\u00e4uren : 14 g<\/span><\/p>\n<p style=\"text-align: left;\"><span style=\"color: #000000;\">einfach unges\u00e4ttigte Fetts\u00e4uren : 40 g<\/span><\/p>\n<p style=\"text-align: left;\"><span style=\"color: #000000;\">mehrfach unges\u00e4ttigte Fetts\u00e4uren : 42 g<\/span><\/p>\n<p style=\"text-align: left;\"><span style=\"color: #000000;\"><strong>Verpackung :<\/strong><\/span><\/p>\n<p style=\"text-align: left;\"><span style=\"color: #800000;\"><strong>JUVIN<\/strong><\/span> <span style=\"color: #000000;\">Sesam\u00f6l wird in einer 100 ml fassenden Metallflasche (<em>Wei\u00dfblech<\/em>) verkauft. Der Ausgie\u00dfer ist aus Kunststoff. Vor Gebrauch muss die Versiegelung entfernt werden.<br \/>\n<\/span><\/p>\n<p style=\"text-align: left;\"><span style=\"color: #000000;\"><strong>Anwendung :<\/strong><\/span><\/p>\n<p style=\"text-align: left;\"><span style=\"color: #800000;\"><span style=\"color: #000000;\"><strong><span style=\"color: #800000;\">JUVIN<\/span> <\/strong>Sesam\u00f6l darf in keiner K\u00fcche fehlen. Salate und Warmspeisen k\u00f6nnen mit diesem \u00d6l aufgewertet werden&#8230;<br \/>\n<\/span><\/span><\/p>\n<p style=\"text-align: left;\"><span style=\"color: #000000;\"><strong>Bestellhinweis :<\/strong><\/span><\/p>\n<p style=\"text-align: left;\"><span style=\"color: #000000;\">Dieses Produkt findest Du<\/span> <a href=\"http:\/\/juvin.de\/?product=44-sesamoel\" target=\"_blank\" rel=\"noopener noreferrer\"><strong>HIER<\/strong><\/a><\/p>\n","protected":false},"excerpt":{"rendered":"<p>JUVIN Sesam\u00f6l ist sortenrein und frei von Zus\u00e4tzen. Herstellung : JUVIN Sesam\u00f6l wird aus den naturbelassenen Samen des Sesams gepresst. Die Samen werden\u00a0traditionell\u00a0geerntet, gereinigt und kaltge\u00adpresst bei ca. 27\u00b0C. Die traditionelle Herstellung\u00a0erfolgt unter Beachtung \u00f6kologisch-nachhaltiger Aspekte. Produktinformationen : Herkunft : Nicht-EU \/ Zutaten : Sesam (unbehandelt) Kann Spuren von Schalenfr\u00fcchten &amp; Getreide enthalten. N\u00e4hrwert \/&hellip; <\/p>\n","protected":false},"author":2,"featured_media":0,"parent":127,"menu_order":45,"comment_status":"closed","ping_status":"closed","template":"","meta":{"footnotes":""},"class_list":["post-1969","page","type-page","status-publish","hentry"],"_links":{"self":[{"href":"https:\/\/juvin.de\/index.php?rest_route=\/wp\/v2\/pages\/1969","targetHints":{"allow":["GET"]}}],"collection":[{"href":"https:\/\/juvin.de\/index.php?rest_route=\/wp\/v2\/pages"}],"about":[{"href":"https:\/\/juvin.de\/index.php?rest_route=\/wp\/v2\/types\/page"}],"author":[{"embeddable":true,"href":"https:\/\/juvin.de\/index.php?rest_route=\/wp\/v2\/users\/2"}],"replies":[{"embeddable":true,"href":"https:\/\/juvin.de\/index.php?rest_route=%2Fwp%2Fv2%2Fcomments&post=1969"}],"version-history":[{"count":3,"href":"https:\/\/juvin.de\/index.php?rest_route=\/wp\/v2\/pages\/1969\/revisions"}],"predecessor-version":[{"id":3105,"href":"https:\/\/juvin.de\/index.php?rest_route=\/wp\/v2\/pages\/1969\/revisions\/3105"}],"up":[{"embeddable":true,"href":"https:\/\/juvin.de\/index.php?rest_route=\/wp\/v2\/pages\/127"}],"wp:attachment":[{"href":"https:\/\/juvin.de\/index.php?rest_route=%2Fwp%2Fv2%2Fmedia&parent=1969"}],"curies":[{"name":"wp","href":"https:\/\/api.w.org\/{rel}","templated":true}]}}