{"id":2013,"date":"2017-06-06T18:53:49","date_gmt":"2017-06-06T17:53:49","guid":{"rendered":"http:\/\/juvin.de\/?page_id=2013"},"modified":"2025-04-07T16:38:29","modified_gmt":"2025-04-07T15:38:29","slug":"45-bohnenkrautoel","status":"publish","type":"page","link":"https:\/\/juvin.de\/?page_id=2013","title":{"rendered":"45 Bohnenkraut\u00f6l"},"content":{"rendered":"<p><img loading=\"lazy\" decoding=\"async\" class=\"aligncenter wp-image-3035 size-medium\" src=\"https:\/\/juvin.de\/wp-content\/uploads\/2016\/10\/45-181x300.jpg\" alt=\"\" width=\"181\" height=\"300\" srcset=\"https:\/\/juvin.de\/wp-content\/uploads\/2016\/10\/45-181x300.jpg 181w, https:\/\/juvin.de\/wp-content\/uploads\/2016\/10\/45-618x1024.jpg 618w, https:\/\/juvin.de\/wp-content\/uploads\/2016\/10\/45-768x1273.jpg 768w, https:\/\/juvin.de\/wp-content\/uploads\/2016\/10\/45-927x1536.jpg 927w, https:\/\/juvin.de\/wp-content\/uploads\/2016\/10\/45-1236x2048.jpg 1236w, https:\/\/juvin.de\/wp-content\/uploads\/2016\/10\/45-600x994.jpg 600w, https:\/\/juvin.de\/wp-content\/uploads\/2016\/10\/45.jpg 1263w\" sizes=\"auto, (max-width: 181px) 100vw, 181px\" \/><\/p>\n<p style=\"text-align: center;\"><span style=\"color: #800000;\"><strong>JUVIN<\/strong><\/span> <span style=\"color: #000000;\">Bohnenkraut\u00f6l ist sortenrein und frei von Zus\u00e4tzen.<\/span><\/p>\n<p style=\"text-align: left;\"><span style=\"color: #000000;\"><strong>Herstellung :<\/strong><\/span><\/p>\n<p style=\"text-align: left;\"><span style=\"color: #800000;\"><strong>JUVIN<\/strong> <span style=\"color: #000000;\">Bohnenkraut\u00f6l <\/span><\/span><span style=\"color: #000000;\">wird aus den naturbelassenen Samen des Bohnenkrauts gepresst. <\/span><span style=\"color: #000000;\">Die Samen werden\u00a0traditionell\u00a0geerntet, gereinigt und kaltge\u00adpresst bei ca. 27\u00b0C.<\/span><\/p>\n<p style=\"text-align: left;\"><span style=\"color: #000000;\">Die traditionelle Herstellung\u00a0erfolgt unter Beachtung \u00f6kologisch-nachhaltiger Aspekte.<\/span><\/p>\n<p style=\"text-align: left;\"><span style=\"color: #000000;\"><strong>Produktinformationen :<\/strong><\/span><\/p>\n<p style=\"text-align: left;\"><span style=\"color: #000000;\">Herkunft : Nicht-EU \/ Zutaten : Bohnenkrautsamen (unbehandelt)<\/span><\/p>\n<p style=\"text-align: left;\"><strong><span style=\"color: #000000;\">Kann Spuren von Schalenfr\u00fcchten &amp; Getreide enthalten.<\/span><\/strong><\/p>\n<p style=\"text-align: left;\"><span style=\"color: #000000;\"><b>N\u00e4hrwert \/ je 100 g<br \/>\n<\/b><\/span><\/p>\n<p style=\"text-align: left;\"><span style=\"color: #000000;\">Brennwert : 3.693 kJ \/ 882 kcal<\/span><\/p>\n<p style=\"text-align: left;\"><span style=\"color: #000000;\">Eiwei\u00df, Kohlenhydrate, Zucker, Ballaststoffe, Natrium\u00a0: 0 g<\/span><\/p>\n<p style=\"text-align: left;\"><span style=\"color: #000000;\">Fett : 100 g, davon<\/span><\/p>\n<p style=\"text-align: left;\"><span style=\"color: #000000;\">ges\u00e4ttigte Fetts\u00e4uren : 13 g<\/span><\/p>\n<p style=\"text-align: left;\"><span style=\"color: #000000;\">einfach unges\u00e4ttigte Fetts\u00e4uren : 24 g<\/span><\/p>\n<p style=\"text-align: left;\"><span style=\"color: #000000;\">mehrfach unges\u00e4ttigte Fetts\u00e4uren : 63 g<\/span><\/p>\n<p style=\"text-align: left;\"><span style=\"color: #000000;\"><strong>Verpackung :<\/strong><\/span><\/p>\n<p style=\"text-align: left;\"><span style=\"color: #800000;\"><strong>JUVIN<\/strong><\/span>\u00a0<span style=\"color: #000000;\">Bohnenkraut\u00f6l wird in einer 100 ml fassenden Metallflasche (<em>Wei\u00dfblech<\/em>) verkauft. Der Ausgie\u00dfer ist aus Kunststoff. Vor Gebrauch muss die Versiegelung entfernt werden.<br \/>\n<\/span><\/p>\n<p style=\"text-align: left;\"><span style=\"color: #000000;\"><strong>Anwendung :<\/strong><\/span><\/p>\n<p style=\"text-align: left;\"><span style=\"color: #800000;\"><span style=\"color: #000000;\"><strong><span style=\"color: #ff0000;\">folgt<\/span><\/strong><br \/>\n<\/span><\/span><\/p>\n<p style=\"text-align: left;\"><span style=\"color: #000000;\"><strong>Bestellhinweis :<\/strong><\/span><\/p>\n<p style=\"text-align: left;\"><span style=\"color: #000000;\">Dieses Produkt findest Du<\/span> <a href=\"http:\/\/juvin.de\/?product=45-bohnenkrautoel\" target=\"_blank\" rel=\"noopener noreferrer\"><strong>HIER<\/strong><\/a><\/p>\n","protected":false},"excerpt":{"rendered":"<p>JUVIN Bohnenkraut\u00f6l ist sortenrein und frei von Zus\u00e4tzen. Herstellung : JUVIN Bohnenkraut\u00f6l wird aus den naturbelassenen Samen des Bohnenkrauts gepresst. Die Samen werden\u00a0traditionell\u00a0geerntet, gereinigt und kaltge\u00adpresst bei ca. 27\u00b0C. Die traditionelle Herstellung\u00a0erfolgt unter Beachtung \u00f6kologisch-nachhaltiger Aspekte. Produktinformationen : Herkunft : Nicht-EU \/ Zutaten : Bohnenkrautsamen (unbehandelt) Kann Spuren von Schalenfr\u00fcchten &amp; Getreide enthalten. N\u00e4hrwert \/&hellip; <\/p>\n","protected":false},"author":2,"featured_media":0,"parent":127,"menu_order":46,"comment_status":"closed","ping_status":"closed","template":"","meta":{"footnotes":""},"class_list":["post-2013","page","type-page","status-publish","hentry"],"_links":{"self":[{"href":"https:\/\/juvin.de\/index.php?rest_route=\/wp\/v2\/pages\/2013","targetHints":{"allow":["GET"]}}],"collection":[{"href":"https:\/\/juvin.de\/index.php?rest_route=\/wp\/v2\/pages"}],"about":[{"href":"https:\/\/juvin.de\/index.php?rest_route=\/wp\/v2\/types\/page"}],"author":[{"embeddable":true,"href":"https:\/\/juvin.de\/index.php?rest_route=\/wp\/v2\/users\/2"}],"replies":[{"embeddable":true,"href":"https:\/\/juvin.de\/index.php?rest_route=%2Fwp%2Fv2%2Fcomments&post=2013"}],"version-history":[{"count":4,"href":"https:\/\/juvin.de\/index.php?rest_route=\/wp\/v2\/pages\/2013\/revisions"}],"predecessor-version":[{"id":3107,"href":"https:\/\/juvin.de\/index.php?rest_route=\/wp\/v2\/pages\/2013\/revisions\/3107"}],"up":[{"embeddable":true,"href":"https:\/\/juvin.de\/index.php?rest_route=\/wp\/v2\/pages\/127"}],"wp:attachment":[{"href":"https:\/\/juvin.de\/index.php?rest_route=%2Fwp%2Fv2%2Fmedia&parent=2013"}],"curies":[{"name":"wp","href":"https:\/\/api.w.org\/{rel}","templated":true}]}}