{"id":22,"date":"2014-01-28T20:51:29","date_gmt":"2014-01-28T19:51:29","guid":{"rendered":"http:\/\/enia-oil.com\/wp\/?page_id=22"},"modified":"2025-04-07T16:49:42","modified_gmt":"2025-04-07T15:49:42","slug":"enia-oliveoil","status":"publish","type":"page","link":"https:\/\/juvin.de\/?page_id=22","title":{"rendered":"JUVIN Oliven\u00f6l"},"content":{"rendered":"<p style=\"text-align: center;\"><img loading=\"lazy\" decoding=\"async\" class=\"aligncenter  wp-image-1775\" src=\"http:\/\/juvin.de\/wp-content\/uploads\/2014\/03\/Zante-Neu.jpg\" alt=\"\" width=\"103\" height=\"131\" \/><\/p>\n<p style=\"text-align: center;\"><span style=\"color: #000000;\"><strong>Sonnet &#8211; To Zante (1837)<\/strong><\/span><\/p>\n<p style=\"text-align: center;\"><span style=\"color: #000000;\"><em><strong>Fior di Levante<\/strong> &#8211; Blume des Ostens<\/em><\/span><\/p>\n<p style=\"text-align: center;\"><span style=\"color: #000000;\">Fair isle, that from the fairest of all flowers.<br \/>\nThy gentlest of all gentle names dost take!<br \/>\nHow many memories of what radiant hours.<br \/>\nAt sight of thee and thine at once awake!<br \/>\nHow many scenes of what departed bliss!<br \/>\nHow many thoughts of what entombed hopes!<br \/>\nHow many visions of a maiden that is<br \/>\nNo more \u2014 no more upon thy verdant slopes!<br \/>\n<i>No more!<\/i> \u2014 alas, that magical sad sound<br \/>\nTransforming all! Thy charms shall please <i>no <\/i>more \u2014<br \/>\n<em>Thy memory no more! Accursed ground<\/em><br \/>\n<em> Henceforth I hold thy flower-enamelled shore,<\/em><br \/>\n<em> O, hyacinthine isle! O, purple Zante!<\/em><br \/>\n<em> &#8222;Isola d&#8217;oro! Fior di Levante!&#8220;<\/em><\/span><\/p>\n<p style=\"text-align: center;\"><span style=\"color: #000000;\"><strong>Edgar Allan Poe<\/strong><\/span><\/p>\n<p style=\"text-align: center;\"><span style=\"color: #000000;\">____________________________________________________________<\/span><\/p>\n<p style=\"text-align: center;\"><img loading=\"lazy\" decoding=\"async\" class=\"aligncenter wp-image-1476 size-medium\" src=\"https:\/\/juvin.de\/wp-content\/uploads\/2014\/03\/cropped-LOGO-300x129.jpg\" alt=\"\" width=\"300\" height=\"129\" srcset=\"https:\/\/juvin.de\/wp-content\/uploads\/2014\/03\/cropped-LOGO-300x129.jpg 300w, https:\/\/juvin.de\/wp-content\/uploads\/2014\/03\/cropped-LOGO-600x258.jpg 600w, https:\/\/juvin.de\/wp-content\/uploads\/2014\/03\/cropped-LOGO.jpg 645w\" sizes=\"auto, (max-width: 300px) 100vw, 300px\" \/><\/p>\n<p style=\"text-align: center;\"><span style=\"color: #800000;\"><strong>JUVIN<\/strong><\/span> <span style=\"color: #000000;\">Oliven\u00f6l ist ein 100% sortenreines Premiumprodukt.<\/span><\/p>\n<p style=\"text-align: center;\"><span style=\"color: #800000;\"><strong>JUVIN<\/strong><\/span> <span style=\"color: #000000;\">Oliven\u00f6l wird aus der <em>Coronega <\/em>Olive gewonnen. Der Geschmack ist unverwechselbar aromatisch.<\/span><\/p>\n<p style=\"text-align: center;\"><span style=\"color: #000000;\">Die handgepfl\u00fcckte und unbehandelte <em>Coronega <\/em>Olive wird traditionell geerntet, entkernt, gemahlen und kaltgepresst bei ca. 27\u00b0C.<\/span><\/p>\n<p style=\"text-align: center;\"><span style=\"color: #800000;\"><strong>JUVIN <\/strong><\/span><span style=\"color: #000000;\">Oliven\u00f6l umschmeichelt die Sinne und unterstreicht geschmacklich die \u00dcberlegenheit dieses Premium\u00f6ls.<\/span><\/p>\n","protected":false},"excerpt":{"rendered":"<p>Sonnet &#8211; To Zante (1837) Fior di Levante &#8211; Blume des Ostens Fair isle, that from the fairest of all flowers. Thy gentlest of all gentle names dost take! How many memories of what radiant hours. At sight of thee and thine at once awake! How many scenes of what departed bliss! How many thoughts&hellip; <\/p>\n","protected":false},"author":1,"featured_media":0,"parent":0,"menu_order":2,"comment_status":"closed","ping_status":"closed","template":"","meta":{"footnotes":""},"class_list":["post-22","page","type-page","status-publish","hentry"],"_links":{"self":[{"href":"https:\/\/juvin.de\/index.php?rest_route=\/wp\/v2\/pages\/22","targetHints":{"allow":["GET"]}}],"collection":[{"href":"https:\/\/juvin.de\/index.php?rest_route=\/wp\/v2\/pages"}],"about":[{"href":"https:\/\/juvin.de\/index.php?rest_route=\/wp\/v2\/types\/page"}],"author":[{"embeddable":true,"href":"https:\/\/juvin.de\/index.php?rest_route=\/wp\/v2\/users\/1"}],"replies":[{"embeddable":true,"href":"https:\/\/juvin.de\/index.php?rest_route=%2Fwp%2Fv2%2Fcomments&post=22"}],"version-history":[{"count":14,"href":"https:\/\/juvin.de\/index.php?rest_route=\/wp\/v2\/pages\/22\/revisions"}],"predecessor-version":[{"id":3123,"href":"https:\/\/juvin.de\/index.php?rest_route=\/wp\/v2\/pages\/22\/revisions\/3123"}],"wp:attachment":[{"href":"https:\/\/juvin.de\/index.php?rest_route=%2Fwp%2Fv2%2Fmedia&parent=22"}],"curies":[{"name":"wp","href":"https:\/\/api.w.org\/{rel}","templated":true}]}}