{"id":251,"date":"2014-07-03T13:33:40","date_gmt":"2014-07-03T12:33:40","guid":{"rendered":"http:\/\/enia-oil.com\/?page_id=251"},"modified":"2025-04-07T16:56:55","modified_gmt":"2025-04-07T15:56:55","slug":"produktinformation","status":"publish","type":"page","link":"https:\/\/juvin.de\/?page_id=251","title":{"rendered":"Produktinformationen"},"content":{"rendered":"<p style=\"text-align: center;\" align=\"right\"><img loading=\"lazy\" decoding=\"async\" class=\"aligncenter wp-image-2991 size-medium\" src=\"https:\/\/juvin.de\/wp-content\/uploads\/2016\/10\/00-225x300.jpg\" alt=\"\" width=\"225\" height=\"300\" srcset=\"https:\/\/juvin.de\/wp-content\/uploads\/2016\/10\/00-225x300.jpg 225w, https:\/\/juvin.de\/wp-content\/uploads\/2016\/10\/00-768x1024.jpg 768w, https:\/\/juvin.de\/wp-content\/uploads\/2016\/10\/00-1152x1536.jpg 1152w, https:\/\/juvin.de\/wp-content\/uploads\/2016\/10\/00-1536x2048.jpg 1536w, https:\/\/juvin.de\/wp-content\/uploads\/2016\/10\/00-600x800.jpg 600w, https:\/\/juvin.de\/wp-content\/uploads\/2016\/10\/00.jpg 1800w\" sizes=\"auto, (max-width: 225px) 100vw, 225px\" \/><\/p>\n<p style=\"text-align: left;\" align=\"right\"><span style=\"color: #000000;\">S\u00e4uregehalt : 0\u20130,5 %<\/span><\/p>\n<p><span style=\"color: #000000;\"><b>N\u00e4hrwert \/ je 100 ml<\/b><\/span><\/p>\n<p><span style=\"color: #000000;\">Brennwert : 3.389 kJ \/ 824 kcal<\/span><\/p>\n<p style=\"text-align: left;\"><span style=\"color: #000000;\">Eiwei\u00df, Kohlenhydrate, Zucker, Ballaststoffe, Natrium\u00a0: 0 g<\/span><\/p>\n<p><span style=\"color: #000000;\">Fett : 91,6 g, davon<\/span><\/p>\n<p><span style=\"color: #000000;\">ges\u00e4ttigte Fetts\u00e4uren : 14 g<\/span><\/p>\n<p><span style=\"color: #000000;\">einfach unges\u00e4ttigte Fetts\u00e4uren :\u00a077 g<\/span><\/p>\n<p><span style=\"color: #000000;\">mehrfach unges\u00e4ttigte Fetts\u00e4uren :\u00a09 g<\/span><\/p>\n<p><strong>\u00a0&#8212;<\/strong><\/p>\n<p><span style=\"color: #000000;\"><span style=\"color: #800000;\"><strong>JUVIN <\/strong><\/span>Oliven\u00f6l ist in folgenden F\u00fcllgr\u00f6\u00dfen (Wei\u00dfblech) erh\u00e4ltlich :<\/span><\/p>\n<p><span style=\"color: #000000;\">250 ml, 500 ml, 750 ml, 5 l,<br \/>\n<\/span><\/p>\n<p style=\"text-align: left;\"><span style=\"color: #000000;\"><strong>Bestellhinweis :<\/strong><\/span><\/p>\n<p style=\"text-align: left;\"><span style=\"color: #000000;\">Dieses Produkt findest Du<\/span> <strong><a href=\"https:\/\/juvin.de\/?product_cat=juvin-oils\" target=\"_blank\" rel=\"noopener\">HIER<\/a><\/strong><\/p>\n","protected":false},"excerpt":{"rendered":"<p>S\u00e4uregehalt : 0\u20130,5 % N\u00e4hrwert \/ je 100 ml Brennwert : 3.389 kJ \/ 824 kcal Eiwei\u00df, Kohlenhydrate, Zucker, Ballaststoffe, Natrium\u00a0: 0 g Fett : 91,6 g, davon ges\u00e4ttigte Fetts\u00e4uren : 14 g einfach unges\u00e4ttigte Fetts\u00e4uren :\u00a077 g mehrfach unges\u00e4ttigte Fetts\u00e4uren :\u00a09 g \u00a0&#8212; JUVIN Oliven\u00f6l ist in folgenden F\u00fcllgr\u00f6\u00dfen (Wei\u00dfblech) erh\u00e4ltlich : 250 ml,&hellip; <\/p>\n","protected":false},"author":2,"featured_media":0,"parent":22,"menu_order":2,"comment_status":"closed","ping_status":"closed","template":"","meta":{"footnotes":""},"class_list":["post-251","page","type-page","status-publish","hentry"],"_links":{"self":[{"href":"https:\/\/juvin.de\/index.php?rest_route=\/wp\/v2\/pages\/251","targetHints":{"allow":["GET"]}}],"collection":[{"href":"https:\/\/juvin.de\/index.php?rest_route=\/wp\/v2\/pages"}],"about":[{"href":"https:\/\/juvin.de\/index.php?rest_route=\/wp\/v2\/types\/page"}],"author":[{"embeddable":true,"href":"https:\/\/juvin.de\/index.php?rest_route=\/wp\/v2\/users\/2"}],"replies":[{"embeddable":true,"href":"https:\/\/juvin.de\/index.php?rest_route=%2Fwp%2Fv2%2Fcomments&post=251"}],"version-history":[{"count":18,"href":"https:\/\/juvin.de\/index.php?rest_route=\/wp\/v2\/pages\/251\/revisions"}],"predecessor-version":[{"id":3127,"href":"https:\/\/juvin.de\/index.php?rest_route=\/wp\/v2\/pages\/251\/revisions\/3127"}],"up":[{"embeddable":true,"href":"https:\/\/juvin.de\/index.php?rest_route=\/wp\/v2\/pages\/22"}],"wp:attachment":[{"href":"https:\/\/juvin.de\/index.php?rest_route=%2Fwp%2Fv2%2Fmedia&parent=251"}],"curies":[{"name":"wp","href":"https:\/\/api.w.org\/{rel}","templated":true}]}}