{"id":412,"date":"2014-07-13T07:29:48","date_gmt":"2014-07-13T06:29:48","guid":{"rendered":"http:\/\/enia-oil.com\/?page_id=412"},"modified":"2025-04-07T16:04:54","modified_gmt":"2025-04-07T15:04:54","slug":"cannabisol","status":"publish","type":"page","link":"https:\/\/juvin.de\/?page_id=412","title":{"rendered":"08 Cannabis\u00f6l"},"content":{"rendered":"<p><img loading=\"lazy\" decoding=\"async\" class=\"aligncenter wp-image-2999 size-medium\" src=\"https:\/\/juvin.de\/wp-content\/uploads\/2016\/10\/08-178x300.jpg\" alt=\"\" width=\"178\" height=\"300\" srcset=\"https:\/\/juvin.de\/wp-content\/uploads\/2016\/10\/08-178x300.jpg 178w, https:\/\/juvin.de\/wp-content\/uploads\/2016\/10\/08-608x1024.jpg 608w, https:\/\/juvin.de\/wp-content\/uploads\/2016\/10\/08-768x1294.jpg 768w, https:\/\/juvin.de\/wp-content\/uploads\/2016\/10\/08-912x1536.jpg 912w, https:\/\/juvin.de\/wp-content\/uploads\/2016\/10\/08-1216x2048.jpg 1216w, https:\/\/juvin.de\/wp-content\/uploads\/2016\/10\/08-600x1011.jpg 600w, https:\/\/juvin.de\/wp-content\/uploads\/2016\/10\/08.jpg 1262w\" sizes=\"auto, (max-width: 178px) 100vw, 178px\" \/><\/p>\n<p style=\"text-align: center;\"><span style=\"color: #000000;\"><span style=\"color: #800000;\"><strong><strong>JUVIN<\/strong> <\/strong><span style=\"color: #000000;\">Cannabis<\/span><span style=\"color: #000000;\">\u00f6l ist sortenrein und frei von Zus\u00e4tzen.<\/span><\/span><\/span><\/p>\n<p style=\"text-align: left;\"><span style=\"color: #000000;\"><strong>Herstellung :<\/strong><\/span><\/p>\n<p style=\"text-align: left;\"><span style=\"color: #800000;\"><strong>JUVIN<\/strong><\/span> <span style=\"color: #000000;\">Cannabis\u00f6l wird\u00a0aus\u00a0den Samen der\u00a0Cannabis Sativa\u00a0gepresst. <\/span><span style=\"color: #000000;\">Die Samen\u00a0werden\u00a0traditionell geerntet,\u00a0gereinigt und kaltge\u00adpresst bei ca. 27\u00b0C.<\/span><\/p>\n<p style=\"text-align: left;\"><span style=\"color: #000000;\">Die traditionelle Herstellung\u00a0erfolgt unter Beachtung \u00f6kologisch-nachhaltiger Aspekte.<\/span><\/p>\n<p style=\"text-align: left;\"><span style=\"color: #000000;\"><strong>Produktinformationen :<\/strong><\/span><\/p>\n<p style=\"text-align: left;\"><span style=\"color: #000000;\">Herkunft : Nicht-EU \/ Zutaten :\u00a0Cannabissamen (unbehandelt)<\/span><\/p>\n<p style=\"text-align: left;\"><strong><span style=\"color: #000000;\">Kann Spuren von Schalenfr\u00fcchten &amp; Getreide enthalten.<\/span><\/strong><\/p>\n<p style=\"text-align: left;\"><span style=\"color: #000000;\"><b>N\u00e4hrwert \/ je 100 g<br \/>\n<\/b><\/span><\/p>\n<p style=\"text-align: left;\"><span style=\"color: #000000;\">Brennwert : 3.700 kJ \/ 900 kcal<\/span><\/p>\n<p style=\"text-align: left;\"><span style=\"color: #000000;\">Eiwei\u00df, Kohlenhydrate, Zucker, Ballaststoffe, Natrium\u00a0: 0 g<\/span><\/p>\n<p style=\"text-align: left;\"><span style=\"color: #000000;\">Fett : 100 g, davon<\/span><\/p>\n<p style=\"text-align: left;\"><span style=\"color: #000000;\">ges\u00e4ttigte Fetts\u00e4uren : 11 g<\/span><\/p>\n<p style=\"text-align: left;\"><span style=\"color: #000000;\">einfach unges\u00e4ttigte Fetts\u00e4uren : 15 g<\/span><\/p>\n<p style=\"text-align: left;\"><span style=\"color: #000000;\">mehrfach unges\u00e4ttigte Fetts\u00e4uren : 74 g<\/span><\/p>\n<p style=\"text-align: left;\"><span style=\"color: #000000;\"><strong>Verpackung :<\/strong><\/span><\/p>\n<p style=\"text-align: left;\"><span style=\"color: #800000;\"><strong>JUVIN<\/strong><\/span> <span style=\"color: #000000;\">Cannabis\u00f6l wird in einer 100 ml fassenden Metallflasche (<em>Wei\u00dfblech<\/em>) verkauft. Der Ausgie\u00dfer ist aus Kunststoff. Vor Gebrauch muss die Versiegelung entfernt werden.<\/span><\/p>\n<p style=\"text-align: left;\"><span style=\"color: #000000;\"><strong>Anwendung\u00a0:<\/strong><\/span><\/p>\n<p style=\"text-align: left;\"><strong><span style=\"color: #800000;\">JUVIN<\/span><\/strong> <span style=\"color: #000000;\">Cannabis\u00f6l kann dank des bekannten und\u00a0typischen\u00a0grasigen Geruchs und Geschmacks in der Rohkostzubereitung verwendet werden. Es eignet sich ebenfalls zum w\u00fcrzen von So\u00dfen und Kaltgerichten&#8230;<\/span><\/p>\n<p style=\"text-align: left;\"><span style=\"color: #000000;\"><strong>Bestellhinweis :<\/strong><\/span><\/p>\n<p style=\"text-align: left;\"><span style=\"color: #000000;\">Dieses Produkt findest Du<\/span> <strong><a href=\"http:\/\/juvin.de\/?product=08-cannabisol\" target=\"_blank\" rel=\"noopener noreferrer\">HIER<\/a><\/strong><\/p>\n","protected":false},"excerpt":{"rendered":"<p>JUVIN Cannabis\u00f6l ist sortenrein und frei von Zus\u00e4tzen. Herstellung : JUVIN Cannabis\u00f6l wird\u00a0aus\u00a0den Samen der\u00a0Cannabis Sativa\u00a0gepresst. Die Samen\u00a0werden\u00a0traditionell geerntet,\u00a0gereinigt und kaltge\u00adpresst bei ca. 27\u00b0C. Die traditionelle Herstellung\u00a0erfolgt unter Beachtung \u00f6kologisch-nachhaltiger Aspekte. Produktinformationen : Herkunft : Nicht-EU \/ Zutaten :\u00a0Cannabissamen (unbehandelt) Kann Spuren von Schalenfr\u00fcchten &amp; Getreide enthalten. N\u00e4hrwert \/ je 100 g Brennwert : 3.700&hellip; <\/p>\n","protected":false},"author":2,"featured_media":0,"parent":127,"menu_order":9,"comment_status":"closed","ping_status":"closed","template":"","meta":{"footnotes":""},"class_list":["post-412","page","type-page","status-publish","hentry"],"_links":{"self":[{"href":"https:\/\/juvin.de\/index.php?rest_route=\/wp\/v2\/pages\/412","targetHints":{"allow":["GET"]}}],"collection":[{"href":"https:\/\/juvin.de\/index.php?rest_route=\/wp\/v2\/pages"}],"about":[{"href":"https:\/\/juvin.de\/index.php?rest_route=\/wp\/v2\/types\/page"}],"author":[{"embeddable":true,"href":"https:\/\/juvin.de\/index.php?rest_route=\/wp\/v2\/users\/2"}],"replies":[{"embeddable":true,"href":"https:\/\/juvin.de\/index.php?rest_route=%2Fwp%2Fv2%2Fcomments&post=412"}],"version-history":[{"count":25,"href":"https:\/\/juvin.de\/index.php?rest_route=\/wp\/v2\/pages\/412\/revisions"}],"predecessor-version":[{"id":3059,"href":"https:\/\/juvin.de\/index.php?rest_route=\/wp\/v2\/pages\/412\/revisions\/3059"}],"up":[{"embeddable":true,"href":"https:\/\/juvin.de\/index.php?rest_route=\/wp\/v2\/pages\/127"}],"wp:attachment":[{"href":"https:\/\/juvin.de\/index.php?rest_route=%2Fwp%2Fv2%2Fmedia&parent=412"}],"curies":[{"name":"wp","href":"https:\/\/api.w.org\/{rel}","templated":true}]}}