{"id":427,"date":"2014-07-13T10:16:35","date_gmt":"2014-07-13T09:16:35","guid":{"rendered":"http:\/\/enia-oil.com\/?page_id=427"},"modified":"2025-04-07T16:05:49","modified_gmt":"2025-04-07T15:05:49","slug":"schwarzkummelol","status":"publish","type":"page","link":"https:\/\/juvin.de\/?page_id=427","title":{"rendered":"10 Schwarzk\u00fcmmel\u00f6l"},"content":{"rendered":"<p><img loading=\"lazy\" decoding=\"async\" class=\"aligncenter wp-image-3001 size-medium\" src=\"https:\/\/juvin.de\/wp-content\/uploads\/2016\/10\/10-1-176x300.jpg\" alt=\"\" width=\"176\" height=\"300\" srcset=\"https:\/\/juvin.de\/wp-content\/uploads\/2016\/10\/10-1-176x300.jpg 176w, https:\/\/juvin.de\/wp-content\/uploads\/2016\/10\/10-1-600x1025.jpg 600w, https:\/\/juvin.de\/wp-content\/uploads\/2016\/10\/10-1-768x1312.jpg 768w, https:\/\/juvin.de\/wp-content\/uploads\/2016\/10\/10-1-899x1536.jpg 899w, https:\/\/juvin.de\/wp-content\/uploads\/2016\/10\/10-1-1199x2048.jpg 1199w, https:\/\/juvin.de\/wp-content\/uploads\/2016\/10\/10-1.jpg 1236w\" sizes=\"auto, (max-width: 176px) 100vw, 176px\" \/><\/p>\n<p style=\"text-align: center;\"><span style=\"color: #800000;\"><strong>JUVIN<\/strong><\/span> <span style=\"color: #000000;\">Schwarzk\u00fcmmel\u00f6l ist\u00a0sortenrein und frei von Zus\u00e4tzen.<\/span><\/p>\n<p style=\"text-align: left;\"><span style=\"color: #000000;\"><strong>Herstellung :<\/strong><\/span><\/p>\n<p style=\"text-align: left;\"><span style=\"color: #800000;\"><strong>JUVIN<\/strong><\/span> S<span style=\"color: #000000;\">chwarzk\u00fcmmel\u00f6l wird\u00a0aus echtem Schwarzk\u00fcmmel gepresst. Der Schwarzk\u00fcmmel wird\u00a0traditionell geerntet,\u00a0gereinigt und kaltge\u00adpresst bei ca. 27\u00b0C.<\/span><\/p>\n<p style=\"text-align: left;\"><span style=\"color: #000000;\">Die traditionelle Herstellung\u00a0erfolgt unter Beachtung \u00f6kologisch-nachhaltiger Aspekte.<\/span><\/p>\n<p style=\"text-align: left;\"><span style=\"color: #000000;\"><strong>Produktinformationen :<\/strong><\/span><\/p>\n<p style=\"text-align: left;\"><span style=\"color: #000000;\">Herkunft : Nicht-EU \/ Zutaten :\u00a0Schwarzk\u00fcmmel (unbehandelt)<\/span><\/p>\n<p style=\"text-align: left;\"><span style=\"color: #000000;\">Kann Spuren von Schalenfr\u00fcchten &amp; Getreide enthalten.<\/span><\/p>\n<p style=\"text-align: left;\"><span style=\"color: #000000;\"><b>N\u00e4hrwert \/ je 100 g<br \/>\n<\/b><\/span><\/p>\n<p style=\"text-align: left;\"><span style=\"color: #000000;\">Brennwert : 3.705 kJ \/ 901 kcal<\/span><\/p>\n<p style=\"text-align: left;\"><span style=\"color: #000000;\">Eiwei\u00df, Kohlenhydrate, Zucker, Ballaststoffe, Natrium\u00a0: 0 g<\/span><\/p>\n<p style=\"text-align: left;\"><span style=\"color: #000000;\">Fett : 100 g, davon<\/span><\/p>\n<p style=\"text-align: left;\"><span style=\"color: #000000;\">ges\u00e4ttigte Fetts\u00e4uren : 15,8 g<\/span><\/p>\n<p style=\"text-align: left;\"><span style=\"color: #000000;\">einfach unges\u00e4ttigte Fetts\u00e4uren : 24,9 g<\/span><\/p>\n<p style=\"text-align: left;\"><span style=\"color: #000000;\">mehrfach unges\u00e4ttigte Fetts\u00e4uren : 59,3 g<\/span><\/p>\n<p style=\"text-align: left;\"><span style=\"color: #000000;\"><strong>Verpackung :<\/strong><\/span><\/p>\n<p style=\"text-align: left;\"><span style=\"color: #800000;\"><strong>JUVIN<\/strong><\/span> <span style=\"color: #000000;\">Schwarzk\u00fcmmel\u00f6l wird in einer 100 ml fassenden Metallflasche (<em>Wei\u00dfblech<\/em>) verkauft. Der Ausgie\u00dfer ist aus Kunststoff. Vor Gebrauch muss die Versiegelung entfernt werden.<\/span><\/p>\n<p style=\"text-align: left;\"><span style=\"color: #000000;\"><strong>Anwendung :<\/strong><\/span><\/p>\n<p style=\"text-align: left;\"><strong><strong><span style=\"color: #800000;\">JUVIN<\/span><\/strong><\/strong> <span style=\"color: #000000;\">Schwarzk\u00fcmmel\u00f6l ist als wertvolle Erg\u00e4nzung der t\u00e4glichen Nahrung\u00a0empfehlenswert. Es ist gut vertr\u00e4glich und darf in keiner K\u00fcche fehlen.<\/span><\/p>\n<p style=\"text-align: left;\"><span style=\"color: #000000;\"><strong>Bestellhinweis :<\/strong><\/span><\/p>\n<p style=\"text-align: left;\"><span style=\"color: #000000;\">Dieses Produkt findest Du<\/span> <strong><a href=\"http:\/\/juvin.de\/?product=10-schwarzkummelol\" target=\"_blank\" rel=\"noopener noreferrer\">HIER<\/a><\/strong><\/p>\n","protected":false},"excerpt":{"rendered":"<p>JUVIN Schwarzk\u00fcmmel\u00f6l ist\u00a0sortenrein und frei von Zus\u00e4tzen. Herstellung : JUVIN Schwarzk\u00fcmmel\u00f6l wird\u00a0aus echtem Schwarzk\u00fcmmel gepresst. Der Schwarzk\u00fcmmel wird\u00a0traditionell geerntet,\u00a0gereinigt und kaltge\u00adpresst bei ca. 27\u00b0C. Die traditionelle Herstellung\u00a0erfolgt unter Beachtung \u00f6kologisch-nachhaltiger Aspekte. Produktinformationen : Herkunft : Nicht-EU \/ Zutaten :\u00a0Schwarzk\u00fcmmel (unbehandelt) Kann Spuren von Schalenfr\u00fcchten &amp; Getreide enthalten. N\u00e4hrwert \/ je 100 g Brennwert : 3.705&hellip; <\/p>\n","protected":false},"author":2,"featured_media":0,"parent":127,"menu_order":11,"comment_status":"closed","ping_status":"closed","template":"","meta":{"footnotes":""},"class_list":["post-427","page","type-page","status-publish","hentry"],"_links":{"self":[{"href":"https:\/\/juvin.de\/index.php?rest_route=\/wp\/v2\/pages\/427","targetHints":{"allow":["GET"]}}],"collection":[{"href":"https:\/\/juvin.de\/index.php?rest_route=\/wp\/v2\/pages"}],"about":[{"href":"https:\/\/juvin.de\/index.php?rest_route=\/wp\/v2\/types\/page"}],"author":[{"embeddable":true,"href":"https:\/\/juvin.de\/index.php?rest_route=\/wp\/v2\/users\/2"}],"replies":[{"embeddable":true,"href":"https:\/\/juvin.de\/index.php?rest_route=%2Fwp%2Fv2%2Fcomments&post=427"}],"version-history":[{"count":22,"href":"https:\/\/juvin.de\/index.php?rest_route=\/wp\/v2\/pages\/427\/revisions"}],"predecessor-version":[{"id":3062,"href":"https:\/\/juvin.de\/index.php?rest_route=\/wp\/v2\/pages\/427\/revisions\/3062"}],"up":[{"embeddable":true,"href":"https:\/\/juvin.de\/index.php?rest_route=\/wp\/v2\/pages\/127"}],"wp:attachment":[{"href":"https:\/\/juvin.de\/index.php?rest_route=%2Fwp%2Fv2%2Fmedia&parent=427"}],"curies":[{"name":"wp","href":"https:\/\/api.w.org\/{rel}","templated":true}]}}