{"id":452,"date":"2014-07-13T11:07:39","date_gmt":"2014-07-13T10:07:39","guid":{"rendered":"http:\/\/enia-oil.com\/?page_id=452"},"modified":"2025-04-07T16:01:14","modified_gmt":"2025-04-07T15:01:14","slug":"susmandelol","status":"publish","type":"page","link":"https:\/\/juvin.de\/?page_id=452","title":{"rendered":"03 S\u00fc\u00dfmandel\u00f6l"},"content":{"rendered":"<p><img loading=\"lazy\" decoding=\"async\" class=\"aligncenter wp-image-2994 size-medium\" src=\"https:\/\/juvin.de\/wp-content\/uploads\/2016\/10\/03-183x300.jpg\" alt=\"\" width=\"183\" height=\"300\" srcset=\"https:\/\/juvin.de\/wp-content\/uploads\/2016\/10\/03-183x300.jpg 183w, https:\/\/juvin.de\/wp-content\/uploads\/2016\/10\/03-624x1024.jpg 624w, https:\/\/juvin.de\/wp-content\/uploads\/2016\/10\/03-768x1261.jpg 768w, https:\/\/juvin.de\/wp-content\/uploads\/2016\/10\/03-936x1536.jpg 936w, https:\/\/juvin.de\/wp-content\/uploads\/2016\/10\/03-600x985.jpg 600w, https:\/\/juvin.de\/wp-content\/uploads\/2016\/10\/03.jpg 1227w\" sizes=\"auto, (max-width: 183px) 100vw, 183px\" \/><\/p>\n<p style=\"text-align: center;\"><span style=\"color: #000000;\"><span style=\"color: #800000;\"><strong>JUVIN<\/strong><\/span> S\u00fc\u00dfmandel\u00f6l ist sortenrein und frei von Zus\u00e4tzen.<\/span><\/p>\n<p><span style=\"color: #000000;\"><strong>Herstellung :<\/strong><\/span><\/p>\n<p><span style=\"color: #800000;\"><strong>JUVIN<\/strong><\/span> S<span style=\"color: #000000;\">\u00fc\u00dfmandel\u00f6l wird\u00a0aus\u00a0naturbelassenen und unger\u00f6steten s\u00fc\u00dfen Mandeln\u00a0gepresst. <\/span><span style=\"color: #000000;\">Die Mandeln\u00a0werden\u00a0traditionell geerntet,\u00a0entschalt, gereinigt und kaltge\u00adpresst bei ca. 27\u00b0C.<\/span><\/p>\n<p><span style=\"color: #000000;\">Die traditionelle Herstellung erfolgt unter Beachtung \u00f6kologisch-nachhaltiger Aspekte.<\/span><\/p>\n<p><span style=\"color: #000000;\"><strong>Produktinformationen :<\/strong><\/span><\/p>\n<p><span style=\"color: #000000;\">Herkunft : Nicht-EU \/ Zutaten :\u00a0S\u00fc\u00dfmandeln (unbehandelt)<\/span><\/p>\n<p><strong><span style=\"color: #000000;\">Kann Spuren von Schalenfr\u00fcchten &amp; Getreide enthalten.<\/span><\/strong><\/p>\n<p><strong><span style=\"color: #000000;\">N\u00e4hrwert \/ je 100 g<br \/>\n<\/span><\/strong><\/p>\n<p><span style=\"color: #000000;\">Brennwert : 3.700 kJ \/ 900 kcal<\/span><\/p>\n<p><span style=\"color: #000000;\">Eiwei\u00df, Kohlenhydrate, Zucker, Ballaststoffe, Natrium\u00a0: 0 g<\/span><\/p>\n<p><span style=\"color: #000000;\">Fett : 100 g, davon<\/span><\/p>\n<p><span style=\"color: #000000;\">ges\u00e4ttigte Fetts\u00e4uren : 6,8 g<\/span><\/p>\n<p><span style=\"color: #000000;\">einfach unges\u00e4ttigte Fetts\u00e4uren : 76 g<\/span><\/p>\n<p><span style=\"color: #000000;\">mehrfach unges\u00e4ttigte Fetts\u00e4uren : 17,2 g<\/span><\/p>\n<p><span style=\"color: #000000;\"><strong>Verpackung :<\/strong><\/span><\/p>\n<p><span style=\"color: #800000;\"><strong>JUVIN<\/strong> <\/span><span style=\"color: #000000;\">S\u00fc\u00dfmandel\u00f6l\u00a0wird in einer 100 ml fassenden Metallflasche (<em>Wei\u00dfblech<\/em>) verkauft. Der Ausgie\u00dfer ist aus Kunststoff. Vor Gebrauch muss die Versiegelung entfernt werden.<\/span><\/p>\n<p><span style=\"color: #000000;\"><strong>Anwendung\u00a0:<\/strong><\/span><\/p>\n<p><span style=\"color: #800000;\"><span style=\"color: #000000;\">Mit unserem<\/span> <strong>JUVIN<\/strong> <span style=\"color: #000000;\">S\u00fc\u00dfmandel\u00f6l<\/span><\/span><span style=\"color: #000000;\"> lassen sich Rohkostgerichte\u00a0verfeinern. Es eignet sich ebenfalls zum backen.<br \/>\n<\/span><\/p>\n<p><span style=\"color: #000000;\">Au\u00dferdem passt unser \u00d6l zu\u00a0vollwertigem Fr\u00fchst\u00fccksm\u00fcsli.<\/span><\/p>\n<p><span style=\"color: #000000;\"><strong>Bestellhinweis :<\/strong><\/span><\/p>\n<p><span style=\"color: #000000;\">Dieses Produkt findest Du<\/span> <strong><a href=\"http:\/\/juvin.de\/?product=03-susmandelol\" target=\"_blank\" rel=\"noopener noreferrer\">HIER<\/a><\/strong><\/p>\n","protected":false},"excerpt":{"rendered":"<p>JUVIN S\u00fc\u00dfmandel\u00f6l ist sortenrein und frei von Zus\u00e4tzen. Herstellung : JUVIN S\u00fc\u00dfmandel\u00f6l wird\u00a0aus\u00a0naturbelassenen und unger\u00f6steten s\u00fc\u00dfen Mandeln\u00a0gepresst. Die Mandeln\u00a0werden\u00a0traditionell geerntet,\u00a0entschalt, gereinigt und kaltge\u00adpresst bei ca. 27\u00b0C. Die traditionelle Herstellung erfolgt unter Beachtung \u00f6kologisch-nachhaltiger Aspekte. Produktinformationen : Herkunft : Nicht-EU \/ Zutaten :\u00a0S\u00fc\u00dfmandeln (unbehandelt) Kann Spuren von Schalenfr\u00fcchten &amp; Getreide enthalten. N\u00e4hrwert \/ je 100 g&hellip; <\/p>\n","protected":false},"author":2,"featured_media":0,"parent":127,"menu_order":4,"comment_status":"closed","ping_status":"closed","template":"","meta":{"footnotes":""},"class_list":["post-452","page","type-page","status-publish","hentry"],"_links":{"self":[{"href":"https:\/\/juvin.de\/index.php?rest_route=\/wp\/v2\/pages\/452","targetHints":{"allow":["GET"]}}],"collection":[{"href":"https:\/\/juvin.de\/index.php?rest_route=\/wp\/v2\/pages"}],"about":[{"href":"https:\/\/juvin.de\/index.php?rest_route=\/wp\/v2\/types\/page"}],"author":[{"embeddable":true,"href":"https:\/\/juvin.de\/index.php?rest_route=\/wp\/v2\/users\/2"}],"replies":[{"embeddable":true,"href":"https:\/\/juvin.de\/index.php?rest_route=%2Fwp%2Fv2%2Fcomments&post=452"}],"version-history":[{"count":39,"href":"https:\/\/juvin.de\/index.php?rest_route=\/wp\/v2\/pages\/452\/revisions"}],"predecessor-version":[{"id":3054,"href":"https:\/\/juvin.de\/index.php?rest_route=\/wp\/v2\/pages\/452\/revisions\/3054"}],"up":[{"embeddable":true,"href":"https:\/\/juvin.de\/index.php?rest_route=\/wp\/v2\/pages\/127"}],"wp:attachment":[{"href":"https:\/\/juvin.de\/index.php?rest_route=%2Fwp%2Fv2%2Fmedia&parent=452"}],"curies":[{"name":"wp","href":"https:\/\/api.w.org\/{rel}","templated":true}]}}