{"id":51,"date":"2014-01-28T22:58:53","date_gmt":"2014-01-28T21:58:53","guid":{"rendered":"http:\/\/enia-oil.com\/wp\/?page_id=51"},"modified":"2020-12-06T13:06:58","modified_gmt":"2020-12-06T12:06:58","slug":"unternehmen","status":"publish","type":"page","link":"https:\/\/juvin.de\/?page_id=51","title":{"rendered":"\u00dcber uns"},"content":{"rendered":"<p style=\"padding-left: 30px;\">Verantwortlich f\u00fcr den Inhalt nach \u00a7 55 Abs. 2 RStV :<\/p>\n<p style=\"padding-left: 30px;\"><strong>S.O.E.N.X. GmbH &amp; Co. Handels KG<\/strong><\/p>\n<p style=\"padding-left: 30px;\">Katzbachstra\u00dfe 4<\/p>\n<p style=\"padding-left: 30px;\">10965 Berlin<\/p>\n<p style=\"padding-left: 30px;\">USt-ID : DE 294826363<\/p>\n<p style=\"padding-left: 30px;\">HReg. :\u00a0\u00a0\u00a0HRA 49428B \/ AG Berlin-Charlottenburg<\/p>\n<p style=\"padding-left: 30px;\">GF :\u00a0\u00a0\u00a0\u00a0\u00a0\u00a0\u00a0 \u00a0S\u00f6nke Michaelis<\/p>\n<p style=\"padding-left: 30px;\"><span style=\"color: #ffffff;\">.<\/span><\/p>\n<p style=\"padding-left: 30px;\">Kontakt :<\/p>\n<p style=\"padding-left: 30px;\">Hotline :<strong> +49 (0) 177 \/ 30 20 10 6<\/strong><\/p>\n<p style=\"padding-left: 30px;\">Tel. :\u00a0\u00a0 +49 (0)30 \/ 884 711 45<\/p>\n<p style=\"padding-left: 30px;\">Fax :\u00a0\u00a0 +49 (0)30 \/ 884 711 49<\/p>\n<p style=\"padding-left: 30px;\">Mail :\u00a0 info(at)juvin.de<\/p>\n<p>Gesetzlicher Vertreter :<\/p>\n<p>S.O.E.N.X. GmbH f\u00fcr Werbung und Marketing<br \/>Katzbachstra\u00dfe 4, 10965 Berlin<br \/>Tel. : +49 (0)30 \/ 884 711 45<br \/>Fax : +49 (0)30 \/ 884 711 49<br \/>Mail : info@soenx.de<\/p>\n<p>GF : S\u00f6nke Michaelis<br \/>USt-ID : DE 217617241<br \/>HReg : HRB 78638 AG Berlin-Charlottenburg<\/p>\n<p style=\"text-align: justify;\"><strong>Haftung f\u00fcr Inhalte<\/strong><\/p>\n<p style=\"text-align: justify;\">Als Diensteanbieter sind wir gem\u00e4\u00df \u00a7 7 Abs.1 TMG f\u00fcr eigene Inhalte auf diesen Seiten nach den allgemeinen Gesetzen verantwortlich. Nach \u00a7\u00a7 8 bis 10 TMG sind wir als Diensteanbieter jedoch nicht verpflichtet, \u00fcbermittelte oder gespeicherte fremde Informationen zu \u00fcberwachen oder nach Umst\u00e4nden zu forschen, die auf eine rechtswidrige T\u00e4tigkeit hinweisen. Verpflichtungen zur Entfernung oder Sperrung der Nutzung von Informationen nach den allgemeinen Gesetzen bleiben hiervon unber\u00fchrt. Eine diesbez\u00fcgliche Haftung ist jedoch erst ab dem Zeitpunkt der Kenntnis einer konkreten Rechtsverletzung m\u00f6glich. Bei Bekanntwerden von entsprechenden Rechtsverletzungen werden wir diese Inhalte umgehend entfernen.<\/p>\n<p style=\"text-align: justify;\"><strong>Haftung f\u00fcr Links<\/strong><\/p>\n<p style=\"text-align: justify;\">Unser Angebot enth\u00e4lt Links zu externen Webseiten Dritter, auf deren Inhalte wir keinen Einfluss haben. Deshalb k\u00f6nnen wir f\u00fcr diese fremden Inhalte auch keine Gew\u00e4hr \u00fcbernehmen. F\u00fcr die Inhalte der verlinkten Seiten ist stets der jeweilige Anbieter oder Betreiber der Seiten verantwortlich. Die verlinkten Seiten wurden zum Zeitpunkt der Verlinkung auf m\u00f6gliche Rechtsverst\u00f6\u00dfe \u00fcberpr\u00fcft. Rechtswidrige Inhalte waren zum Zeitpunkt der Verlinkung nicht erkennbar. Eine permanente inhaltliche Kontrolle der verlinkten Seiten ist jedoch ohne konkrete Anhaltspunkte einer Rechtsverletzung nicht zumutbar. Bei Bekanntwerden von Rechtsverletzungen werden wir derartige Links umgehend entfernen.<\/p>\n<p style=\"text-align: justify;\"><strong>Urheberrecht<\/strong><\/p>\n<p style=\"text-align: justify;\">Die durch die Seitenbetreiber erstellten Inhalte und Werke auf diesen Seiten unterliegen dem deutschen Urheberrecht. Die Vervielf\u00e4ltigung, Bearbeitung, Verbreitung und jede Art der Verwertung au\u00dferhalb der Grenzen des Urheberrechtes bed\u00fcrfen der schriftlichen Zustimmung des jeweiligen Autors bzw. Erstellers. Downloads und Kopien dieser Seite sind nur f\u00fcr den privaten, nicht kommerziellen Gebrauch gestattet. Soweit die Inhalte auf dieser Seite nicht vom Betreiber erstellt wurden, werden die Urheberrechte Dritter beachtet. Insbesondere werden Inhalte Dritter als solche gekennzeichnet. Sollten Sie trotzdem auf eine Urheberrechtsverletzung aufmerksam werden, bitten wir um einen entsprechenden Hinweis. Bei Bekanntwerden von Rechtsverletzungen werden wir derartige Inhalte umgehend entfernen.<\/p>\n<p style=\"padding-left: 60px;\"><i>Quellen: <a href=\"http:\/\/www.e-recht24.de\/muster-disclaimer.html\" target=\"_blank\" rel=\"nofollow noopener noreferrer\">Disclaimer<\/a> von eRecht24, dem Portal zum Internetrecht von Rechtsanwalt S\u00f6ren Siebert<\/i><\/p>\n\n\n<p><\/p>\n","protected":false},"excerpt":{"rendered":"<p>Verantwortlich f\u00fcr den Inhalt nach \u00a7 55 Abs. 2 RStV : S.O.E.N.X. GmbH &amp; Co. Handels KG Katzbachstra\u00dfe 4 10965 Berlin USt-ID : DE 294826363 HReg. :\u00a0\u00a0\u00a0HRA 49428B \/ AG Berlin-Charlottenburg GF :\u00a0\u00a0\u00a0\u00a0\u00a0\u00a0\u00a0 \u00a0S\u00f6nke Michaelis . Kontakt : Hotline : +49 (0) 177 \/ 30 20 10 6 Tel. :\u00a0\u00a0 +49 (0)30 \/ 884 711&hellip; <\/p>\n","protected":false},"author":1,"featured_media":0,"parent":0,"menu_order":9,"comment_status":"closed","ping_status":"closed","template":"","meta":{"footnotes":""},"class_list":["post-51","page","type-page","status-publish","hentry"],"_links":{"self":[{"href":"https:\/\/juvin.de\/index.php?rest_route=\/wp\/v2\/pages\/51","targetHints":{"allow":["GET"]}}],"collection":[{"href":"https:\/\/juvin.de\/index.php?rest_route=\/wp\/v2\/pages"}],"about":[{"href":"https:\/\/juvin.de\/index.php?rest_route=\/wp\/v2\/types\/page"}],"author":[{"embeddable":true,"href":"https:\/\/juvin.de\/index.php?rest_route=\/wp\/v2\/users\/1"}],"replies":[{"embeddable":true,"href":"https:\/\/juvin.de\/index.php?rest_route=%2Fwp%2Fv2%2Fcomments&post=51"}],"version-history":[{"count":37,"href":"https:\/\/juvin.de\/index.php?rest_route=\/wp\/v2\/pages\/51\/revisions"}],"predecessor-version":[{"id":2592,"href":"https:\/\/juvin.de\/index.php?rest_route=\/wp\/v2\/pages\/51\/revisions\/2592"}],"wp:attachment":[{"href":"https:\/\/juvin.de\/index.php?rest_route=%2Fwp%2Fv2%2Fmedia&parent=51"}],"curies":[{"name":"wp","href":"https:\/\/api.w.org\/{rel}","templated":true}]}}