{"id":578,"date":"2014-07-24T10:37:45","date_gmt":"2014-07-24T09:37:45","guid":{"rendered":"http:\/\/enia-oil.com\/?page_id=578"},"modified":"2020-12-06T13:11:51","modified_gmt":"2020-12-06T12:11:51","slug":"agb","status":"publish","type":"page","link":"https:\/\/juvin.de\/?page_id=578","title":{"rendered":"AGB"},"content":{"rendered":"<p><strong>Allgemeine Gesch\u00e4ftsbedingungen mit Kundeninformationen f\u00fcr den JUVIN Online-Shop<\/strong><strong>\u00a0<\/strong><\/p>\n<p><strong>\u00a0<\/strong><\/p>\n<ol>\n<li><strong>Geltungsbereich<\/strong><\/li>\n<\/ol>\n<p>1.1\u00a0\u00a0\u00a0\u00a0\u00a0\u00a0 Diese Allgemeinen Gesch\u00e4ftsbedingungen (\u201e<strong>AGB<\/strong>\u201c) gelten f\u00fcr alle Vertr\u00e4ge \u00fcber die Lieferung von Waren, die ein Verbraucher oder Unternehmer (\u201e<strong>Kunde<\/strong>\u201c) \u00fcber den JUVIN-Online-Shop bestellt.<\/p>\n<p>1.2\u00a0\u00a0\u00a0\u00a0\u00a0\u00a0 Verbraucher ist jede nat\u00fcrliche Person, die ein Rechtsgesch\u00e4ft zu Zwecken abschlie\u00dft, die \u00fcberwiegend weder ihrer gewerblichen noch ihrer selbst\u00e4ndigen beruflichen T\u00e4tigkeit zugerechnet werden k\u00f6nnen. Unternehmer ist jede nat\u00fcrliche oder juristische Person oder rechtsf\u00e4hige Personengesellschaft, die bei Abschluss eines Rechtsgesch\u00e4fts in Aus\u00fcbung ihrer gewerblichen oder selbst\u00e4ndigen beruflichen T\u00e4tigkeit handelt.<\/p>\n<p>1.3\u00a0\u00a0\u00a0\u00a0\u00a0\u00a0 Diese(n) AGB entgegenstehende oder erg\u00e4nzende AGB eines Unternehmers wird hiermit widersprochen; AGB von Unternehmern werden nur Vertragsbestandteil, wenn und soweit wir ihrer Einbeziehung ausdr\u00fccklich zugestimmt haben.<\/p>\n<ol start=\"2\">\n<li><strong>Vertragspartner, Vertragssprache <\/strong><\/li>\n<\/ol>\n<p>2.1\u00a0\u00a0\u00a0\u00a0\u00a0\u00a0 Alle Vertr\u00e4ge kommen mit der S.O.E.N.X. GmbH &amp; Co. Handels KG, Katzbachstra\u00dfe 4, 10965 Berlin zustande.<\/p>\n<p>2.2\u00a0\u00a0\u00a0\u00a0\u00a0\u00a0 Der Vertragsschluss erfolgt jeweils in deutscher Sprache.<\/p>\n<ol start=\"3\">\n<li><strong> Vertragsschluss<\/strong><strong>, Korrekturm\u00f6glichkeiten, Speicherung Vertragstext<\/strong><\/li>\n<\/ol>\n<p>3.1. \u00a0\u00a0\u00a0\u00a0 Mit Einstellung eines Produktes in den Online-Shop geben wir Kunden ein rechtlich bindendes Angebot auf Abschluss eines Kaufvertrages \u00fcber dieses Produkt ab.<\/p>\n<p>3.2\u00a0\u00a0\u00a0\u00a0\u00a0\u00a0 Der Kunde kann Produkte zun\u00e4chst unverbindlich in den Warenkorb legen. \u00dcber die Navigationsleiste kann der Kunde den Inhalt des Warenkorbs jederzeit vor Abschluss des Bestellvorgangs einsehen und \u00e4ndern. Vor dem Absenden seiner Bestellung werden dem Kunden auf einer Bestell\u00fcbersichtsseite alle Eingaben angezeigt. Diese kann der Kunde abschlie\u00dfend pr\u00fcfen und mittels der hierf\u00fcr vorgesehenen und erl\u00e4uterten Korrekturhilfen korrigieren. Durch Verlassen des Online-Shops kann der Kunde die Bestellung jederzeit abbrechen.<\/p>\n<p>3.3 \u00a0\u00a0\u00a0\u00a0\u00a0 Durch Anklicken des Bestellbuttons nimmt der Kunde unser Angebot zum Abschluss eines Kaufvertrages \u00fcber die im Warenkorb befindlichen Waren an; damit ist der Kaufvertrag \u00fcber die im Warenkorb befindlichen Waren geschlossen.<\/p>\n<p>3.4\u00a0\u00a0\u00a0\u00a0\u00a0\u00a0 Unmittelbar nach Absenden der Bestellung erh\u00e4lt der Kunde eine Best\u00e4tigung per E-Mail mit einer \u00dcbersicht der von ihm bestellten Produkte an die von ihm angegebene E-Mail-Adresse.<\/p>\n<p>3.5\u00a0\u00a0\u00a0\u00a0\u00a0\u00a0 Der Vertragstext wird von uns gespeichert. Wir senden dem Kunden nach seiner Bestellung die Bestelldaten und die AGB in Textform \u00fcbermittelt. Zudem kann der Kunde seine Bestelldaten nach Einloggen in sein passwortgesch\u00fctztes Kundenkonto kostenlos abrufen. Eine dar\u00fcberhinausgehende Zug\u00e4nglichmachung des Vertragstextes durch uns erfolgt nicht.<\/p>\n<ol start=\"4\">\n<li><strong> Widerrufsrecht f\u00fcr Verbraucher<\/strong><strong><br \/>\n<\/strong><\/li>\n<\/ol>\n<p>4.1\u00a0\u00a0\u00a0\u00a0\u00a0\u00a0 Verbrauchern steht ein gesetzliches Widerrufsrecht zu. N\u00e4here Informationen zum Widerrufsrecht ergeben sich aus der Widerrufsbelehrung.<\/p>\n<p>4.2\u00a0\u00a0\u00a0\u00a0\u00a0\u00a0 Das Widerrufsrecht gilt nicht f\u00fcr Verbraucher, die zum Zeitpunkt des Vertragsschlusses keinem Mitgliedstaat der Europ\u00e4ischen Union angeh\u00f6ren und deren alleiniger Wohnsitz und Lieferadresse zum Zeitpunkt des Vertragsschlusses au\u00dferhalb der Europ\u00e4ischen Union liegen.<\/p>\n<p>4.3\u00a0\u00a0\u00a0\u00a0\u00a0\u00a0 Unternehmern wird kein freiwilliges Widerrufsrecht einger\u00e4umt.<\/p>\n<ol start=\"5\">\n<li><strong> Liefer- und Versandbedingungen<\/strong><strong><br \/>\n<\/strong><\/li>\n<\/ol>\n<p>5.1.<strong>\u00a0\u00a0\u00a0\u00a0\u00a0 <\/strong>Die Lieferung von Waren erfolgt auf dem Versandweg an die vom Kunden angegebene Lieferanschrift, sofern nichts anderes vereinbart ist. Bei der Abwicklung der Transaktion ist die in der Bestellabwicklung angegebene Lieferanschrift ma\u00dfgeblich.<\/p>\n<p>5.2\u00a0\u00a0\u00a0\u00a0\u00a0\u00a0 Wir liefern nur innerhalb der Bundesrepublik Deutschland. Die Lieferung erfolgt versandkostenfrei.<\/p>\n<p>5.3\u00a0\u00a0\u00a0\u00a0\u00a0\u00a0 Eine Lieferung an Packstationen bzw. eine Selbstabholung der Ware ist nicht m\u00f6glich.<\/p>\n<ol start=\"6\">\n<li><strong> Zahlungsm\u00f6glichkeiten<\/strong><strong><br \/>\n<\/strong><\/li>\n<\/ol>\n<p>6.1\u00a0\u00a0\u00a0\u00a0\u00a0\u00a0 In unserem Online-Shop stehen folgende Zahlungsarten zur Verf\u00fcgung, wobei wir uns das Recht vorbehalten, im Einzelfall bestimmte Zahlungsarten auszuschlie\u00dfen:<\/p>\n<p>Vorkasse, PayPal, Rechnung<\/p>\n<p>6.2\u00a0\u00a0\u00a0\u00a0\u00a0\u00a0 Hinweise zu den einzelnen Zahlungsarten:<\/p>\n<p><u>Vorkasse<\/u><\/p>\n<p>Bei Auswahl dieser Zahlungsart teilen wir dem Kunden unsere Bankverbindung in einer separaten E-Mail mit und liefern die Ware nach Zahlungseingang an den Kunden.<\/p>\n<p><u>PayPal<\/u><\/p>\n<p>Bei Auswahl dieser Zahlungsart wird der Kunde im Bestellprozess auf die Webseite von PayPal weitergeleitet. Um den Rechnungsbetrag per PayPal bezahlen zu k\u00f6nnen, muss der Kunde bei PayPal registriert sein bzw. sich erst registrieren, mit seinen Zugangsdaten legitimieren und die Zahlungsanweisung an uns best\u00e4tigen. Nach Abgabe der Bestellung im Online-Shop fordern wir PayPal zur Einleitung der Zahlungstransaktion auf. Die Zahlungstransaktion wird durch PayPal unmittelbar danach automatisch durchgef\u00fchrt.<\/p>\n<p><u>Rechnung<\/u><\/p>\n<p>Bei Auswahl dieser Zahlungsart zahlt der Kunde nach Erhalt der Ware und Rechnung den Rechnungsbetrag per \u00dcberweisung auf unser Bankkonto. Wir behalten uns vor, den Kauf auf Rechnung nur nach einer erfolgreichen Bonit\u00e4tspr\u00fcfung anzubieten.<\/p>\n<ol start=\"7\">\n<li><strong> Eigentumsvorbehalt<\/strong><\/li>\n<\/ol>\n<p><strong>7.1\u00a0\u00a0\u00a0\u00a0\u00a0\u00a0 Wir behalten uns bis zur vollst\u00e4ndigen Bezahlung des geschuldeten Kaufpreises das Eigentum an der gelieferten Ware vor.<\/strong><\/p>\n<p><strong>7.2\u00a0\u00a0\u00a0\u00a0\u00a0\u00a0 Ist der Kunde Unternehmer, behalten wir uns das Eigentum an der gelieferten Ware bis zur vollst\u00e4ndigen Begleichung aller Forderungen aus einer laufenden Gesch\u00e4ftsbeziehung vor. Der Kunde darf die Vorbehaltsware im ordentlichen Gesch\u00e4ftsbetrieb weiterver\u00e4u\u00dfern; er tritt jedoch s\u00e4mtliche aus diesem Weiterverkauf entstehenden Forderungen &#8211; ungeachtet einer Verbindung oder Vermischung der Vorbehaltsware mit einer neuen Sache &#8211; in H\u00f6he des Rechnungsbetrags an uns im Voraus ab, wir nehmen diese Abtretung hiermit an. Der Kunde bleibt in diesem Fall zur Einziehung der Forderungen erm\u00e4chtigt. Sofern und soweit er seinen Zahlungsverpflichtungen uns gegen\u00fcber allerdings nicht nachkommt, d\u00fcrfen wir Forderungen auch selbst einziehen.<\/strong><\/p>\n<ol start=\"8\">\n<li><strong> Transportsch\u00e4den, M\u00e4ngelanzeigen<\/strong><\/li>\n<\/ol>\n<p>8.1\u00a0\u00a0\u00a0\u00a0\u00a0\u00a0 Ist der Kunde Verbraucher, gilt Folgendes: Wird Ware mit offensichtlichen Transportsch\u00e4den angeliefert, wird der Kunde gebeten, dies umgehend beim Zusteller anzuzeigen und Kontakt mit uns aufzunehmen. Kommt der Kunde dieser Bitte nicht nach, hat dies keinerlei Folgen f\u00fcr seine gesetzlichen oder vertraglichen Anspr\u00fcche und deren Durchsetzungen, insbesondere seine Gew\u00e4hrleistungsrechte.<\/p>\n<p>8.2\u00a0\u00a0\u00a0\u00a0\u00a0\u00a0 Ist der Kunde Unternehmer, gilt Folgendes: Die Gefahr des zuf\u00e4lligen Untergangs und der zuf\u00e4lligen Verschlechterung geht auf den Kunden \u00fcber, sobald wir die Sache dem Spediteur, dem Frachtf\u00fchrer oder der sonst zur Ausf\u00fchrung der Versendung bestimmten Person oder Anstalt ausgeliefert haben. Kaufleute haben die in \u00a7 377 HGB geregelten Untersuchungs- und R\u00fcgepflicht einzuhalten; wird die darin geregelte Anzeige unterlassen, so gilt die Ware als genehmigt, es sei denn, dass es sich um einen Mangel handelt, der bei der Untersuchung nicht erkennbar war. Vorstehendes gilt nicht, falls wir einen Mangel arglistig verschwiegen haben.<\/p>\n<ol start=\"9\">\n<li><strong> Gew\u00e4hrleistung<\/strong><\/li>\n<\/ol>\n<p>9.1\u00a0\u00a0\u00a0\u00a0\u00a0\u00a0 Soweit nachstehend nicht ausdr\u00fccklich anders angef\u00fchrt, gilt das gesetzliche M\u00e4ngelhaftungsrecht.<\/p>\n<p>9.2\u00a0\u00a0\u00a0\u00a0\u00a0\u00a0 F\u00fcr Unternehmer betr\u00e4gt die Verj\u00e4hrungsfrist f\u00fcr M\u00e4ngelanspr\u00fcche ein Jahr ab Gefahr\u00fcbergang; die gesetzlichen Verj\u00e4hrungsfristen f\u00fcr den R\u00fcckgriffsanspruch nach \u00a7 478 BGB bleiben unber\u00fchrt.<\/p>\n<p>9.3\u00a0\u00a0\u00a0\u00a0\u00a0\u00a0 Gegen\u00fcber Unternehmern gelten als Vereinbarung \u00fcber die Beschaffenheit der Ware nur unsere eigenen Angaben und die Produktbeschreibungen des Herstellers, die in den Vertrag einbezogen wurden; f\u00fcr \u00f6ffentliche \u00c4u\u00dferungen des Herstellers oder sonstige Werbeaussagen \u00fcbernehmen wir keine Haftung.<\/p>\n<p>9.4 \u00a0\u00a0\u00a0\u00a0\u00a0 Ist die gelieferte Ware mangelhaft, leisten wir gegen\u00fcber Unternehmern zun\u00e4chst nach unserer Wahl Gew\u00e4hr durch Beseitigung des Mangels (Nachbesserung) oder durch Lieferung einer mangelfreien Sache (Ersatzlieferung).<\/p>\n<p>9.5\u00a0\u00a0\u00a0\u00a0\u00a0\u00a0 Vorstehende Einschr\u00e4nkungen bzw. Fristverk\u00fcrzungen gelten nicht f\u00fcr Anspr\u00fcche aufgrund von Sch\u00e4den, die durch uns, unsere gesetzlichen Vertreter oder Erf\u00fcllungsgehilfen verursacht wurden<\/p>\n<ul>\n<li>bei Verletzung des Lebens, des K\u00f6rpers oder der Gesundheit<\/li>\n<li>bei vors\u00e4tzlicher oder grob fahrl\u00e4ssiger Pflichtverletzung sowie Arglist<\/li>\n<li>bei Verletzung wesentlicher Vertragspflichten, deren Erf\u00fcllung die ordnungsgem\u00e4\u00dfe Durchf\u00fchrung des Vertrages \u00fcberhaupt erst erm\u00f6glicht und auf deren Einhaltung der Vertragspartner regelm\u00e4\u00dfig vertrauen darf (Kardinalpflichten)<\/li>\n<li>im Rahmen eines Garantieversprechens, soweit vereinbart oder<\/li>\n<li>soweit der Anwendungsbereich des Produkthaftungsgesetzes er\u00f6ffnet ist.<\/li>\n<\/ul>\n<ol start=\"10\">\n<li><strong> Kundendienst <\/strong><\/li>\n<\/ol>\n<p><strong>\u00a0<\/strong>Sie erreichen unseren Kundendienst f\u00fcr Fragen, Reklamationen und Beanstandungen werktags von 10:00 Uhr bis 15:00 Uhr unter der Telefonnummer +49 (0)177 30 20 10 6 sowie per E-Mail unter info@juvin.de<strong>\u00a0<\/strong><\/p>\n<ol start=\"11\">\n<li><strong> Haftung<\/strong><\/li>\n<\/ol>\n<p>11.1\u00a0\u00a0\u00a0\u00a0 F\u00fcr Anspr\u00fcche aufgrund von Sch\u00e4den, die durch uns, unsere gesetzlichen Vertreter oder Erf\u00fcllungsgehilfen verursacht wurden, haften wir stets unbeschr\u00e4nkt<\/p>\n<ul>\n<li>bei Verletzung des Lebens, des K\u00f6rpers oder der Gesundheit<br \/>\n\u2022 bei vors\u00e4tzlicher oder grob fahrl\u00e4ssiger Pflichtverletzung<br \/>\n\u2022 bei Garantieversprechen, soweit vereinbart, oder<br \/>\n\u2022 soweit der Anwendungsbereich des Produkthaftungsgesetzes er\u00f6ffnet ist.<\/li>\n<\/ul>\n<p>11.2\u00a0\u00a0\u00a0\u00a0 Bei der Verletzung wesentlicher Vertragspflichten, deren Erf\u00fcllung die ordnungsgem\u00e4\u00dfe Durchf\u00fchrung des Vertrages \u00fcberhaupt erst erm\u00f6glicht und auf deren Einhaltung der Vertragspartner regelm\u00e4\u00dfig vertrauen darf, (Kardinalpflichten) durch leichte Fahrl\u00e4ssigkeit von uns, unseren gesetzlichen Vertretern oder Erf\u00fcllungsgehilfen ist die Haftung der H\u00f6he nach auf den bei Vertragsschluss vorhersehbaren Schaden begrenzt, mit dessen Entstehung typischerweise gerechnet werden muss.<\/p>\n<p>11.3\u00a0\u00a0\u00a0\u00a0 Im \u00dcbrigen sind Anspr\u00fcche auf Schadensersatz ausgeschlossen.<\/p>\n<ol start=\"12\">\n<li><strong> Online-Streitbeilegung gem\u00e4\u00df Art. 14 Abs. 1 ODR-VO<\/strong><\/li>\n<\/ol>\n<p>12.1\u00a0\u00a0\u00a0\u00a0 Die Europ\u00e4ische Kommission stellt eine Plattform zur Online-Streitbeilegung (OS) bereit, die Sie unter <a href=\"https:\/\/ec.europa.eu\/consumers\/odr\" target=\"_blank\" rel=\"noopener noreferrer\">https:\/\/ec.europa.eu\/consumers\/odr<\/a>\/ finden. Verbraucher haben die M\u00f6glichkeit, diese Plattform f\u00fcr die Beilegung ihrer Streitigkeiten zu nutzen.<\/p>\n<p>12.2\u00a0\u00a0\u00a0\u00a0 Zur Teilnahme an einem Streitbeilegungsverfahren vor einer Verbraucherschlichtungsstelle sind wir weder verpflichtet noch bereit.<\/p>\n<ol start=\"13\">\n<li><strong> Schlussbestimmungen<\/strong><strong><br \/>\n<\/strong><\/li>\n<\/ol>\n<p>13.1<strong>\u00a0\u00a0\u00a0\u00a0 <\/strong>Ist der Kunde Unternehmer, gilt deutsches Recht unter Ausschluss des UN-Kaufrechts.<\/p>\n<p>13.2\u00a0\u00a0\u00a0\u00a0 Ist der Kunde Kaufmann im Sinne des Handelsgesetzbuches, juristische Person des \u00f6ffentlichen Rechts oder \u00f6ffentlich-rechtliches Sonderverm\u00f6gen, ist ausschlie\u00dflicher Gerichtsstand f\u00fcr alle Streitigkeiten aus Vertragsverh\u00e4ltnissen zwischen uns und dem Kunden unser Gesch\u00e4ftssitz.<\/p>\n<p>13.3\u00a0\u00a0\u00a0\u00a0 Die Unwirksamkeit einzelner Bestimmung dieser AGB ber\u00fchrt die Wirksamkeit der \u00fcbrigen Bestimmungen nicht.<\/p>\n<p>Stand: 30.11.2020<\/p>\n","protected":false},"excerpt":{"rendered":"<p>Allgemeine Gesch\u00e4ftsbedingungen mit Kundeninformationen f\u00fcr den JUVIN Online-Shop\u00a0 \u00a0 Geltungsbereich 1.1\u00a0\u00a0\u00a0\u00a0\u00a0\u00a0 Diese Allgemeinen Gesch\u00e4ftsbedingungen (\u201eAGB\u201c) gelten f\u00fcr alle Vertr\u00e4ge \u00fcber die Lieferung von Waren, die ein Verbraucher oder Unternehmer (\u201eKunde\u201c) \u00fcber den JUVIN-Online-Shop bestellt. 1.2\u00a0\u00a0\u00a0\u00a0\u00a0\u00a0 Verbraucher ist jede nat\u00fcrliche Person, die ein Rechtsgesch\u00e4ft zu Zwecken abschlie\u00dft, die \u00fcberwiegend weder ihrer gewerblichen noch ihrer selbst\u00e4ndigen beruflichen&hellip; <\/p>\n","protected":false},"author":2,"featured_media":0,"parent":51,"menu_order":3,"comment_status":"closed","ping_status":"closed","template":"","meta":{"footnotes":""},"class_list":["post-578","page","type-page","status-publish","hentry"],"_links":{"self":[{"href":"https:\/\/juvin.de\/index.php?rest_route=\/wp\/v2\/pages\/578","targetHints":{"allow":["GET"]}}],"collection":[{"href":"https:\/\/juvin.de\/index.php?rest_route=\/wp\/v2\/pages"}],"about":[{"href":"https:\/\/juvin.de\/index.php?rest_route=\/wp\/v2\/types\/page"}],"author":[{"embeddable":true,"href":"https:\/\/juvin.de\/index.php?rest_route=\/wp\/v2\/users\/2"}],"replies":[{"embeddable":true,"href":"https:\/\/juvin.de\/index.php?rest_route=%2Fwp%2Fv2%2Fcomments&post=578"}],"version-history":[{"count":10,"href":"https:\/\/juvin.de\/index.php?rest_route=\/wp\/v2\/pages\/578\/revisions"}],"predecessor-version":[{"id":2595,"href":"https:\/\/juvin.de\/index.php?rest_route=\/wp\/v2\/pages\/578\/revisions\/2595"}],"up":[{"embeddable":true,"href":"https:\/\/juvin.de\/index.php?rest_route=\/wp\/v2\/pages\/51"}],"wp:attachment":[{"href":"https:\/\/juvin.de\/index.php?rest_route=%2Fwp%2Fv2%2Fmedia&parent=578"}],"curies":[{"name":"wp","href":"https:\/\/api.w.org\/{rel}","templated":true}]}}