{"id":695,"date":"2015-01-08T08:36:27","date_gmt":"2015-01-08T07:36:27","guid":{"rendered":"http:\/\/enia-oil.com\/?page_id=695"},"modified":"2025-04-07T16:02:05","modified_gmt":"2025-04-07T15:02:05","slug":"bittermandelol","status":"publish","type":"page","link":"https:\/\/juvin.de\/?page_id=695","title":{"rendered":"04 Bittermandel\u00f6l"},"content":{"rendered":"<p><img loading=\"lazy\" decoding=\"async\" class=\"aligncenter wp-image-2995 size-medium\" src=\"https:\/\/juvin.de\/wp-content\/uploads\/2016\/10\/04-183x300.jpg\" alt=\"\" width=\"183\" height=\"300\" srcset=\"https:\/\/juvin.de\/wp-content\/uploads\/2016\/10\/04-183x300.jpg 183w, https:\/\/juvin.de\/wp-content\/uploads\/2016\/10\/04-624x1024.jpg 624w, https:\/\/juvin.de\/wp-content\/uploads\/2016\/10\/04-768x1260.jpg 768w, https:\/\/juvin.de\/wp-content\/uploads\/2016\/10\/04-936x1536.jpg 936w, https:\/\/juvin.de\/wp-content\/uploads\/2016\/10\/04-600x984.jpg 600w, https:\/\/juvin.de\/wp-content\/uploads\/2016\/10\/04.jpg 1108w\" sizes=\"auto, (max-width: 183px) 100vw, 183px\" \/><\/p>\n<p style=\"text-align: center;\"><span style=\"color: #800000;\"><strong>JUVIN<\/strong><\/span> <span style=\"color: #000000;\">Bittermandel\u00f6l ist sortenrein und frei von Zus\u00e4tzen.<\/span><\/p>\n<p style=\"text-align: center;\"><span style=\"color: #ff0000;\">BLAUS\u00c4UREFREI<\/span><\/p>\n<p><span style=\"color: #000000;\"><strong>Herstellung :<\/strong><\/span><\/p>\n<p><span style=\"color: #800000;\"><strong>JUVIN<\/strong> <\/span><span style=\"color: #000000;\">Bittermandel\u00f6l wird\u00a0aus\u00a0naturbelassenen und unger\u00f6steten bitteren Mandeln\u00a0gepresst. <\/span><span style=\"color: #000000;\">Die Mandeln\u00a0werden\u00a0traditionell geerntet,\u00a0entschalt, gereinigt und kaltge\u00adpresst bei ca. 27\u00b0C.<\/span><\/p>\n<p><span style=\"color: #000000;\">Die traditionelle Herstellung erfolgt unter Beachtung \u00f6kologisch-nachhaltiger Aspekte.<\/span><\/p>\n<p><span style=\"color: #000000;\"><strong>Produktinformationen :<\/strong><\/span><\/p>\n<p><span style=\"color: #000000;\">Herkunft : Nicht-EU \/ Zutaten :\u00a0Bittermandeln (unbehandelt)<\/span><\/p>\n<p><strong><span style=\"color: #000000;\">Kann Spuren von Schalenfr\u00fcchten &amp; Getreide enthalten.<\/span><\/strong><\/p>\n<p><span style=\"color: #000000;\"><strong>N\u00e4hrwert \/ je 100 g<\/strong><br \/>\n<\/span><\/p>\n<p><span style=\"color: #000000;\">Brennwert : 3.700 kJ \/ 900 kcal<\/span><\/p>\n<p><span style=\"color: #000000;\">Eiwei\u00df, Kohlenhydrate, Zucker, Ballaststoffe, Natrium\u00a0: 0 g<\/span><\/p>\n<p><span style=\"color: #000000;\">Fett : 100 g, davon<\/span><\/p>\n<p><span style=\"color: #000000;\">ges\u00e4ttigte Fetts\u00e4uren : 6,8 g<\/span><\/p>\n<p><span style=\"color: #000000;\">einfach unges\u00e4ttigte Fetts\u00e4uren : 76 g<\/span><\/p>\n<p><span style=\"color: #000000;\">mehrfach unges\u00e4ttigte Fetts\u00e4uren : 17,2 g<\/span><\/p>\n<p><span style=\"color: #000000;\"><strong>Verpackung :<\/strong><\/span><\/p>\n<p><span style=\"color: #800000;\"><strong>JUVIN<\/strong><\/span> <span style=\"color: #000000;\">Bittermandel\u00f6l\u00a0wird in einer 100 ml fassenden Metallflasche (<em>Wei\u00dfblech<\/em>) verkauft. Der Ausgie\u00dfer ist aus Kunststoff. Vor Gebrauch muss die Versiegelung entfernt werden.<\/span><\/p>\n<p><span style=\"color: #000000;\"><strong>Anwendung\u00a0:<\/strong><\/span><\/p>\n<p><span style=\"color: #000000;\">Unser<\/span> <strong><span style=\"color: #800000;\">JUVIN<\/span><\/strong> <span style=\"color: #000000;\">Bittermandel\u00f6l\u00a0ist eine wichtige Zutat bei diversen\u00a0Backwaren und ein &#8222;muss&#8220; bei der Marzipanherstellung.<br \/>\n<\/span><\/p>\n<p><span style=\"color: #000000;\"><strong>Bestellhinweis :<\/strong><\/span><\/p>\n<p><span style=\"color: #000000;\">Dieses Produkt findest Du<\/span> <strong><a href=\"http:\/\/juvin.de\/?product=04-bittermandelol\" target=\"_blank\" rel=\"noopener noreferrer\">HIER<\/a><\/strong><\/p>\n","protected":false},"excerpt":{"rendered":"<p>JUVIN Bittermandel\u00f6l ist sortenrein und frei von Zus\u00e4tzen. BLAUS\u00c4UREFREI Herstellung : JUVIN Bittermandel\u00f6l wird\u00a0aus\u00a0naturbelassenen und unger\u00f6steten bitteren Mandeln\u00a0gepresst. Die Mandeln\u00a0werden\u00a0traditionell geerntet,\u00a0entschalt, gereinigt und kaltge\u00adpresst bei ca. 27\u00b0C. Die traditionelle Herstellung erfolgt unter Beachtung \u00f6kologisch-nachhaltiger Aspekte. Produktinformationen : Herkunft : Nicht-EU \/ Zutaten :\u00a0Bittermandeln (unbehandelt) Kann Spuren von Schalenfr\u00fcchten &amp; Getreide enthalten. N\u00e4hrwert \/ je 100&hellip; <\/p>\n","protected":false},"author":2,"featured_media":0,"parent":127,"menu_order":5,"comment_status":"closed","ping_status":"closed","template":"","meta":{"footnotes":""},"class_list":["post-695","page","type-page","status-publish","hentry"],"_links":{"self":[{"href":"https:\/\/juvin.de\/index.php?rest_route=\/wp\/v2\/pages\/695","targetHints":{"allow":["GET"]}}],"collection":[{"href":"https:\/\/juvin.de\/index.php?rest_route=\/wp\/v2\/pages"}],"about":[{"href":"https:\/\/juvin.de\/index.php?rest_route=\/wp\/v2\/types\/page"}],"author":[{"embeddable":true,"href":"https:\/\/juvin.de\/index.php?rest_route=\/wp\/v2\/users\/2"}],"replies":[{"embeddable":true,"href":"https:\/\/juvin.de\/index.php?rest_route=%2Fwp%2Fv2%2Fcomments&post=695"}],"version-history":[{"count":21,"href":"https:\/\/juvin.de\/index.php?rest_route=\/wp\/v2\/pages\/695\/revisions"}],"predecessor-version":[{"id":3055,"href":"https:\/\/juvin.de\/index.php?rest_route=\/wp\/v2\/pages\/695\/revisions\/3055"}],"up":[{"embeddable":true,"href":"https:\/\/juvin.de\/index.php?rest_route=\/wp\/v2\/pages\/127"}],"wp:attachment":[{"href":"https:\/\/juvin.de\/index.php?rest_route=%2Fwp%2Fv2%2Fmedia&parent=695"}],"curies":[{"name":"wp","href":"https:\/\/api.w.org\/{rel}","templated":true}]}}