{"id":697,"date":"2015-01-08T08:37:32","date_gmt":"2015-01-08T07:37:32","guid":{"rendered":"http:\/\/enia-oil.com\/?page_id=697"},"modified":"2025-04-07T16:28:38","modified_gmt":"2025-04-07T15:28:38","slug":"aprikose","status":"publish","type":"page","link":"https:\/\/juvin.de\/?page_id=697","title":{"rendered":"29 Aprikosenkern\u00f6l"},"content":{"rendered":"<p><img loading=\"lazy\" decoding=\"async\" class=\"aligncenter wp-image-3019 size-medium\" src=\"https:\/\/juvin.de\/wp-content\/uploads\/2016\/10\/29-182x300.jpg\" alt=\"\" width=\"182\" height=\"300\" srcset=\"https:\/\/juvin.de\/wp-content\/uploads\/2016\/10\/29-182x300.jpg 182w, https:\/\/juvin.de\/wp-content\/uploads\/2016\/10\/29-620x1024.jpg 620w, https:\/\/juvin.de\/wp-content\/uploads\/2016\/10\/29-768x1268.jpg 768w, https:\/\/juvin.de\/wp-content\/uploads\/2016\/10\/29-930x1536.jpg 930w, https:\/\/juvin.de\/wp-content\/uploads\/2016\/10\/29-600x991.jpg 600w, https:\/\/juvin.de\/wp-content\/uploads\/2016\/10\/29.jpg 1209w\" sizes=\"auto, (max-width: 182px) 100vw, 182px\" \/><\/p>\n<p style=\"text-align: center;\"><span style=\"color: #800000;\"><strong>JUVIN<\/strong><\/span> Aprikosenkern\u00f6l ist sortenrein und frei von Zus\u00e4tzen.<\/p>\n<p><strong>Herstellung :<\/strong><\/p>\n<p><span style=\"color: #800000;\"><strong>JUVIN<\/strong><\/span> Aprikosenkern\u00f6l wird aus unbehandelten Aprikosenkernen gepresst. Die Kerne werden traditionell geerntet, gereinigt und kaltge\u00adpresst bei ca. 27\u00b0C.<\/p>\n<p>Die traditionelle Herstellung\u00a0erfolgt unter Beachtung \u00f6kologisch-nachhaltiger Aspekte.<\/p>\n<p><strong>Produktinformationen :<\/strong><\/p>\n<p>Herkunft : Nicht-EU \/ Zutaten : Aprikosenkerne (unbehandelt)<\/p>\n<p><strong>Kann Spuren von Schalenfr\u00fcchten &amp; Getreide enthalten.<\/strong><\/p>\n<p><b>N\u00e4hrwert \/ je 100 g<br \/><\/b><\/p>\n<p>Brennwert : 3.700 kJ \/ 900 kcal<\/p>\n<p>Eiwei\u00df, Kohlenhydrate, Zucker, Ballaststoffe, Natrium\u00a0: 0 g<\/p>\n<p>Fett : 100 g, davon<\/p>\n<p>ges\u00e4ttigte Fetts\u00e4uren : 6 g<\/p>\n<p>einfach unges\u00e4ttigte Fetts\u00e4uren : 63 g<\/p>\n<p>mehrfach unges\u00e4ttigte Fetts\u00e4uren : 30 g<\/p>\n<p><strong>Verpackung :<\/strong><\/p>\n<p><span style=\"color: #800000;\"><strong>JUVIN<\/strong><\/span> Aprikosenkern\u00f6l wird in einer 100 ml fassenden Metallflasche (<em>Wei\u00dfblech<\/em>) verkauft. Der Ausgie\u00dfer ist aus Kunststoff. Vor Gebrauch muss die Versiegelung entfernt werden.<\/p>\n<p><strong>Bestellhinweis :<\/strong><\/p>\n<p>Dieses Produkt findest Du <span style=\"color: #800000;\"><strong><a style=\"color: #800000;\" href=\"https:\/\/juvin.de\/?product=29-100ml-aprikosenkernoel\" data-wplink-edit=\"true\">HIER<\/a><\/strong><\/span><\/p>\n\n\n<p><\/p>\n","protected":false},"excerpt":{"rendered":"<p>JUVIN Aprikosenkern\u00f6l ist sortenrein und frei von Zus\u00e4tzen. Herstellung : JUVIN Aprikosenkern\u00f6l wird aus unbehandelten Aprikosenkernen gepresst. Die Kerne werden traditionell geerntet, gereinigt und kaltge\u00adpresst bei ca. 27\u00b0C. Die traditionelle Herstellung\u00a0erfolgt unter Beachtung \u00f6kologisch-nachhaltiger Aspekte. Produktinformationen : Herkunft : Nicht-EU \/ Zutaten : Aprikosenkerne (unbehandelt) Kann Spuren von Schalenfr\u00fcchten &amp; Getreide enthalten. N\u00e4hrwert \/ je&hellip; <\/p>\n","protected":false},"author":2,"featured_media":0,"parent":127,"menu_order":30,"comment_status":"closed","ping_status":"closed","template":"","meta":{"footnotes":""},"class_list":["post-697","page","type-page","status-publish","hentry"],"_links":{"self":[{"href":"https:\/\/juvin.de\/index.php?rest_route=\/wp\/v2\/pages\/697","targetHints":{"allow":["GET"]}}],"collection":[{"href":"https:\/\/juvin.de\/index.php?rest_route=\/wp\/v2\/pages"}],"about":[{"href":"https:\/\/juvin.de\/index.php?rest_route=\/wp\/v2\/types\/page"}],"author":[{"embeddable":true,"href":"https:\/\/juvin.de\/index.php?rest_route=\/wp\/v2\/users\/2"}],"replies":[{"embeddable":true,"href":"https:\/\/juvin.de\/index.php?rest_route=%2Fwp%2Fv2%2Fcomments&post=697"}],"version-history":[{"count":21,"href":"https:\/\/juvin.de\/index.php?rest_route=\/wp\/v2\/pages\/697\/revisions"}],"predecessor-version":[{"id":3085,"href":"https:\/\/juvin.de\/index.php?rest_route=\/wp\/v2\/pages\/697\/revisions\/3085"}],"up":[{"embeddable":true,"href":"https:\/\/juvin.de\/index.php?rest_route=\/wp\/v2\/pages\/127"}],"wp:attachment":[{"href":"https:\/\/juvin.de\/index.php?rest_route=%2Fwp%2Fv2%2Fmedia&parent=697"}],"curies":[{"name":"wp","href":"https:\/\/api.w.org\/{rel}","templated":true}]}}