{"id":707,"date":"2015-01-08T08:40:27","date_gmt":"2015-01-08T07:40:27","guid":{"rendered":"http:\/\/enia-oil.com\/?page_id=707"},"modified":"2025-04-07T16:08:58","modified_gmt":"2025-04-07T15:08:58","slug":"nelke","status":"publish","type":"page","link":"https:\/\/juvin.de\/?page_id=707","title":{"rendered":"15 Nelken\u00f6l"},"content":{"rendered":"<h2 style=\"text-align: center;\">\u00a0<img loading=\"lazy\" decoding=\"async\" class=\"aligncenter wp-image-3005 size-medium\" src=\"https:\/\/juvin.de\/wp-content\/uploads\/2016\/10\/15-1-179x300.jpg\" alt=\"\" width=\"179\" height=\"300\" srcset=\"https:\/\/juvin.de\/wp-content\/uploads\/2016\/10\/15-1-179x300.jpg 179w, https:\/\/juvin.de\/wp-content\/uploads\/2016\/10\/15-1-610x1024.jpg 610w, https:\/\/juvin.de\/wp-content\/uploads\/2016\/10\/15-1-768x1289.jpg 768w, https:\/\/juvin.de\/wp-content\/uploads\/2016\/10\/15-1-915x1536.jpg 915w, https:\/\/juvin.de\/wp-content\/uploads\/2016\/10\/15-1-600x1007.jpg 600w, https:\/\/juvin.de\/wp-content\/uploads\/2016\/10\/15-1.jpg 1203w\" sizes=\"auto, (max-width: 179px) 100vw, 179px\" \/><\/h2>\n<p style=\"text-align: center;\"><span style=\"color: #800000;\"><strong>JUVIN<\/strong><\/span>\u00a0<span style=\"color: #000000;\">Nelken\u00f6l\u00a0ist sortenrein und frei von Zus\u00e4tzen.<\/span><\/p>\n<p style=\"text-align: left;\"><span style=\"color: #000000;\"><strong>Herstellung :<\/strong><\/span><\/p>\n<p style=\"text-align: left;\"><span style=\"color: #800000;\"><strong>JUVIN<\/strong> <\/span><span style=\"color: #000000;\">Nelken\u00f6l wird\u00a0aus\u00a0Gew\u00fcrznelken gepresst. <\/span><span style=\"color: #000000;\">Die Nelken werden\u00a0traditionell\u00a0geerntet, gereinigt und kaltge\u00adpresst bei ca. 27\u00b0C.<\/span><\/p>\n<p style=\"text-align: left;\"><span style=\"color: #000000;\">Die traditionelle Herstellung\u00a0erfolgt unter Beachtung \u00f6kologisch-nachhaltiger Aspekte.<\/span><\/p>\n<p style=\"text-align: left;\"><span style=\"color: #000000;\"><strong>Produktinformationen :<\/strong><\/span><\/p>\n<p style=\"text-align: left;\">\u00a0<span style=\"color: #000000;\">Herkunft : Nicht-EU \/ Zutaten :\u00a0Gew\u00fcrznelken (unbehandelt)<\/span><\/p>\n<p style=\"text-align: left;\"><strong><span style=\"color: #000000;\">Kann Spuren von Schalenfr\u00fcchten &amp; Getreide enthalten.<\/span><\/strong><\/p>\n<p style=\"text-align: left;\"><span style=\"color: #000000;\"><b>N\u00e4hrwert \/ je 100 g<br \/>\n<\/b><\/span><\/p>\n<p style=\"text-align: left;\"><span style=\"color: #000000;\">Brennwert : 3.693 kJ \/ 882 kcal<\/span><\/p>\n<p style=\"text-align: left;\"><span style=\"color: #000000;\">Eiwei\u00df, Kohlenhydrate, Zucker, Ballaststoffe, Natrium\u00a0: 0 g<\/span><\/p>\n<p style=\"text-align: left;\"><span style=\"color: #000000;\">Fett : 100 g, davon<\/span><\/p>\n<p style=\"text-align: left;\"><span style=\"color: #000000;\">ges\u00e4ttigte Fetts\u00e4uren : 13 g<\/span><\/p>\n<p style=\"text-align: left;\"><span style=\"color: #000000;\">einfach unges\u00e4ttigte Fetts\u00e4uren : 24 g<\/span><\/p>\n<p style=\"text-align: left;\"><span style=\"color: #000000;\">mehrfach unges\u00e4ttigte Fetts\u00e4uren : 63 g<\/span><\/p>\n<p style=\"text-align: left;\"><span style=\"color: #000000;\"><strong>Verpackung :<\/strong><\/span><\/p>\n<p style=\"text-align: left;\"><span style=\"color: #800000;\"><strong>JUVIN<\/strong><\/span> <span style=\"color: #000000;\">Nelken\u00f6l\u00a0wird in einer 100 ml fassenden Metallflasche (<em>Wei\u00dfblech<\/em>) verkauft. Der Ausgie\u00dfer ist aus Kunststoff. Vor Gebrauch muss die Versiegelung entfernt werden.<\/span><\/p>\n<p style=\"text-align: left;\"><span style=\"color: #000000;\"><strong>Anwendung :<\/strong><\/span><\/p>\n<p style=\"text-align: left;\"><span style=\"color: #800000;\"><strong>JUVIN<\/strong><\/span>\u00a0<span style=\"color: #000000;\">Nelken\u00f6l\u00a0eignet sich hervorragend zum w\u00fcrzen von So\u00dfen \/ Suppen oder bspw. Rotkraut &#8211; es passt sehr gut zu Rindfleisch\/Wild&#8230;<\/span><\/p>\n<p style=\"text-align: left;\"><span style=\"color: #000000;\"><strong>Bestellhinweis :<\/strong><\/span><\/p>\n<p style=\"text-align: left;\"><span style=\"color: #000000;\">Dieses Produkt findest Du<\/span> <strong><a href=\"http:\/\/juvin.de\/?product=15-nelkenol\" target=\"_blank\" rel=\"noopener noreferrer\">HIER<\/a><\/strong><\/p>\n","protected":false},"excerpt":{"rendered":"<p>\u00a0 JUVIN\u00a0Nelken\u00f6l\u00a0ist sortenrein und frei von Zus\u00e4tzen. Herstellung : JUVIN Nelken\u00f6l wird\u00a0aus\u00a0Gew\u00fcrznelken gepresst. Die Nelken werden\u00a0traditionell\u00a0geerntet, gereinigt und kaltge\u00adpresst bei ca. 27\u00b0C. Die traditionelle Herstellung\u00a0erfolgt unter Beachtung \u00f6kologisch-nachhaltiger Aspekte. Produktinformationen : \u00a0Herkunft : Nicht-EU \/ Zutaten :\u00a0Gew\u00fcrznelken (unbehandelt) Kann Spuren von Schalenfr\u00fcchten &amp; Getreide enthalten. N\u00e4hrwert \/ je 100 g Brennwert : 3.693 kJ \/&hellip; <\/p>\n","protected":false},"author":2,"featured_media":0,"parent":127,"menu_order":16,"comment_status":"closed","ping_status":"closed","template":"","meta":{"footnotes":""},"class_list":["post-707","page","type-page","status-publish","hentry"],"_links":{"self":[{"href":"https:\/\/juvin.de\/index.php?rest_route=\/wp\/v2\/pages\/707","targetHints":{"allow":["GET"]}}],"collection":[{"href":"https:\/\/juvin.de\/index.php?rest_route=\/wp\/v2\/pages"}],"about":[{"href":"https:\/\/juvin.de\/index.php?rest_route=\/wp\/v2\/types\/page"}],"author":[{"embeddable":true,"href":"https:\/\/juvin.de\/index.php?rest_route=\/wp\/v2\/users\/2"}],"replies":[{"embeddable":true,"href":"https:\/\/juvin.de\/index.php?rest_route=%2Fwp%2Fv2%2Fcomments&post=707"}],"version-history":[{"count":16,"href":"https:\/\/juvin.de\/index.php?rest_route=\/wp\/v2\/pages\/707\/revisions"}],"predecessor-version":[{"id":3067,"href":"https:\/\/juvin.de\/index.php?rest_route=\/wp\/v2\/pages\/707\/revisions\/3067"}],"up":[{"embeddable":true,"href":"https:\/\/juvin.de\/index.php?rest_route=\/wp\/v2\/pages\/127"}],"wp:attachment":[{"href":"https:\/\/juvin.de\/index.php?rest_route=%2Fwp%2Fv2%2Fmedia&parent=707"}],"curies":[{"name":"wp","href":"https:\/\/api.w.org\/{rel}","templated":true}]}}