{"id":726,"date":"2015-01-08T08:46:33","date_gmt":"2015-01-08T07:46:33","guid":{"rendered":"http:\/\/enia-oil.com\/?page_id=726"},"modified":"2025-04-07T15:59:58","modified_gmt":"2025-04-07T14:59:58","slug":"kaffee","status":"publish","type":"page","link":"https:\/\/juvin.de\/?page_id=726","title":{"rendered":"02 Kaffee\u00f6l"},"content":{"rendered":"<p><img loading=\"lazy\" decoding=\"async\" class=\"aligncenter wp-image-2993 size-medium\" src=\"https:\/\/juvin.de\/wp-content\/uploads\/2016\/10\/02-177x300.jpg\" alt=\"\" width=\"177\" height=\"300\" srcset=\"https:\/\/juvin.de\/wp-content\/uploads\/2016\/10\/02-177x300.jpg 177w, https:\/\/juvin.de\/wp-content\/uploads\/2016\/10\/02-604x1024.jpg 604w, https:\/\/juvin.de\/wp-content\/uploads\/2016\/10\/02-768x1303.jpg 768w, https:\/\/juvin.de\/wp-content\/uploads\/2016\/10\/02-905x1536.jpg 905w, https:\/\/juvin.de\/wp-content\/uploads\/2016\/10\/02-600x1018.jpg 600w, https:\/\/juvin.de\/wp-content\/uploads\/2016\/10\/02.jpg 1207w\" sizes=\"auto, (max-width: 177px) 100vw, 177px\" \/><\/p>\n<p style=\"text-align: center;\"><span style=\"color: #000000;\"><span style=\"color: #800000;\"><strong>JUVIN<\/strong><\/span>\u00a0<span style=\"color: #000000;\">Kaffee\u00f6l ist sortenrein und frei von Zus\u00e4tzen.<\/span><\/span><\/p>\n<p style=\"text-align: left;\"><span style=\"color: #000000;\"><strong>Herstellung :<\/strong><\/span><\/p>\n<p style=\"text-align: left;\"><span style=\"color: #800000;\"><strong>JUVIN <\/strong><\/span><span style=\"color: #000000;\">Kaffee\u00f6l wird\u00a0aus den\u00a0naturbelassenen und unger\u00f6steten Kaffeebohnen\u00a0gepresst. <\/span><span style=\"color: #000000;\">Die Kaffeebohnen\u00a0werden\u00a0traditionell\u00a0gereinigt und kaltge\u00adpresst bei ca. 27\u00b0C.<\/span><\/p>\n<p style=\"text-align: left;\"><span style=\"color: #000000;\">Die traditionelle Herstellung\u00a0erfolgt unter Beachtung \u00f6kologisch-nachhaltiger Aspekte.<\/span><\/p>\n<p style=\"text-align: left;\"><span style=\"color: #000000;\"><strong>Produktinformationen :<\/strong><\/span><\/p>\n<p style=\"text-align: left;\"><span style=\"color: #000000;\">Herkunft : Nicht-EU \/ Zutaten :\u00a0Kaffebohnen (unbehandelt)<\/span><\/p>\n<p style=\"text-align: left;\"><strong><span style=\"color: #000000;\">Kann Spuren von Schalenfr\u00fcchten &amp; Getreide enthalten.<\/span><\/strong><\/p>\n<p style=\"text-align: left;\"><span style=\"color: #000000;\"><b>N\u00e4hrwert \/ je 100 g<br \/>\n<\/b><\/span><\/p>\n<p style=\"text-align: left;\"><span style=\"color: #000000;\">Brennwert : 3.693 kJ \/ 882 kcal<\/span><\/p>\n<p style=\"text-align: left;\"><span style=\"color: #000000;\">Eiwei\u00df, Kohlenhydrate, Zucker, Ballaststoffe, Natrium\u00a0: 0 g<\/span><\/p>\n<p style=\"text-align: left;\"><span style=\"color: #000000;\">Fett : 100 g, davon<\/span><\/p>\n<p style=\"text-align: left;\"><span style=\"color: #000000;\">ges\u00e4ttigte Fetts\u00e4uren : 13 g<\/span><\/p>\n<p style=\"text-align: left;\"><span style=\"color: #000000;\">einfach unges\u00e4ttigte Fetts\u00e4uren : 24 g<\/span><\/p>\n<p style=\"text-align: left;\"><span style=\"color: #000000;\">mehrfach unges\u00e4ttigte Fetts\u00e4uren : 63 g<\/span><\/p>\n<p style=\"text-align: left;\"><span style=\"color: #000000;\"><strong>Verpackung :<\/strong><\/span><\/p>\n<p style=\"text-align: left;\"><span style=\"color: #800000;\"><strong>JUVIN<\/strong><\/span> <span style=\"color: #000000;\">Kaffee\u00f6l wird in einer 100 ml fassenden Metallflasche (<em>Wei\u00dfblech<\/em>) verkauft. Der Ausgie\u00dfer ist aus Kunststoff. Vor Gebrauch muss die Versiegelung entfernt werden.<\/span><\/p>\n<p style=\"text-align: left;\"><span style=\"color: #000000;\"><strong>Anwendung :<\/strong><\/span><\/p>\n<p style=\"text-align: left;\"><span style=\"color: #000000;\">Unser<\/span> <span style=\"color: #800000;\"><strong>J<\/strong><strong>UV<\/strong><strong>IN<\/strong><\/span><span style=\"color: #000000;\"> Kaffee\u00f6ll ist bei Konditoren und in Patisserien sehr beliebt&#8230;es eignet sich somit gut zum backen.<br \/>\n<\/span><\/p>\n<p style=\"text-align: left;\"><span style=\"color: #000000;\"><strong>Bestellhinweis :<\/strong><\/span><\/p>\n<p style=\"text-align: left;\"><span style=\"color: #000000;\">Dieses Produkt findest Du<\/span> <strong><a href=\"http:\/\/juvin.de\/?product=1515\" target=\"_blank\" rel=\"noopener noreferrer\">HIER<\/a><\/strong><\/p>\n","protected":false},"excerpt":{"rendered":"<p>JUVIN\u00a0Kaffee\u00f6l ist sortenrein und frei von Zus\u00e4tzen. Herstellung : JUVIN Kaffee\u00f6l wird\u00a0aus den\u00a0naturbelassenen und unger\u00f6steten Kaffeebohnen\u00a0gepresst. Die Kaffeebohnen\u00a0werden\u00a0traditionell\u00a0gereinigt und kaltge\u00adpresst bei ca. 27\u00b0C. Die traditionelle Herstellung\u00a0erfolgt unter Beachtung \u00f6kologisch-nachhaltiger Aspekte. Produktinformationen : Herkunft : Nicht-EU \/ Zutaten :\u00a0Kaffebohnen (unbehandelt) Kann Spuren von Schalenfr\u00fcchten &amp; Getreide enthalten. N\u00e4hrwert \/ je 100 g Brennwert : 3.693 kJ&hellip; <\/p>\n","protected":false},"author":2,"featured_media":0,"parent":127,"menu_order":3,"comment_status":"closed","ping_status":"closed","template":"","meta":{"footnotes":""},"class_list":["post-726","page","type-page","status-publish","hentry"],"_links":{"self":[{"href":"https:\/\/juvin.de\/index.php?rest_route=\/wp\/v2\/pages\/726","targetHints":{"allow":["GET"]}}],"collection":[{"href":"https:\/\/juvin.de\/index.php?rest_route=\/wp\/v2\/pages"}],"about":[{"href":"https:\/\/juvin.de\/index.php?rest_route=\/wp\/v2\/types\/page"}],"author":[{"embeddable":true,"href":"https:\/\/juvin.de\/index.php?rest_route=\/wp\/v2\/users\/2"}],"replies":[{"embeddable":true,"href":"https:\/\/juvin.de\/index.php?rest_route=%2Fwp%2Fv2%2Fcomments&post=726"}],"version-history":[{"count":34,"href":"https:\/\/juvin.de\/index.php?rest_route=\/wp\/v2\/pages\/726\/revisions"}],"predecessor-version":[{"id":3052,"href":"https:\/\/juvin.de\/index.php?rest_route=\/wp\/v2\/pages\/726\/revisions\/3052"}],"up":[{"embeddable":true,"href":"https:\/\/juvin.de\/index.php?rest_route=\/wp\/v2\/pages\/127"}],"wp:attachment":[{"href":"https:\/\/juvin.de\/index.php?rest_route=%2Fwp%2Fv2%2Fmedia&parent=726"}],"curies":[{"name":"wp","href":"https:\/\/api.w.org\/{rel}","templated":true}]}}