{"id":94,"date":"2014-03-13T22:47:34","date_gmt":"2014-03-13T21:47:34","guid":{"rendered":"http:\/\/enia-oil.com\/?page_id=94"},"modified":"2025-04-07T16:50:34","modified_gmt":"2025-04-07T15:50:34","slug":"herkunft","status":"publish","type":"page","link":"https:\/\/juvin.de\/?page_id=94","title":{"rendered":"Herkunft"},"content":{"rendered":"<p style=\"text-align: center;\"><img loading=\"lazy\" decoding=\"async\" class=\"aligncenter wp-image-117 size-thumbnail\" src=\"http:\/\/juvin.de\/wp-content\/uploads\/2014\/03\/pgi-150x150.jpg\" width=\"150\" height=\"150\" srcset=\"https:\/\/juvin.de\/wp-content\/uploads\/2014\/03\/pgi-150x150.jpg 150w, https:\/\/juvin.de\/wp-content\/uploads\/2014\/03\/pgi-100x100.jpg 100w, https:\/\/juvin.de\/wp-content\/uploads\/2014\/03\/pgi-300x298.jpg 300w, https:\/\/juvin.de\/wp-content\/uploads\/2014\/03\/pgi.jpg 312w\" sizes=\"auto, (max-width: 150px) 100vw, 150px\" \/><\/p>\n<p style=\"text-align: center;\"><span style=\"color: #800000;\"><strong>JUVIN <\/strong><\/span><span style=\"color: #000000;\">Oliven\u00f6l stammt von der ionischen Insel Zakynthos (Griechenland).<br \/>\n<\/span><\/p>\n<p style=\"text-align: justify;\"><span style=\"color: #000000;\">Die Insel Zakynthos (<i>ital. Zante<\/i>) ist die drittgr\u00f6\u00dfte der Ionischen Inseln und liegt in der mediterranen Klimazone. Diesem \u201eKlima das \u00d6lbaums\u201c, mit einem \u00fcberdurchnittlich hohen Niederschlag, verdankt Zakynthos eine \u00fcppige Vegetation und es sorgt zugleich\u00a0 f\u00fcr ein nachhaltig-stabiles Wachstum der <em>Coronega <\/em>Olive.<\/span><\/p>\n<p style=\"text-align: left;\"><span style=\"color: #000000;\">W\u00e4hrend einer \u00fcber vierhundert Jahre andauernden Herrschaft \u00fcber Zakynthos, gaben ihr die Venezianer den Beinamen :<br \/>\n<\/span><\/p>\n<p style=\"text-align: justify;\"><img loading=\"lazy\" decoding=\"async\" class=\"aligncenter size-full wp-image-1775\" src=\"http:\/\/juvin.de\/wp-content\/uploads\/2014\/03\/Zante-Neu.jpg\" alt=\"\" width=\"73\" height=\"93\" \/><\/p>\n<p style=\"text-align: center;\"><span style=\"color: #000000;\">\u201e<strong><em>Fior di Levante<\/em><\/strong>\u201c (Blume des Ostens)<\/span><\/p>\n","protected":false},"excerpt":{"rendered":"<p>JUVIN Oliven\u00f6l stammt von der ionischen Insel Zakynthos (Griechenland). Die Insel Zakynthos (ital. Zante) ist die drittgr\u00f6\u00dfte der Ionischen Inseln und liegt in der mediterranen Klimazone. Diesem \u201eKlima das \u00d6lbaums\u201c, mit einem \u00fcberdurchnittlich hohen Niederschlag, verdankt Zakynthos eine \u00fcppige Vegetation und es sorgt zugleich\u00a0 f\u00fcr ein nachhaltig-stabiles Wachstum der Coronega Olive. W\u00e4hrend einer \u00fcber vierhundert&hellip; <\/p>\n","protected":false},"author":1,"featured_media":0,"parent":22,"menu_order":1,"comment_status":"closed","ping_status":"closed","template":"","meta":{"footnotes":""},"class_list":["post-94","page","type-page","status-publish","hentry"],"_links":{"self":[{"href":"https:\/\/juvin.de\/index.php?rest_route=\/wp\/v2\/pages\/94","targetHints":{"allow":["GET"]}}],"collection":[{"href":"https:\/\/juvin.de\/index.php?rest_route=\/wp\/v2\/pages"}],"about":[{"href":"https:\/\/juvin.de\/index.php?rest_route=\/wp\/v2\/types\/page"}],"author":[{"embeddable":true,"href":"https:\/\/juvin.de\/index.php?rest_route=\/wp\/v2\/users\/1"}],"replies":[{"embeddable":true,"href":"https:\/\/juvin.de\/index.php?rest_route=%2Fwp%2Fv2%2Fcomments&post=94"}],"version-history":[{"count":27,"href":"https:\/\/juvin.de\/index.php?rest_route=\/wp\/v2\/pages\/94\/revisions"}],"predecessor-version":[{"id":3124,"href":"https:\/\/juvin.de\/index.php?rest_route=\/wp\/v2\/pages\/94\/revisions\/3124"}],"up":[{"embeddable":true,"href":"https:\/\/juvin.de\/index.php?rest_route=\/wp\/v2\/pages\/22"}],"wp:attachment":[{"href":"https:\/\/juvin.de\/index.php?rest_route=%2Fwp%2Fv2%2Fmedia&parent=94"}],"curies":[{"name":"wp","href":"https:\/\/api.w.org\/{rel}","templated":true}]}}