{"id":1546,"date":"2016-10-26T12:40:14","date_gmt":"2016-10-26T11:40:14","guid":{"rendered":"http:\/\/juvin.de\/?post_type=product&#038;p=1546"},"modified":"2025-04-07T11:19:36","modified_gmt":"2025-04-07T10:19:36","slug":"35-alhagiol","status":"publish","type":"product","link":"https:\/\/juvin.de\/?product=35-alhagiol","title":{"rendered":"#35 100ml Alhagi\u00f6l"},"content":{"rendered":"","protected":false},"excerpt":{"rendered":"<p style=\"text-align: left;\"><span style=\"color: #000000;\"><span style=\"color: #800000;\"><strong>JUVIN<\/strong><\/span> Alhagi\u00f6l ist sortenrein und frei von Zus\u00e4tzen.<\/span><\/p>\n<p style=\"text-align: left;\"><span style=\"color: #000000;\"><strong>Produktinformationen :<\/strong><\/span><\/p>\n<p style=\"text-align: left;\"><span style=\"color: #000000;\">EAN : 0729378176000<\/span><\/p>\n<p style=\"text-align: left;\"><span style=\"color: #000000;\">Herkunft : Nicht-EU \/ Zutaten :\u00a0Alhagisamen (unbehandelt)<\/span><\/p>\n<p style=\"text-align: left;\"><span style=\"color: #000000;\"><strong>Kann Spuren von Schalenfr\u00fcchten &amp; Getreide enthalten.<\/strong><\/span><\/p>\n<p style=\"text-align: left;\"><span style=\"color: #000000;\"><b>N\u00e4hrwert \/ je 100 g<br \/>\n<\/b><\/span><\/p>\n<p style=\"text-align: left;\"><span style=\"color: #000000;\">Brennwert : 3.693 kJ \/ 882 kcal<\/span><\/p>\n<p style=\"text-align: left;\"><span style=\"color: #000000;\">Eiwei\u00df, Kohlenhydrate, Zucker, Ballaststoffe, Natrium\u00a0: 0 g<\/span><\/p>\n<p style=\"text-align: left;\"><span style=\"color: #000000;\">Fett : 100 g, davon<\/span><\/p>\n<p style=\"text-align: left;\"><span style=\"color: #000000;\">ges\u00e4ttigte Fetts\u00e4uren : 13 g<\/span><\/p>\n<p style=\"text-align: left;\"><span style=\"color: #000000;\">einfach unges\u00e4ttigte Fetts\u00e4uren : 24 g<\/span><\/p>\n<p style=\"text-align: left;\"><span style=\"color: #000000;\">mehrfach unges\u00e4ttigte Fetts\u00e4uren : 63 g<\/span><\/p>\n<p><span style=\"color: #000000;\">Weitere Informationen zum Produkt findest Du<\/span> <a href=\"http:\/\/juvin.de\/?page_id=1290\" target=\"_blank\" rel=\"noopener noreferrer\"><strong>HIER<\/strong><\/a><\/p>\n<p style=\"text-align: left;\"><span style=\"color: #000000;\"><strong>Verpackung :<\/strong><\/span><\/p>\n<p style=\"text-align: left;\"><span style=\"color: #000000;\"><span style=\"color: #800000;\"><strong>JUVIN<\/strong><\/span> Alhagi\u00f6l wird in einer 100 ml fassenden Metallflasche (Wei\u00dfblech) verkauft. Der Ausgie\u00dfer ist aus Kunststoff. Vor Gebrauch muss die Versiegelung entfernt werden.<\/span><\/p>\n","protected":false},"featured_media":3025,"template":"","meta":[],"product_brand":[],"product_cat":[28],"product_tag":[],"class_list":{"0":"post-1546","1":"product","2":"type-product","3":"status-publish","4":"has-post-thumbnail","6":"product_cat-juvin-oils","8":"first","9":"outofstock","10":"taxable","11":"shipping-taxable","12":"purchasable","13":"product-type-simple"},"_links":{"self":[{"href":"https:\/\/juvin.de\/index.php?rest_route=\/wp\/v2\/product\/1546","targetHints":{"allow":["GET"]}}],"collection":[{"href":"https:\/\/juvin.de\/index.php?rest_route=\/wp\/v2\/product"}],"about":[{"href":"https:\/\/juvin.de\/index.php?rest_route=\/wp\/v2\/types\/product"}],"wp:featuredmedia":[{"embeddable":true,"href":"https:\/\/juvin.de\/index.php?rest_route=\/wp\/v2\/media\/3025"}],"wp:attachment":[{"href":"https:\/\/juvin.de\/index.php?rest_route=%2Fwp%2Fv2%2Fmedia&parent=1546"}],"wp:term":[{"taxonomy":"product_brand","embeddable":true,"href":"https:\/\/juvin.de\/index.php?rest_route=%2Fwp%2Fv2%2Fproduct_brand&post=1546"},{"taxonomy":"product_cat","embeddable":true,"href":"https:\/\/juvin.de\/index.php?rest_route=%2Fwp%2Fv2%2Fproduct_cat&post=1546"},{"taxonomy":"product_tag","embeddable":true,"href":"https:\/\/juvin.de\/index.php?rest_route=%2Fwp%2Fv2%2Fproduct_tag&post=1546"}],"curies":[{"name":"wp","href":"https:\/\/api.w.org\/{rel}","templated":true}]}}