{"id":1595,"date":"2016-10-27T20:40:15","date_gmt":"2016-10-27T19:40:15","guid":{"rendered":"http:\/\/juvin.de\/?product=00k-enia-olivenoel-250ml-2"},"modified":"2025-07-13T09:36:35","modified_gmt":"2025-07-13T08:36:35","slug":"00k-enia-olivenoel-250ml-2","status":"publish","type":"product","link":"https:\/\/juvin.de\/?product=00k-enia-olivenoel-250ml-2","title":{"rendered":"#00 250ml JUVIN Oliven\u00f6l"},"content":{"rendered":"","protected":false},"excerpt":{"rendered":"<p><span style=\"color: #000000;\"><span style=\"color: #800000;\"><strong>JUVIN<\/strong><\/span>\u00a0Extra Natives Oliven\u00f6l ist ein 100% sortenreines Premiumprodukt. Es wird aus der Coronega Olive gewonnen. Der Geschmack ist unverwechselbar aromatisch.<\/span><\/p>\n<p><span style=\"color: #000000;\"><strong>Produktinformationen :<\/strong><\/span><\/p>\n<p><span style=\"color: #000000;\">Herkunft : Griechenland<\/span><\/p>\n<p><span style=\"color: #000000;\"><b>N\u00e4hrwert \/ je 100 ml<br \/>\n<\/b><\/span><\/p>\n<p><span style=\"color: #000000;\">Brennwert : 3.389 kJ \/ 824 kcal<\/span><\/p>\n<p><span style=\"color: #000000;\">Eiwei\u00df, Kohlenhydrate, Zucker, Ballaststoffe, Natrium\u00a0: 0 g<\/span><\/p>\n<p><span style=\"color: #000000;\">Fett : 91,6 g, davon<\/span><\/p>\n<p><span style=\"color: #000000;\">ges\u00e4ttigte Fetts\u00e4uren : 14 g<\/span><\/p>\n<p><span style=\"color: #000000;\">einfach unges\u00e4ttigte Fetts\u00e4uren : 77 g<\/span><\/p>\n<p><span style=\"color: #000000;\">mehrfach unges\u00e4ttigte Fetts\u00e4uren : 9 g<\/span><\/p>\n<p><span style=\"color: #000000;\">Weitere Informationen zum Produkt findest Du <a style=\"color: #000000;\" href=\"http:\/\/juvin.de\/?page_id=22\" target=\"_blank\" rel=\"noopener noreferrer\"><strong>HIER<\/strong><\/a><\/span><\/p>\n<p><span style=\"color: #000000;\"><strong>Verpackung :<\/strong><\/span><\/p>\n<p><span style=\"color: #000000;\"><span style=\"color: #800000;\"><strong>JUVIN<\/strong><\/span>\u00a0Oliven\u00f6l wird in einer 250 ml fassenden Metallflasche (Wei\u00dfblech) verkauft. Der Ausgie\u00dfer ist aus Kunststoff. Vor Gebrauch muss die Versiegelung entfernt werden.<\/span><\/p>\n","protected":false},"featured_media":3168,"template":"","meta":[],"product_brand":[],"product_cat":[28],"product_tag":[],"class_list":{"0":"post-1595","1":"product","2":"type-product","3":"status-publish","4":"has-post-thumbnail","6":"product_cat-juvin-oils","8":"first","9":"instock","10":"taxable","11":"shipping-taxable","12":"purchasable","13":"product-type-simple"},"_links":{"self":[{"href":"https:\/\/juvin.de\/index.php?rest_route=\/wp\/v2\/product\/1595","targetHints":{"allow":["GET"]}}],"collection":[{"href":"https:\/\/juvin.de\/index.php?rest_route=\/wp\/v2\/product"}],"about":[{"href":"https:\/\/juvin.de\/index.php?rest_route=\/wp\/v2\/types\/product"}],"wp:featuredmedia":[{"embeddable":true,"href":"https:\/\/juvin.de\/index.php?rest_route=\/wp\/v2\/media\/3168"}],"wp:attachment":[{"href":"https:\/\/juvin.de\/index.php?rest_route=%2Fwp%2Fv2%2Fmedia&parent=1595"}],"wp:term":[{"taxonomy":"product_brand","embeddable":true,"href":"https:\/\/juvin.de\/index.php?rest_route=%2Fwp%2Fv2%2Fproduct_brand&post=1595"},{"taxonomy":"product_cat","embeddable":true,"href":"https:\/\/juvin.de\/index.php?rest_route=%2Fwp%2Fv2%2Fproduct_cat&post=1595"},{"taxonomy":"product_tag","embeddable":true,"href":"https:\/\/juvin.de\/index.php?rest_route=%2Fwp%2Fv2%2Fproduct_tag&post=1595"}],"curies":[{"name":"wp","href":"https:\/\/api.w.org\/{rel}","templated":true}]}}